{"id":6877,"date":"2025-12-17T12:55:25","date_gmt":"2025-12-17T11:55:25","guid":{"rendered":"https:\/\/charluu.cz\/?post_type=product&#038;p=6877"},"modified":"2026-04-09T12:29:20","modified_gmt":"2026-04-09T11:29:20","slug":"glitter-samolepka-in-dogs-we-trust","status":"publish","type":"product","link":"https:\/\/charluu.cz\/en\/product\/glitter-samolepka-in-dogs-we-trust\/","title":{"rendered":"GLITTER samolepka \/ in dogs we trust"},"content":{"rendered":"<p data-start=\"54\" data-end=\"107\"><strong data-start=\"54\" data-end=\"107\">Kusov\u00e1 GLITTER samolepka s tvarov\u00fdm o\u0159ezem &#8218;In dogs we trust&#8216;<\/strong><\/p>\n<p data-start=\"109\" data-end=\"264\">Samolepka s tvarov\u00fdm o\u0159ezem a autorskou ilustrac\u00ed pejska s n\u00e1pisem &#8222;In dogs we trust&#8220;. Ilustrace je podti\u0161t\u011bna b\u00edlou barvou.<br data-start=\"183\" data-end=\"186\" \/>Vyroben\u00e1 z <strong data-start=\"197\" data-end=\"212\">t\u0159pytiv\u00e9ho &#8222;GLITTER&#8220; PVC<\/strong>, kter\u00e9 je odoln\u00e9 a dob\u0159e dr\u017e\u00ed na hladk\u00fdch povr\u0161\u00edch.<\/p>\n<p data-start=\"266\" data-end=\"292\"><strong data-start=\"266\" data-end=\"279\">Velikost:<\/strong> cca 7,5 \u00d7 7,5 cm<\/p>\n<p data-start=\"294\" data-end=\"354\" data-is-last-node=\"\" data-is-only-node=\"\">Vhodn\u00e1 na jak\u00fdkoli hladk\u00fd povrch, kter\u00fd si chcete ozdobit \ud83d\ude42<\/p>","protected":false},"excerpt":{"rendered":"<p>Kusov\u00e1 GLITTER samolepka s tvarov\u00fdm o\u0159ezem a autorskou ilustrac\u00ed pit\u00ed\u010dka GODZILLA POWER. Vyroben\u00e1 z matn\u00e9ho PVC, kter\u00e9 je odoln\u00e9 a dob\u0159e dr\u017e\u00ed na hladk\u00fdch povr\u0161\u00edch.<\/p>","protected":false},"featured_media":6872,"template":"","meta":[],"product_brand":[],"product_cat":[15,42],"product_tag":[],"class_list":{"0":"post-6877","1":"product","2":"type-product","3":"status-publish","4":"has-post-thumbnail","6":"product_cat-eshop","7":"product_cat-ostatni","9":"first","10":"instock","11":"shipping-taxable","12":"purchasable","13":"product-type-simple"},"yoast_head":"<!-- This site is optimized with the Yoast SEO plugin v27.0 - https:\/\/yoast.com\/product\/yoast-seo-wordpress\/ -->\n<title>GLITTER samolepka \/ in dogs we trust - CHARLUU - handpainted stoneware dog bowl<\/title>\n<meta name=\"description\" content=\"Kusov\u00e1 GLITTER samolepka Charluu s ilustrac\u00ed pit\u00ed\u010dka GODZILLA POWER. Vyroben\u00e1 z matn\u00e9ho PVC, kter\u00e9 je odoln\u00e9 a dob\u0159e dr\u017e\u00ed na hladk\u00fdch povr\u0161\u00edch.\" \/>\n<meta name=\"robots\" content=\"index, follow, max-snippet:-1, max-image-preview:large, max-video-preview:-1\" \/>\n<link rel=\"canonical\" href=\"https:\/\/charluu.cz\/en\/product\/glitter-samolepka-in-dogs-we-trust\/\" \/>\n<meta property=\"og:locale\" content=\"en_US\" \/>\n<meta property=\"og:type\" content=\"article\" \/>\n<meta property=\"og:title\" content=\"GLITTER samolepka \/ in dogs we trust - CHARLUU - handpainted stoneware dog bowl\" \/>\n<meta property=\"og:description\" content=\"Kusov\u00e1 GLITTER samolepka Charluu s ilustrac\u00ed pit\u00ed\u010dka GODZILLA POWER. Vyroben\u00e1 z matn\u00e9ho PVC, kter\u00e9 je odoln\u00e9 a dob\u0159e dr\u017e\u00ed na hladk\u00fdch povr\u0161\u00edch.\" \/>\n<meta property=\"og:url\" content=\"https:\/\/charluu.cz\/en\/product\/glitter-samolepka-in-dogs-we-trust\/\" \/>\n<meta property=\"og:site_name\" content=\"CHARLUU - handpainted stoneware dog bowl\" \/>\n<meta property=\"article:modified_time\" content=\"2026-04-09T11:29:20+00:00\" \/>\n<meta property=\"og:image\" content=\"https:\/\/charluu.cz\/wp-content\/uploads\/2025\/12\/glitterpejsek1.jpg\" \/>\n\t<meta property=\"og:image:width\" content=\"1080\" \/>\n\t<meta property=\"og:image:height\" content=\"1360\" \/>\n\t<meta property=\"og:image:type\" content=\"image\/jpeg\" \/>\n<meta name=\"twitter:card\" content=\"summary_large_image\" \/>\n<meta name=\"twitter:label1\" content=\"Est. reading time\" \/>\n\t<meta name=\"twitter:data1\" content=\"1 minute\" \/>\n<script type=\"application\/ld+json\" class=\"yoast-schema-graph\">{\"@context\":\"https:\/\/schema.org\",\"@graph\":[{\"@type\":\"WebPage\",\"@id\":\"https:\/\/charluu.cz\/produkt\/glitter-samolepka-in-dogs-we-trust\/\",\"url\":\"https:\/\/charluu.cz\/produkt\/glitter-samolepka-in-dogs-we-trust\/\",\"name\":\"GLITTER samolepka \/ in dogs we trust - CHARLUU - handpainted stoneware dog bowl\",\"isPartOf\":{\"@id\":\"https:\/\/charluu.cz\/#website\"},\"primaryImageOfPage\":{\"@id\":\"https:\/\/charluu.cz\/produkt\/glitter-samolepka-in-dogs-we-trust\/#primaryimage\"},\"image\":{\"@id\":\"https:\/\/charluu.cz\/produkt\/glitter-samolepka-in-dogs-we-trust\/#primaryimage\"},\"thumbnailUrl\":\"https:\/\/charluu.cz\/wp-content\/uploads\/2025\/12\/glitterpejsek1.jpg\",\"datePublished\":\"2025-12-17T11:55:25+00:00\",\"dateModified\":\"2026-04-09T11:29:20+00:00\",\"description\":\"Kusov\u00e1 GLITTER samolepka Charluu s ilustrac\u00ed pit\u00ed\u010dka GODZILLA POWER. Vyroben\u00e1 z matn\u00e9ho PVC, kter\u00e9 je odoln\u00e9 a dob\u0159e dr\u017e\u00ed na hladk\u00fdch povr\u0161\u00edch.\",\"breadcrumb\":{\"@id\":\"https:\/\/charluu.cz\/produkt\/glitter-samolepka-in-dogs-we-trust\/#breadcrumb\"},\"inLanguage\":\"en-US\",\"potentialAction\":[{\"@type\":\"ReadAction\",\"target\":[\"https:\/\/charluu.cz\/produkt\/glitter-samolepka-in-dogs-we-trust\/\"]}]},{\"@type\":\"ImageObject\",\"inLanguage\":\"en-US\",\"@id\":\"https:\/\/charluu.cz\/produkt\/glitter-samolepka-in-dogs-we-trust\/#primaryimage\",\"url\":\"https:\/\/charluu.cz\/wp-content\/uploads\/2025\/12\/glitterpejsek1.jpg\",\"contentUrl\":\"https:\/\/charluu.cz\/wp-content\/uploads\/2025\/12\/glitterpejsek1.jpg\",\"width\":1080,\"height\":1360},{\"@type\":\"BreadcrumbList\",\"@id\":\"https:\/\/charluu.cz\/produkt\/glitter-samolepka-in-dogs-we-trust\/#breadcrumb\",\"itemListElement\":[{\"@type\":\"ListItem\",\"position\":1,\"name\":\"Home\",\"item\":\"https:\/\/charluu.cz\/\"},{\"@type\":\"ListItem\",\"position\":2,\"name\":\"shop\",\"item\":\"https:\/\/charluu.cz\/produkty\/\"},{\"@type\":\"ListItem\",\"position\":3,\"name\":\"GLITTER samolepka \/ in dogs we trust\"}]},{\"@type\":\"WebSite\",\"@id\":\"https:\/\/charluu.cz\/#website\",\"url\":\"https:\/\/charluu.cz\/\",\"name\":\"CHARLUU - handpainted stoneware dog bowl\",\"description\":\"Vstupte do sv\u011bta ru\u010dn\u011b malovan\u00fdch kameninov\u00fdch misek pro psy\",\"publisher\":{\"@id\":\"https:\/\/charluu.cz\/#organization\"},\"potentialAction\":[{\"@type\":\"SearchAction\",\"target\":{\"@type\":\"EntryPoint\",\"urlTemplate\":\"https:\/\/charluu.cz\/?s={search_term_string}\"},\"query-input\":{\"@type\":\"PropertyValueSpecification\",\"valueRequired\":true,\"valueName\":\"search_term_string\"}}],\"inLanguage\":\"en-US\"},{\"@type\":\"Organization\",\"@id\":\"https:\/\/charluu.cz\/#organization\",\"name\":\"CHARLUU - handpainted stoneware dog bowl\",\"url\":\"https:\/\/charluu.cz\/\",\"logo\":{\"@type\":\"ImageObject\",\"inLanguage\":\"en-US\",\"@id\":\"https:\/\/charluu.cz\/#\/schema\/logo\/image\/\",\"url\":\"https:\/\/charluu.cz\/wp-content\/uploads\/2022\/09\/logo-hlavicka.svg\",\"contentUrl\":\"https:\/\/charluu.cz\/wp-content\/uploads\/2022\/09\/logo-hlavicka.svg\",\"width\":149,\"height\":116,\"caption\":\"CHARLUU - handpainted stoneware dog bowl\"},\"image\":{\"@id\":\"https:\/\/charluu.cz\/#\/schema\/logo\/image\/\"}}]}<\/script>\n<!-- \/ Yoast SEO plugin. -->","yoast_head_json":{"title":"GLITTER samolepka \/ in dogs we trust - CHARLUU - handpainted stoneware dog bowl","description":"Kusov\u00e1 GLITTER samolepka Charluu s ilustrac\u00ed pit\u00ed\u010dka GODZILLA POWER. Vyroben\u00e1 z matn\u00e9ho PVC, kter\u00e9 je odoln\u00e9 a dob\u0159e dr\u017e\u00ed na hladk\u00fdch povr\u0161\u00edch.","robots":{"index":"index","follow":"follow","max-snippet":"max-snippet:-1","max-image-preview":"max-image-preview:large","max-video-preview":"max-video-preview:-1"},"canonical":"https:\/\/charluu.cz\/en\/product\/glitter-samolepka-in-dogs-we-trust\/","og_locale":"en_US","og_type":"article","og_title":"GLITTER samolepka \/ in dogs we trust - CHARLUU - handpainted stoneware dog bowl","og_description":"Kusov\u00e1 GLITTER samolepka Charluu s ilustrac\u00ed pit\u00ed\u010dka GODZILLA POWER. Vyroben\u00e1 z matn\u00e9ho PVC, kter\u00e9 je odoln\u00e9 a dob\u0159e dr\u017e\u00ed na hladk\u00fdch povr\u0161\u00edch.","og_url":"https:\/\/charluu.cz\/en\/product\/glitter-samolepka-in-dogs-we-trust\/","og_site_name":"CHARLUU - handpainted stoneware dog bowl","article_modified_time":"2026-04-09T11:29:20+00:00","og_image":[{"width":1080,"height":1360,"url":"https:\/\/charluu.cz\/wp-content\/uploads\/2025\/12\/glitterpejsek1.jpg","type":"image\/jpeg"}],"twitter_card":"summary_large_image","twitter_misc":{"Est. reading time":"1 minute"},"schema":{"@context":"https:\/\/schema.org","@graph":[{"@type":"WebPage","@id":"https:\/\/charluu.cz\/produkt\/glitter-samolepka-in-dogs-we-trust\/","url":"https:\/\/charluu.cz\/produkt\/glitter-samolepka-in-dogs-we-trust\/","name":"GLITTER samolepka \/ in dogs we trust - CHARLUU - handpainted stoneware dog bowl","isPartOf":{"@id":"https:\/\/charluu.cz\/#website"},"primaryImageOfPage":{"@id":"https:\/\/charluu.cz\/produkt\/glitter-samolepka-in-dogs-we-trust\/#primaryimage"},"image":{"@id":"https:\/\/charluu.cz\/produkt\/glitter-samolepka-in-dogs-we-trust\/#primaryimage"},"thumbnailUrl":"https:\/\/charluu.cz\/wp-content\/uploads\/2025\/12\/glitterpejsek1.jpg","datePublished":"2025-12-17T11:55:25+00:00","dateModified":"2026-04-09T11:29:20+00:00","description":"Kusov\u00e1 GLITTER samolepka Charluu s ilustrac\u00ed pit\u00ed\u010dka GODZILLA POWER. Vyroben\u00e1 z matn\u00e9ho PVC, kter\u00e9 je odoln\u00e9 a dob\u0159e dr\u017e\u00ed na hladk\u00fdch povr\u0161\u00edch.","breadcrumb":{"@id":"https:\/\/charluu.cz\/produkt\/glitter-samolepka-in-dogs-we-trust\/#breadcrumb"},"inLanguage":"en-US","potentialAction":[{"@type":"ReadAction","target":["https:\/\/charluu.cz\/produkt\/glitter-samolepka-in-dogs-we-trust\/"]}]},{"@type":"ImageObject","inLanguage":"en-US","@id":"https:\/\/charluu.cz\/produkt\/glitter-samolepka-in-dogs-we-trust\/#primaryimage","url":"https:\/\/charluu.cz\/wp-content\/uploads\/2025\/12\/glitterpejsek1.jpg","contentUrl":"https:\/\/charluu.cz\/wp-content\/uploads\/2025\/12\/glitterpejsek1.jpg","width":1080,"height":1360},{"@type":"BreadcrumbList","@id":"https:\/\/charluu.cz\/produkt\/glitter-samolepka-in-dogs-we-trust\/#breadcrumb","itemListElement":[{"@type":"ListItem","position":1,"name":"Home","item":"https:\/\/charluu.cz\/"},{"@type":"ListItem","position":2,"name":"shop","item":"https:\/\/charluu.cz\/produkty\/"},{"@type":"ListItem","position":3,"name":"GLITTER samolepka \/ in dogs we trust"}]},{"@type":"WebSite","@id":"https:\/\/charluu.cz\/#website","url":"https:\/\/charluu.cz\/","name":"CHARLUU - handpainted stoneware dog bowl","description":"Vstupte do sv\u011bta ru\u010dn\u011b malovan\u00fdch kameninov\u00fdch misek pro psy","publisher":{"@id":"https:\/\/charluu.cz\/#organization"},"potentialAction":[{"@type":"SearchAction","target":{"@type":"EntryPoint","urlTemplate":"https:\/\/charluu.cz\/?s={search_term_string}"},"query-input":{"@type":"PropertyValueSpecification","valueRequired":true,"valueName":"search_term_string"}}],"inLanguage":"en-US"},{"@type":"Organization","@id":"https:\/\/charluu.cz\/#organization","name":"CHARLUU - handpainted stoneware dog bowl","url":"https:\/\/charluu.cz\/","logo":{"@type":"ImageObject","inLanguage":"en-US","@id":"https:\/\/charluu.cz\/#\/schema\/logo\/image\/","url":"https:\/\/charluu.cz\/wp-content\/uploads\/2022\/09\/logo-hlavicka.svg","contentUrl":"https:\/\/charluu.cz\/wp-content\/uploads\/2022\/09\/logo-hlavicka.svg","width":149,"height":116,"caption":"CHARLUU - handpainted stoneware dog bowl"},"image":{"@id":"https:\/\/charluu.cz\/#\/schema\/logo\/image\/"}}]}},"_links":{"self":[{"href":"https:\/\/charluu.cz\/en\/wp-json\/wp\/v2\/product\/6877","targetHints":{"allow":["GET"]}}],"collection":[{"href":"https:\/\/charluu.cz\/en\/wp-json\/wp\/v2\/product"}],"about":[{"href":"https:\/\/charluu.cz\/en\/wp-json\/wp\/v2\/types\/product"}],"version-history":[{"count":1,"href":"https:\/\/charluu.cz\/en\/wp-json\/wp\/v2\/product\/6877\/revisions"}],"predecessor-version":[{"id":6878,"href":"https:\/\/charluu.cz\/en\/wp-json\/wp\/v2\/product\/6877\/revisions\/6878"}],"wp:featuredmedia":[{"embeddable":true,"href":"https:\/\/charluu.cz\/en\/wp-json\/wp\/v2\/media\/6872"}],"wp:attachment":[{"href":"https:\/\/charluu.cz\/en\/wp-json\/wp\/v2\/media?parent=6877"}],"wp:term":[{"taxonomy":"product_brand","embeddable":true,"href":"https:\/\/charluu.cz\/en\/wp-json\/wp\/v2\/product_brand?post=6877"},{"taxonomy":"product_cat","embeddable":true,"href":"https:\/\/charluu.cz\/en\/wp-json\/wp\/v2\/product_cat?post=6877"},{"taxonomy":"product_tag","embeddable":true,"href":"https:\/\/charluu.cz\/en\/wp-json\/wp\/v2\/product_tag?post=6877"}],"curies":[{"name":"wp","href":"https:\/\/api.w.org\/{rel}","templated":true}]}}