{"id":6791,"date":"2025-11-12T19:23:38","date_gmt":"2025-11-12T18:23:38","guid":{"rendered":"https:\/\/charluu.cz\/?post_type=product&#038;p=6791"},"modified":"2026-02-19T19:41:31","modified_gmt":"2026-02-19T18:41:31","slug":"plakatpejsci","status":"publish","type":"product","link":"https:\/\/charluu.cz\/en\/product\/plakatpejsci\/","title":{"rendered":"Plak\u00e1t A3 \/ b\u011b\u017e\u00edc\u00ed pejsci"},"content":{"rendered":"<p>Plak\u00e1t A3 s autorskou ilustrac\u00ed b\u011b\u017e\u00edc\u00edch pejsk\u016f se side-eye pohledem na hn\u011bd\u00e9m pozad\u00ed.<\/p>\n<p data-start=\"96\" data-end=\"312\">Ti\u0161t\u011bno na kvalitn\u00ed matn\u00fd pap\u00edr s gram\u00e1\u017e\u00ed <strong data-start=\"260\" data-end=\"269\">170 g<\/strong>.<\/p>\n<p data-start=\"314\" data-end=\"397\" data-is-last-node=\"\" data-is-only-node=\"\">Form\u00e1t <strong data-start=\"321\" data-end=\"342\">A3 (297 \u00d7 420 mm)<\/strong> \u2013 ide\u00e1ln\u00ed na ze\u010f, do r\u00e1mu nebo jen tak voln\u011b p\u0159ipnut\u00fd.<\/p>\n<p>&nbsp;<\/p>","protected":false},"excerpt":{"rendered":"<p>Plak\u00e1t A3 s autorskou ilustrac\u00ed b\u011b\u017e\u00edc\u00edch pejsk\u016f se side-eye pohledem na hn\u011bd\u00e9m pozad\u00ed. Ti\u0161t\u011bno na kvalitn\u00ed matn\u00fd pap\u00edr s gram\u00e1\u017e\u00ed 170 g. Form\u00e1t A3 (297 \u00d7 420 mm) \u2013 ide\u00e1ln\u00ed na ze\u010f, do r\u00e1mu nebo jen tak voln\u011b p\u0159ipnut\u00fd. &nbsp;<\/p>","protected":false},"featured_media":6797,"template":"","meta":[],"product_brand":[],"product_cat":[15,42],"product_tag":[],"class_list":{"0":"post-6791","1":"product","2":"type-product","3":"status-publish","4":"has-post-thumbnail","6":"product_cat-eshop","7":"product_cat-ostatni","9":"first","10":"instock","11":"shipping-taxable","12":"purchasable","13":"product-type-simple"},"yoast_head":"<!-- This site is optimized with the Yoast SEO plugin v27.0 - https:\/\/yoast.com\/product\/yoast-seo-wordpress\/ -->\n<title>Plak\u00e1t A3 \/ b\u011b\u017e\u00edc\u00ed pejsci - CHARLUU - handpainted stoneware dog bowl<\/title>\n<meta name=\"description\" content=\"Plak\u00e1t A3 s ilustrac\u00ed b\u011b\u017e\u00edc\u00edch pejsk\u016f se side-eye pohledem na hn\u011bd\u00e9m pozad\u00ed. Gram\u00e1\u017e pap\u00edru: 170g, mat\" \/>\n<meta name=\"robots\" content=\"index, follow, max-snippet:-1, max-image-preview:large, max-video-preview:-1\" \/>\n<link rel=\"canonical\" href=\"https:\/\/charluu.cz\/en\/product\/plakatpejsci\/\" \/>\n<meta property=\"og:locale\" content=\"en_US\" \/>\n<meta property=\"og:type\" content=\"article\" \/>\n<meta property=\"og:title\" content=\"Plak\u00e1t A3 \/ b\u011b\u017e\u00edc\u00ed pejsci - CHARLUU - handpainted stoneware dog bowl\" \/>\n<meta property=\"og:description\" content=\"Plak\u00e1t A3 s ilustrac\u00ed b\u011b\u017e\u00edc\u00edch pejsk\u016f se side-eye pohledem na hn\u011bd\u00e9m pozad\u00ed. Gram\u00e1\u017e pap\u00edru: 170g, mat\" \/>\n<meta property=\"og:url\" content=\"https:\/\/charluu.cz\/en\/product\/plakatpejsci\/\" \/>\n<meta property=\"og:site_name\" content=\"CHARLUU - handpainted stoneware dog bowl\" \/>\n<meta property=\"article:modified_time\" content=\"2026-02-19T18:41:31+00:00\" \/>\n<meta property=\"og:image\" content=\"https:\/\/charluu.cz\/wp-content\/uploads\/2025\/11\/dogumentary_plakat_pejsci.jpg\" \/>\n\t<meta property=\"og:image:width\" content=\"1080\" \/>\n\t<meta property=\"og:image:height\" content=\"1350\" \/>\n\t<meta property=\"og:image:type\" content=\"image\/jpeg\" \/>\n<meta name=\"twitter:card\" content=\"summary_large_image\" \/>\n<meta name=\"twitter:label1\" content=\"Est. reading time\" \/>\n\t<meta name=\"twitter:data1\" content=\"1 minute\" \/>\n<script type=\"application\/ld+json\" class=\"yoast-schema-graph\">{\"@context\":\"https:\/\/schema.org\",\"@graph\":[{\"@type\":\"WebPage\",\"@id\":\"https:\/\/charluu.cz\/produkt\/plakatpejsci\/\",\"url\":\"https:\/\/charluu.cz\/produkt\/plakatpejsci\/\",\"name\":\"Plak\u00e1t A3 \/ b\u011b\u017e\u00edc\u00ed pejsci - CHARLUU - handpainted stoneware dog bowl\",\"isPartOf\":{\"@id\":\"https:\/\/charluu.cz\/#website\"},\"primaryImageOfPage\":{\"@id\":\"https:\/\/charluu.cz\/produkt\/plakatpejsci\/#primaryimage\"},\"image\":{\"@id\":\"https:\/\/charluu.cz\/produkt\/plakatpejsci\/#primaryimage\"},\"thumbnailUrl\":\"https:\/\/charluu.cz\/wp-content\/uploads\/2025\/11\/dogumentary_plakat_pejsci.jpg\",\"datePublished\":\"2025-11-12T18:23:38+00:00\",\"dateModified\":\"2026-02-19T18:41:31+00:00\",\"description\":\"Plak\u00e1t A3 s ilustrac\u00ed b\u011b\u017e\u00edc\u00edch pejsk\u016f se side-eye pohledem na hn\u011bd\u00e9m pozad\u00ed. Gram\u00e1\u017e pap\u00edru: 170g, mat\",\"breadcrumb\":{\"@id\":\"https:\/\/charluu.cz\/produkt\/plakatpejsci\/#breadcrumb\"},\"inLanguage\":\"en-US\",\"potentialAction\":[{\"@type\":\"ReadAction\",\"target\":[\"https:\/\/charluu.cz\/produkt\/plakatpejsci\/\"]}]},{\"@type\":\"ImageObject\",\"inLanguage\":\"en-US\",\"@id\":\"https:\/\/charluu.cz\/produkt\/plakatpejsci\/#primaryimage\",\"url\":\"https:\/\/charluu.cz\/wp-content\/uploads\/2025\/11\/dogumentary_plakat_pejsci.jpg\",\"contentUrl\":\"https:\/\/charluu.cz\/wp-content\/uploads\/2025\/11\/dogumentary_plakat_pejsci.jpg\",\"width\":1080,\"height\":1350},{\"@type\":\"BreadcrumbList\",\"@id\":\"https:\/\/charluu.cz\/produkt\/plakatpejsci\/#breadcrumb\",\"itemListElement\":[{\"@type\":\"ListItem\",\"position\":1,\"name\":\"Home\",\"item\":\"https:\/\/charluu.cz\/\"},{\"@type\":\"ListItem\",\"position\":2,\"name\":\"shop\",\"item\":\"https:\/\/charluu.cz\/produkty\/\"},{\"@type\":\"ListItem\",\"position\":3,\"name\":\"Plak\u00e1t A3 \/ b\u011b\u017e\u00edc\u00ed pejsci\"}]},{\"@type\":\"WebSite\",\"@id\":\"https:\/\/charluu.cz\/#website\",\"url\":\"https:\/\/charluu.cz\/\",\"name\":\"CHARLUU - handpainted stoneware dog bowl\",\"description\":\"Vstupte do sv\u011bta ru\u010dn\u011b malovan\u00fdch kameninov\u00fdch misek pro psy\",\"publisher\":{\"@id\":\"https:\/\/charluu.cz\/#organization\"},\"potentialAction\":[{\"@type\":\"SearchAction\",\"target\":{\"@type\":\"EntryPoint\",\"urlTemplate\":\"https:\/\/charluu.cz\/?s={search_term_string}\"},\"query-input\":{\"@type\":\"PropertyValueSpecification\",\"valueRequired\":true,\"valueName\":\"search_term_string\"}}],\"inLanguage\":\"en-US\"},{\"@type\":\"Organization\",\"@id\":\"https:\/\/charluu.cz\/#organization\",\"name\":\"CHARLUU - handpainted stoneware dog bowl\",\"url\":\"https:\/\/charluu.cz\/\",\"logo\":{\"@type\":\"ImageObject\",\"inLanguage\":\"en-US\",\"@id\":\"https:\/\/charluu.cz\/#\/schema\/logo\/image\/\",\"url\":\"https:\/\/charluu.cz\/wp-content\/uploads\/2022\/09\/logo-hlavicka.svg\",\"contentUrl\":\"https:\/\/charluu.cz\/wp-content\/uploads\/2022\/09\/logo-hlavicka.svg\",\"width\":149,\"height\":116,\"caption\":\"CHARLUU - handpainted stoneware dog bowl\"},\"image\":{\"@id\":\"https:\/\/charluu.cz\/#\/schema\/logo\/image\/\"}}]}<\/script>\n<!-- \/ Yoast SEO plugin. -->","yoast_head_json":{"title":"Plak\u00e1t A3 \/ b\u011b\u017e\u00edc\u00ed pejsci - CHARLUU - handpainted stoneware dog bowl","description":"Plak\u00e1t A3 s ilustrac\u00ed b\u011b\u017e\u00edc\u00edch pejsk\u016f se side-eye pohledem na hn\u011bd\u00e9m pozad\u00ed. Gram\u00e1\u017e pap\u00edru: 170g, mat","robots":{"index":"index","follow":"follow","max-snippet":"max-snippet:-1","max-image-preview":"max-image-preview:large","max-video-preview":"max-video-preview:-1"},"canonical":"https:\/\/charluu.cz\/en\/product\/plakatpejsci\/","og_locale":"en_US","og_type":"article","og_title":"Plak\u00e1t A3 \/ b\u011b\u017e\u00edc\u00ed pejsci - CHARLUU - handpainted stoneware dog bowl","og_description":"Plak\u00e1t A3 s ilustrac\u00ed b\u011b\u017e\u00edc\u00edch pejsk\u016f se side-eye pohledem na hn\u011bd\u00e9m pozad\u00ed. Gram\u00e1\u017e pap\u00edru: 170g, mat","og_url":"https:\/\/charluu.cz\/en\/product\/plakatpejsci\/","og_site_name":"CHARLUU - handpainted stoneware dog bowl","article_modified_time":"2026-02-19T18:41:31+00:00","og_image":[{"width":1080,"height":1350,"url":"https:\/\/charluu.cz\/wp-content\/uploads\/2025\/11\/dogumentary_plakat_pejsci.jpg","type":"image\/jpeg"}],"twitter_card":"summary_large_image","twitter_misc":{"Est. reading time":"1 minute"},"schema":{"@context":"https:\/\/schema.org","@graph":[{"@type":"WebPage","@id":"https:\/\/charluu.cz\/produkt\/plakatpejsci\/","url":"https:\/\/charluu.cz\/produkt\/plakatpejsci\/","name":"Plak\u00e1t A3 \/ b\u011b\u017e\u00edc\u00ed pejsci - CHARLUU - handpainted stoneware dog bowl","isPartOf":{"@id":"https:\/\/charluu.cz\/#website"},"primaryImageOfPage":{"@id":"https:\/\/charluu.cz\/produkt\/plakatpejsci\/#primaryimage"},"image":{"@id":"https:\/\/charluu.cz\/produkt\/plakatpejsci\/#primaryimage"},"thumbnailUrl":"https:\/\/charluu.cz\/wp-content\/uploads\/2025\/11\/dogumentary_plakat_pejsci.jpg","datePublished":"2025-11-12T18:23:38+00:00","dateModified":"2026-02-19T18:41:31+00:00","description":"Plak\u00e1t A3 s ilustrac\u00ed b\u011b\u017e\u00edc\u00edch pejsk\u016f se side-eye pohledem na hn\u011bd\u00e9m pozad\u00ed. Gram\u00e1\u017e pap\u00edru: 170g, mat","breadcrumb":{"@id":"https:\/\/charluu.cz\/produkt\/plakatpejsci\/#breadcrumb"},"inLanguage":"en-US","potentialAction":[{"@type":"ReadAction","target":["https:\/\/charluu.cz\/produkt\/plakatpejsci\/"]}]},{"@type":"ImageObject","inLanguage":"en-US","@id":"https:\/\/charluu.cz\/produkt\/plakatpejsci\/#primaryimage","url":"https:\/\/charluu.cz\/wp-content\/uploads\/2025\/11\/dogumentary_plakat_pejsci.jpg","contentUrl":"https:\/\/charluu.cz\/wp-content\/uploads\/2025\/11\/dogumentary_plakat_pejsci.jpg","width":1080,"height":1350},{"@type":"BreadcrumbList","@id":"https:\/\/charluu.cz\/produkt\/plakatpejsci\/#breadcrumb","itemListElement":[{"@type":"ListItem","position":1,"name":"Home","item":"https:\/\/charluu.cz\/"},{"@type":"ListItem","position":2,"name":"shop","item":"https:\/\/charluu.cz\/produkty\/"},{"@type":"ListItem","position":3,"name":"Plak\u00e1t A3 \/ b\u011b\u017e\u00edc\u00ed pejsci"}]},{"@type":"WebSite","@id":"https:\/\/charluu.cz\/#website","url":"https:\/\/charluu.cz\/","name":"CHARLUU - handpainted stoneware dog bowl","description":"Vstupte do sv\u011bta ru\u010dn\u011b malovan\u00fdch kameninov\u00fdch misek pro psy","publisher":{"@id":"https:\/\/charluu.cz\/#organization"},"potentialAction":[{"@type":"SearchAction","target":{"@type":"EntryPoint","urlTemplate":"https:\/\/charluu.cz\/?s={search_term_string}"},"query-input":{"@type":"PropertyValueSpecification","valueRequired":true,"valueName":"search_term_string"}}],"inLanguage":"en-US"},{"@type":"Organization","@id":"https:\/\/charluu.cz\/#organization","name":"CHARLUU - handpainted stoneware dog bowl","url":"https:\/\/charluu.cz\/","logo":{"@type":"ImageObject","inLanguage":"en-US","@id":"https:\/\/charluu.cz\/#\/schema\/logo\/image\/","url":"https:\/\/charluu.cz\/wp-content\/uploads\/2022\/09\/logo-hlavicka.svg","contentUrl":"https:\/\/charluu.cz\/wp-content\/uploads\/2022\/09\/logo-hlavicka.svg","width":149,"height":116,"caption":"CHARLUU - handpainted stoneware dog bowl"},"image":{"@id":"https:\/\/charluu.cz\/#\/schema\/logo\/image\/"}}]}},"_links":{"self":[{"href":"https:\/\/charluu.cz\/en\/wp-json\/wp\/v2\/product\/6791","targetHints":{"allow":["GET"]}}],"collection":[{"href":"https:\/\/charluu.cz\/en\/wp-json\/wp\/v2\/product"}],"about":[{"href":"https:\/\/charluu.cz\/en\/wp-json\/wp\/v2\/types\/product"}],"version-history":[{"count":2,"href":"https:\/\/charluu.cz\/en\/wp-json\/wp\/v2\/product\/6791\/revisions"}],"predecessor-version":[{"id":6811,"href":"https:\/\/charluu.cz\/en\/wp-json\/wp\/v2\/product\/6791\/revisions\/6811"}],"wp:featuredmedia":[{"embeddable":true,"href":"https:\/\/charluu.cz\/en\/wp-json\/wp\/v2\/media\/6797"}],"wp:attachment":[{"href":"https:\/\/charluu.cz\/en\/wp-json\/wp\/v2\/media?parent=6791"}],"wp:term":[{"taxonomy":"product_brand","embeddable":true,"href":"https:\/\/charluu.cz\/en\/wp-json\/wp\/v2\/product_brand?post=6791"},{"taxonomy":"product_cat","embeddable":true,"href":"https:\/\/charluu.cz\/en\/wp-json\/wp\/v2\/product_cat?post=6791"},{"taxonomy":"product_tag","embeddable":true,"href":"https:\/\/charluu.cz\/en\/wp-json\/wp\/v2\/product_tag?post=6791"}],"curies":[{"name":"wp","href":"https:\/\/api.w.org\/{rel}","templated":true}]}}