{"id":6732,"date":"2025-11-11T19:04:15","date_gmt":"2025-11-11T18:04:15","guid":{"rendered":"https:\/\/charluu.cz\/?post_type=product&#038;p=6732"},"modified":"2026-01-02T12:19:43","modified_gmt":"2026-01-02T11:19:43","slug":"dogumentary-flock","status":"publish","type":"product","link":"https:\/\/charluu.cz\/en\/product\/dogumentary-flock\/","title":{"rendered":"DOGUMENTARY plush dogs"},"content":{"rendered":"<p data-start=\"160\" data-end=\"238\"><strong data-start=\"160\" data-end=\"238\">DOGUMENTARY with white plush dogs | 150 \u00d7 190 mm<\/strong><\/p>\n<p>Dogumentary is a practical notebook that keeps all important information about your dog in one place. It works as a clear manual of their needs, habits, personality and care, supported by illustrations and an overview of the top twelve forbidden foods. It is suitable for daily and long term use and it is also very helpful when someone else is looking after your dog so everyone knows exactly what your dog needs and how to take proper care of them.<\/p>\n<p>&nbsp;<\/p>\n<p>DOGUMENTARY has a cover with small white dogs that have <strong data-start=\"359\" data-end=\"394\">a flocked, lightly plush surface.<\/strong>The cover is finished <strong data-start=\"415\" data-end=\"437\">with soft touch lamination,<\/strong>which makes it durable and pleasant to hold. The dogs have a subtle 3D plush texture that you will want to pet every time you pick the notebook up. Their faces <strong data-start=\"588\" data-end=\"609\">are die cut,<\/strong>giving them a little ninja look. In person it is even cuter than it sounds. \ud83e\udd0d<\/p>\n<h3 data-start=\"447\" data-end=\"467\"><\/h3>\n<h3 data-start=\"447\" data-end=\"467\">Additional information:<\/h3>\n<ul data-start=\"468\" data-end=\"846\">\n<li data-start=\"468\" data-end=\"506\">\n<p data-start=\"470\" data-end=\"506\">size <strong data-start=\"477\" data-end=\"493\">150 \u00d7 190 mm<\/strong> (A5, but shorter in height)<\/p>\n<\/li>\n<li data-start=\"507\" data-end=\"543\">\n<p data-start=\"509\" data-end=\"543\"><strong data-start=\"509\" data-end=\"530\">Saddle stitched binding (V1)<\/strong> \u2013 2 staples<\/p>\n<\/li>\n<li data-start=\"544\" data-end=\"633\">\n<p data-start=\"546\" data-end=\"633\">inner paper: <strong data-start=\"561\" data-end=\"590\">uncoated heavy paper<\/strong>suitable for writing drawing and highlighters<\/p>\n<\/li>\n<li data-start=\"685\" data-end=\"735\">\n<p data-start=\"687\" data-end=\"735\">black print inside with labels and illustrations<\/p>\n<\/li>\n<li data-start=\"685\" data-end=\"735\">20 pages including blank pages for notes<\/li>\n<\/ul>\n<p data-start=\"1044\" data-end=\"1358\">","protected":false},"excerpt":{"rendered":"<p>Dogumentary je praktick\u00fd se\u0161it, kter\u00fd uchov\u00e1v\u00e1 v\u0161echny d\u016fle\u017eit\u00e9 informace o va\u0161em psovi na jednom m\u00edst\u011b. Ilustrace, popisky ide\u00e1ln\u00ed pro hl\u00edd\u00e1n\u00ed pejska.<\/p>","protected":false},"featured_media":6769,"template":"","meta":[],"product_brand":[],"product_cat":[15,42],"product_tag":[],"class_list":{"0":"post-6732","1":"product","2":"type-product","3":"status-publish","4":"has-post-thumbnail","6":"product_cat-eshop","7":"product_cat-ostatni","9":"first","10":"instock","11":"shipping-taxable","12":"purchasable","13":"product-type-variable"},"yoast_head":"<!-- This site is optimized with the Yoast SEO plugin v27.0 - https:\/\/yoast.com\/product\/yoast-seo-wordpress\/ -->\n<title>DOGUMENTARY ply\u0161ov\u00fd pejsci - CHARLUU - handpainted stoneware dog bowl<\/title>\n<meta name=\"description\" content=\"Dogumentary je praktick\u00fd se\u0161it, kter\u00fd uchov\u00e1v\u00e1 v\u0161echny d\u016fle\u017eit\u00e9 informace o va\u0161em psovi na jednom m\u00edst\u011b. Ilustrace, popisky ide\u00e1ln\u00ed pro hl\u00edd\u00e1n\u00ed pejska.\" \/>\n<meta name=\"robots\" content=\"index, follow, max-snippet:-1, max-image-preview:large, max-video-preview:-1\" \/>\n<link rel=\"canonical\" href=\"https:\/\/charluu.cz\/en\/product\/dogumentary-flock\/\" \/>\n<meta property=\"og:locale\" content=\"en_US\" \/>\n<meta property=\"og:type\" content=\"article\" \/>\n<meta property=\"og:title\" content=\"DOGUMENTARY ply\u0161ov\u00fd pejsci - CHARLUU - handpainted stoneware dog bowl\" \/>\n<meta property=\"og:description\" content=\"Dogumentary je praktick\u00fd se\u0161it, kter\u00fd uchov\u00e1v\u00e1 v\u0161echny d\u016fle\u017eit\u00e9 informace o va\u0161em psovi na jednom m\u00edst\u011b. Ilustrace, popisky ide\u00e1ln\u00ed pro hl\u00edd\u00e1n\u00ed pejska.\" \/>\n<meta property=\"og:url\" content=\"https:\/\/charluu.cz\/en\/product\/dogumentary-flock\/\" \/>\n<meta property=\"og:site_name\" content=\"CHARLUU - handpainted stoneware dog bowl\" \/>\n<meta property=\"article:modified_time\" content=\"2026-01-02T11:19:43+00:00\" \/>\n<meta property=\"og:image\" content=\"https:\/\/charluu.cz\/wp-content\/uploads\/2025\/11\/doggo.jpg\" \/>\n\t<meta property=\"og:image:width\" content=\"1080\" \/>\n\t<meta property=\"og:image:height\" content=\"1350\" \/>\n\t<meta property=\"og:image:type\" content=\"image\/jpeg\" \/>\n<meta name=\"twitter:card\" content=\"summary_large_image\" \/>\n<meta name=\"twitter:label1\" content=\"Est. reading time\" \/>\n\t<meta name=\"twitter:data1\" content=\"2 minutes\" \/>\n<script type=\"application\/ld+json\" class=\"yoast-schema-graph\">{\"@context\":\"https:\/\/schema.org\",\"@graph\":[{\"@type\":\"WebPage\",\"@id\":\"https:\/\/charluu.cz\/produkt\/dogumentary-flock\/\",\"url\":\"https:\/\/charluu.cz\/produkt\/dogumentary-flock\/\",\"name\":\"DOGUMENTARY ply\u0161ov\u00fd pejsci - CHARLUU - handpainted stoneware dog bowl\",\"isPartOf\":{\"@id\":\"https:\/\/charluu.cz\/#website\"},\"primaryImageOfPage\":{\"@id\":\"https:\/\/charluu.cz\/produkt\/dogumentary-flock\/#primaryimage\"},\"image\":{\"@id\":\"https:\/\/charluu.cz\/produkt\/dogumentary-flock\/#primaryimage\"},\"thumbnailUrl\":\"https:\/\/charluu.cz\/wp-content\/uploads\/2025\/11\/doggo.jpg\",\"datePublished\":\"2025-11-11T18:04:15+00:00\",\"dateModified\":\"2026-01-02T11:19:43+00:00\",\"description\":\"Dogumentary je praktick\u00fd se\u0161it, kter\u00fd uchov\u00e1v\u00e1 v\u0161echny d\u016fle\u017eit\u00e9 informace o va\u0161em psovi na jednom m\u00edst\u011b. Ilustrace, popisky ide\u00e1ln\u00ed pro hl\u00edd\u00e1n\u00ed pejska.\",\"breadcrumb\":{\"@id\":\"https:\/\/charluu.cz\/produkt\/dogumentary-flock\/#breadcrumb\"},\"inLanguage\":\"en-US\",\"potentialAction\":[{\"@type\":\"ReadAction\",\"target\":[\"https:\/\/charluu.cz\/produkt\/dogumentary-flock\/\"]}]},{\"@type\":\"ImageObject\",\"inLanguage\":\"en-US\",\"@id\":\"https:\/\/charluu.cz\/produkt\/dogumentary-flock\/#primaryimage\",\"url\":\"https:\/\/charluu.cz\/wp-content\/uploads\/2025\/11\/doggo.jpg\",\"contentUrl\":\"https:\/\/charluu.cz\/wp-content\/uploads\/2025\/11\/doggo.jpg\",\"width\":1080,\"height\":1350},{\"@type\":\"BreadcrumbList\",\"@id\":\"https:\/\/charluu.cz\/produkt\/dogumentary-flock\/#breadcrumb\",\"itemListElement\":[{\"@type\":\"ListItem\",\"position\":1,\"name\":\"Home\",\"item\":\"https:\/\/charluu.cz\/\"},{\"@type\":\"ListItem\",\"position\":2,\"name\":\"shop\",\"item\":\"https:\/\/charluu.cz\/produkty\/\"},{\"@type\":\"ListItem\",\"position\":3,\"name\":\"DOGUMENTARY ply\u0161ov\u00fd pejsci\"}]},{\"@type\":\"WebSite\",\"@id\":\"https:\/\/charluu.cz\/#website\",\"url\":\"https:\/\/charluu.cz\/\",\"name\":\"CHARLUU - handpainted stoneware dog bowl\",\"description\":\"Vstupte do sv\u011bta ru\u010dn\u011b malovan\u00fdch kameninov\u00fdch misek pro psy\",\"publisher\":{\"@id\":\"https:\/\/charluu.cz\/#organization\"},\"potentialAction\":[{\"@type\":\"SearchAction\",\"target\":{\"@type\":\"EntryPoint\",\"urlTemplate\":\"https:\/\/charluu.cz\/?s={search_term_string}\"},\"query-input\":{\"@type\":\"PropertyValueSpecification\",\"valueRequired\":true,\"valueName\":\"search_term_string\"}}],\"inLanguage\":\"en-US\"},{\"@type\":\"Organization\",\"@id\":\"https:\/\/charluu.cz\/#organization\",\"name\":\"CHARLUU - handpainted stoneware dog bowl\",\"url\":\"https:\/\/charluu.cz\/\",\"logo\":{\"@type\":\"ImageObject\",\"inLanguage\":\"en-US\",\"@id\":\"https:\/\/charluu.cz\/#\/schema\/logo\/image\/\",\"url\":\"https:\/\/charluu.cz\/wp-content\/uploads\/2022\/09\/logo-hlavicka.svg\",\"contentUrl\":\"https:\/\/charluu.cz\/wp-content\/uploads\/2022\/09\/logo-hlavicka.svg\",\"width\":149,\"height\":116,\"caption\":\"CHARLUU - handpainted stoneware dog bowl\"},\"image\":{\"@id\":\"https:\/\/charluu.cz\/#\/schema\/logo\/image\/\"}}]}<\/script>\n<!-- \/ Yoast SEO plugin. -->","yoast_head_json":{"title":"DOGUMENTARY ply\u0161ov\u00fd pejsci - CHARLUU - handpainted stoneware dog bowl","description":"Dogumentary je praktick\u00fd se\u0161it, kter\u00fd uchov\u00e1v\u00e1 v\u0161echny d\u016fle\u017eit\u00e9 informace o va\u0161em psovi na jednom m\u00edst\u011b. Ilustrace, popisky ide\u00e1ln\u00ed pro hl\u00edd\u00e1n\u00ed pejska.","robots":{"index":"index","follow":"follow","max-snippet":"max-snippet:-1","max-image-preview":"max-image-preview:large","max-video-preview":"max-video-preview:-1"},"canonical":"https:\/\/charluu.cz\/en\/product\/dogumentary-flock\/","og_locale":"en_US","og_type":"article","og_title":"DOGUMENTARY ply\u0161ov\u00fd pejsci - CHARLUU - handpainted stoneware dog bowl","og_description":"Dogumentary je praktick\u00fd se\u0161it, kter\u00fd uchov\u00e1v\u00e1 v\u0161echny d\u016fle\u017eit\u00e9 informace o va\u0161em psovi na jednom m\u00edst\u011b. Ilustrace, popisky ide\u00e1ln\u00ed pro hl\u00edd\u00e1n\u00ed pejska.","og_url":"https:\/\/charluu.cz\/en\/product\/dogumentary-flock\/","og_site_name":"CHARLUU - handpainted stoneware dog bowl","article_modified_time":"2026-01-02T11:19:43+00:00","og_image":[{"width":1080,"height":1350,"url":"https:\/\/charluu.cz\/wp-content\/uploads\/2025\/11\/doggo.jpg","type":"image\/jpeg"}],"twitter_card":"summary_large_image","twitter_misc":{"Est. reading time":"2 minutes"},"schema":{"@context":"https:\/\/schema.org","@graph":[{"@type":"WebPage","@id":"https:\/\/charluu.cz\/produkt\/dogumentary-flock\/","url":"https:\/\/charluu.cz\/produkt\/dogumentary-flock\/","name":"DOGUMENTARY ply\u0161ov\u00fd pejsci - CHARLUU - handpainted stoneware dog bowl","isPartOf":{"@id":"https:\/\/charluu.cz\/#website"},"primaryImageOfPage":{"@id":"https:\/\/charluu.cz\/produkt\/dogumentary-flock\/#primaryimage"},"image":{"@id":"https:\/\/charluu.cz\/produkt\/dogumentary-flock\/#primaryimage"},"thumbnailUrl":"https:\/\/charluu.cz\/wp-content\/uploads\/2025\/11\/doggo.jpg","datePublished":"2025-11-11T18:04:15+00:00","dateModified":"2026-01-02T11:19:43+00:00","description":"Dogumentary je praktick\u00fd se\u0161it, kter\u00fd uchov\u00e1v\u00e1 v\u0161echny d\u016fle\u017eit\u00e9 informace o va\u0161em psovi na jednom m\u00edst\u011b. Ilustrace, popisky ide\u00e1ln\u00ed pro hl\u00edd\u00e1n\u00ed pejska.","breadcrumb":{"@id":"https:\/\/charluu.cz\/produkt\/dogumentary-flock\/#breadcrumb"},"inLanguage":"en-US","potentialAction":[{"@type":"ReadAction","target":["https:\/\/charluu.cz\/produkt\/dogumentary-flock\/"]}]},{"@type":"ImageObject","inLanguage":"en-US","@id":"https:\/\/charluu.cz\/produkt\/dogumentary-flock\/#primaryimage","url":"https:\/\/charluu.cz\/wp-content\/uploads\/2025\/11\/doggo.jpg","contentUrl":"https:\/\/charluu.cz\/wp-content\/uploads\/2025\/11\/doggo.jpg","width":1080,"height":1350},{"@type":"BreadcrumbList","@id":"https:\/\/charluu.cz\/produkt\/dogumentary-flock\/#breadcrumb","itemListElement":[{"@type":"ListItem","position":1,"name":"Home","item":"https:\/\/charluu.cz\/"},{"@type":"ListItem","position":2,"name":"shop","item":"https:\/\/charluu.cz\/produkty\/"},{"@type":"ListItem","position":3,"name":"DOGUMENTARY ply\u0161ov\u00fd pejsci"}]},{"@type":"WebSite","@id":"https:\/\/charluu.cz\/#website","url":"https:\/\/charluu.cz\/","name":"CHARLUU - handpainted stoneware dog bowl","description":"Vstupte do sv\u011bta ru\u010dn\u011b malovan\u00fdch kameninov\u00fdch misek pro psy","publisher":{"@id":"https:\/\/charluu.cz\/#organization"},"potentialAction":[{"@type":"SearchAction","target":{"@type":"EntryPoint","urlTemplate":"https:\/\/charluu.cz\/?s={search_term_string}"},"query-input":{"@type":"PropertyValueSpecification","valueRequired":true,"valueName":"search_term_string"}}],"inLanguage":"en-US"},{"@type":"Organization","@id":"https:\/\/charluu.cz\/#organization","name":"CHARLUU - handpainted stoneware dog bowl","url":"https:\/\/charluu.cz\/","logo":{"@type":"ImageObject","inLanguage":"en-US","@id":"https:\/\/charluu.cz\/#\/schema\/logo\/image\/","url":"https:\/\/charluu.cz\/wp-content\/uploads\/2022\/09\/logo-hlavicka.svg","contentUrl":"https:\/\/charluu.cz\/wp-content\/uploads\/2022\/09\/logo-hlavicka.svg","width":149,"height":116,"caption":"CHARLUU - handpainted stoneware dog bowl"},"image":{"@id":"https:\/\/charluu.cz\/#\/schema\/logo\/image\/"}}]}},"_links":{"self":[{"href":"https:\/\/charluu.cz\/en\/wp-json\/wp\/v2\/product\/6732","targetHints":{"allow":["GET"]}}],"collection":[{"href":"https:\/\/charluu.cz\/en\/wp-json\/wp\/v2\/product"}],"about":[{"href":"https:\/\/charluu.cz\/en\/wp-json\/wp\/v2\/types\/product"}],"version-history":[{"count":1,"href":"https:\/\/charluu.cz\/en\/wp-json\/wp\/v2\/product\/6732\/revisions"}],"predecessor-version":[{"id":6741,"href":"https:\/\/charluu.cz\/en\/wp-json\/wp\/v2\/product\/6732\/revisions\/6741"}],"wp:featuredmedia":[{"embeddable":true,"href":"https:\/\/charluu.cz\/en\/wp-json\/wp\/v2\/media\/6769"}],"wp:attachment":[{"href":"https:\/\/charluu.cz\/en\/wp-json\/wp\/v2\/media?parent=6732"}],"wp:term":[{"taxonomy":"product_brand","embeddable":true,"href":"https:\/\/charluu.cz\/en\/wp-json\/wp\/v2\/product_brand?post=6732"},{"taxonomy":"product_cat","embeddable":true,"href":"https:\/\/charluu.cz\/en\/wp-json\/wp\/v2\/product_cat?post=6732"},{"taxonomy":"product_tag","embeddable":true,"href":"https:\/\/charluu.cz\/en\/wp-json\/wp\/v2\/product_tag?post=6732"}],"curies":[{"name":"wp","href":"https:\/\/api.w.org\/{rel}","templated":true}]}}