{"id":6625,"date":"2025-11-11T19:03:53","date_gmt":"2025-11-11T18:03:53","guid":{"rendered":"https:\/\/charluu.cz\/?post_type=product&#038;p=6625"},"modified":"2025-11-11T19:32:35","modified_gmt":"2025-11-11T18:32:35","slug":"samolepka-ramen","status":"publish","type":"product","link":"https:\/\/charluu.cz\/en\/product\/samolepka-ramen\/","title":{"rendered":"samolepka \/ ramen"},"content":{"rendered":"<p data-start=\"54\" data-end=\"107\"><strong data-start=\"54\" data-end=\"107\">Kusov\u00e1 samolepka s tvarov\u00fdm o\u0159ezem &#8218;ramen&#8216;<\/strong><\/p>\n<p data-start=\"109\" data-end=\"264\">Samolepka s tvarov\u00fdm o\u0159ezem a autorskou ilustrac\u00ed obalu RAMEN soup, kde mops nen\u00e1padn\u011b usrk\u00e1v\u00e1 z misky. Spicy flavour!<br data-start=\"183\" data-end=\"186\" \/>Vyroben\u00e1 z <strong data-start=\"197\" data-end=\"212\">matn\u00e9ho PVC<\/strong>, kter\u00e9 je odoln\u00e9 a dob\u0159e dr\u017e\u00ed na hladk\u00fdch povr\u0161\u00edch.<\/p>\n<p data-start=\"266\" data-end=\"292\"><strong data-start=\"266\" data-end=\"279\">Velikost:<\/strong> cca 6,5 \u00d7 4,5 cm<\/p>\n<p data-start=\"294\" data-end=\"354\" data-is-last-node=\"\" data-is-only-node=\"\">Vhodn\u00e1 na jak\u00fdkoli hladk\u00fd povrch, kter\u00fd si chcete ozdobit \ud83d\ude42<\/p>","protected":false},"excerpt":{"rendered":"<p>Kusov\u00e1 samolepka Charluu s tvarov\u00fdm o\u0159ezem \u2013 <strong data-start=\"54\" data-end=\"107\">obal Ramen<\/strong>. Vyroben\u00e1 z matn\u00e9ho PVC, kter\u00e9 je odoln\u00e9 a dob\u0159e dr\u017e\u00ed na hladk\u00fdch povr\u0161\u00edch.<\/p>","protected":false},"featured_media":6709,"template":"","meta":[],"product_brand":[],"product_cat":[15,42],"product_tag":[],"class_list":{"0":"post-6625","1":"product","2":"type-product","3":"status-publish","4":"has-post-thumbnail","6":"product_cat-eshop","7":"product_cat-ostatni","9":"first","10":"instock","11":"shipping-taxable","12":"purchasable","13":"product-type-simple"},"yoast_head":"<!-- This site is optimized with the Yoast SEO plugin v27.0 - https:\/\/yoast.com\/product\/yoast-seo-wordpress\/ -->\n<title>samolepka \/ ramen - CHARLUU - handpainted stoneware dog bowl<\/title>\n<meta name=\"description\" content=\"Kusov\u00e1 samolepka Charluu s tvarov\u00fdm o\u0159ezem \u2013 obal ramen. Vyroben\u00e1 z matn\u00e9ho PVC, kter\u00e9 je odoln\u00e9 a dob\u0159e dr\u017e\u00ed na hladk\u00fdch povr\u0161\u00edch.\" \/>\n<meta name=\"robots\" content=\"index, follow, max-snippet:-1, max-image-preview:large, max-video-preview:-1\" \/>\n<link rel=\"canonical\" href=\"https:\/\/charluu.cz\/en\/product\/samolepka-ramen\/\" \/>\n<meta property=\"og:locale\" content=\"en_US\" \/>\n<meta property=\"og:type\" content=\"article\" \/>\n<meta property=\"og:title\" content=\"samolepka \/ ramen - CHARLUU - handpainted stoneware dog bowl\" \/>\n<meta property=\"og:description\" content=\"Kusov\u00e1 samolepka Charluu s tvarov\u00fdm o\u0159ezem \u2013 obal ramen. Vyroben\u00e1 z matn\u00e9ho PVC, kter\u00e9 je odoln\u00e9 a dob\u0159e dr\u017e\u00ed na hladk\u00fdch povr\u0161\u00edch.\" \/>\n<meta property=\"og:url\" content=\"https:\/\/charluu.cz\/en\/product\/samolepka-ramen\/\" \/>\n<meta property=\"og:site_name\" content=\"CHARLUU - handpainted stoneware dog bowl\" \/>\n<meta property=\"article:modified_time\" content=\"2025-11-11T18:32:35+00:00\" \/>\n<meta property=\"og:image\" content=\"https:\/\/charluu.cz\/wp-content\/uploads\/2025\/11\/ramen.jpg\" \/>\n\t<meta property=\"og:image:width\" content=\"1080\" \/>\n\t<meta property=\"og:image:height\" content=\"1350\" \/>\n\t<meta property=\"og:image:type\" content=\"image\/jpeg\" \/>\n<meta name=\"twitter:card\" content=\"summary_large_image\" \/>\n<meta name=\"twitter:label1\" content=\"Est. reading time\" \/>\n\t<meta name=\"twitter:data1\" content=\"1 minute\" \/>\n<script type=\"application\/ld+json\" class=\"yoast-schema-graph\">{\"@context\":\"https:\/\/schema.org\",\"@graph\":[{\"@type\":\"WebPage\",\"@id\":\"https:\/\/charluu.cz\/produkt\/samolepka-ramen\/\",\"url\":\"https:\/\/charluu.cz\/produkt\/samolepka-ramen\/\",\"name\":\"samolepka \/ ramen - CHARLUU - handpainted stoneware dog bowl\",\"isPartOf\":{\"@id\":\"https:\/\/charluu.cz\/#website\"},\"primaryImageOfPage\":{\"@id\":\"https:\/\/charluu.cz\/produkt\/samolepka-ramen\/#primaryimage\"},\"image\":{\"@id\":\"https:\/\/charluu.cz\/produkt\/samolepka-ramen\/#primaryimage\"},\"thumbnailUrl\":\"https:\/\/charluu.cz\/wp-content\/uploads\/2025\/11\/ramen.jpg\",\"datePublished\":\"2025-11-11T18:03:53+00:00\",\"dateModified\":\"2025-11-11T18:32:35+00:00\",\"description\":\"Kusov\u00e1 samolepka Charluu s tvarov\u00fdm o\u0159ezem \u2013 obal ramen. Vyroben\u00e1 z matn\u00e9ho PVC, kter\u00e9 je odoln\u00e9 a dob\u0159e dr\u017e\u00ed na hladk\u00fdch povr\u0161\u00edch.\",\"breadcrumb\":{\"@id\":\"https:\/\/charluu.cz\/produkt\/samolepka-ramen\/#breadcrumb\"},\"inLanguage\":\"en-US\",\"potentialAction\":[{\"@type\":\"ReadAction\",\"target\":[\"https:\/\/charluu.cz\/produkt\/samolepka-ramen\/\"]}]},{\"@type\":\"ImageObject\",\"inLanguage\":\"en-US\",\"@id\":\"https:\/\/charluu.cz\/produkt\/samolepka-ramen\/#primaryimage\",\"url\":\"https:\/\/charluu.cz\/wp-content\/uploads\/2025\/11\/ramen.jpg\",\"contentUrl\":\"https:\/\/charluu.cz\/wp-content\/uploads\/2025\/11\/ramen.jpg\",\"width\":1080,\"height\":1350},{\"@type\":\"BreadcrumbList\",\"@id\":\"https:\/\/charluu.cz\/produkt\/samolepka-ramen\/#breadcrumb\",\"itemListElement\":[{\"@type\":\"ListItem\",\"position\":1,\"name\":\"Home\",\"item\":\"https:\/\/charluu.cz\/\"},{\"@type\":\"ListItem\",\"position\":2,\"name\":\"shop\",\"item\":\"https:\/\/charluu.cz\/produkty\/\"},{\"@type\":\"ListItem\",\"position\":3,\"name\":\"samolepka \/ ramen\"}]},{\"@type\":\"WebSite\",\"@id\":\"https:\/\/charluu.cz\/#website\",\"url\":\"https:\/\/charluu.cz\/\",\"name\":\"CHARLUU - handpainted stoneware dog bowl\",\"description\":\"Vstupte do sv\u011bta ru\u010dn\u011b malovan\u00fdch kameninov\u00fdch misek pro psy\",\"publisher\":{\"@id\":\"https:\/\/charluu.cz\/#organization\"},\"potentialAction\":[{\"@type\":\"SearchAction\",\"target\":{\"@type\":\"EntryPoint\",\"urlTemplate\":\"https:\/\/charluu.cz\/?s={search_term_string}\"},\"query-input\":{\"@type\":\"PropertyValueSpecification\",\"valueRequired\":true,\"valueName\":\"search_term_string\"}}],\"inLanguage\":\"en-US\"},{\"@type\":\"Organization\",\"@id\":\"https:\/\/charluu.cz\/#organization\",\"name\":\"CHARLUU - handpainted stoneware dog bowl\",\"url\":\"https:\/\/charluu.cz\/\",\"logo\":{\"@type\":\"ImageObject\",\"inLanguage\":\"en-US\",\"@id\":\"https:\/\/charluu.cz\/#\/schema\/logo\/image\/\",\"url\":\"https:\/\/charluu.cz\/wp-content\/uploads\/2022\/09\/logo-hlavicka.svg\",\"contentUrl\":\"https:\/\/charluu.cz\/wp-content\/uploads\/2022\/09\/logo-hlavicka.svg\",\"width\":149,\"height\":116,\"caption\":\"CHARLUU - handpainted stoneware dog bowl\"},\"image\":{\"@id\":\"https:\/\/charluu.cz\/#\/schema\/logo\/image\/\"}}]}<\/script>\n<!-- \/ Yoast SEO plugin. -->","yoast_head_json":{"title":"samolepka \/ ramen - CHARLUU - handpainted stoneware dog bowl","description":"Kusov\u00e1 samolepka Charluu s tvarov\u00fdm o\u0159ezem \u2013 obal ramen. Vyroben\u00e1 z matn\u00e9ho PVC, kter\u00e9 je odoln\u00e9 a dob\u0159e dr\u017e\u00ed na hladk\u00fdch povr\u0161\u00edch.","robots":{"index":"index","follow":"follow","max-snippet":"max-snippet:-1","max-image-preview":"max-image-preview:large","max-video-preview":"max-video-preview:-1"},"canonical":"https:\/\/charluu.cz\/en\/product\/samolepka-ramen\/","og_locale":"en_US","og_type":"article","og_title":"samolepka \/ ramen - CHARLUU - handpainted stoneware dog bowl","og_description":"Kusov\u00e1 samolepka Charluu s tvarov\u00fdm o\u0159ezem \u2013 obal ramen. Vyroben\u00e1 z matn\u00e9ho PVC, kter\u00e9 je odoln\u00e9 a dob\u0159e dr\u017e\u00ed na hladk\u00fdch povr\u0161\u00edch.","og_url":"https:\/\/charluu.cz\/en\/product\/samolepka-ramen\/","og_site_name":"CHARLUU - handpainted stoneware dog bowl","article_modified_time":"2025-11-11T18:32:35+00:00","og_image":[{"width":1080,"height":1350,"url":"https:\/\/charluu.cz\/wp-content\/uploads\/2025\/11\/ramen.jpg","type":"image\/jpeg"}],"twitter_card":"summary_large_image","twitter_misc":{"Est. reading time":"1 minute"},"schema":{"@context":"https:\/\/schema.org","@graph":[{"@type":"WebPage","@id":"https:\/\/charluu.cz\/produkt\/samolepka-ramen\/","url":"https:\/\/charluu.cz\/produkt\/samolepka-ramen\/","name":"samolepka \/ ramen - CHARLUU - handpainted stoneware dog bowl","isPartOf":{"@id":"https:\/\/charluu.cz\/#website"},"primaryImageOfPage":{"@id":"https:\/\/charluu.cz\/produkt\/samolepka-ramen\/#primaryimage"},"image":{"@id":"https:\/\/charluu.cz\/produkt\/samolepka-ramen\/#primaryimage"},"thumbnailUrl":"https:\/\/charluu.cz\/wp-content\/uploads\/2025\/11\/ramen.jpg","datePublished":"2025-11-11T18:03:53+00:00","dateModified":"2025-11-11T18:32:35+00:00","description":"Kusov\u00e1 samolepka Charluu s tvarov\u00fdm o\u0159ezem \u2013 obal ramen. Vyroben\u00e1 z matn\u00e9ho PVC, kter\u00e9 je odoln\u00e9 a dob\u0159e dr\u017e\u00ed na hladk\u00fdch povr\u0161\u00edch.","breadcrumb":{"@id":"https:\/\/charluu.cz\/produkt\/samolepka-ramen\/#breadcrumb"},"inLanguage":"en-US","potentialAction":[{"@type":"ReadAction","target":["https:\/\/charluu.cz\/produkt\/samolepka-ramen\/"]}]},{"@type":"ImageObject","inLanguage":"en-US","@id":"https:\/\/charluu.cz\/produkt\/samolepka-ramen\/#primaryimage","url":"https:\/\/charluu.cz\/wp-content\/uploads\/2025\/11\/ramen.jpg","contentUrl":"https:\/\/charluu.cz\/wp-content\/uploads\/2025\/11\/ramen.jpg","width":1080,"height":1350},{"@type":"BreadcrumbList","@id":"https:\/\/charluu.cz\/produkt\/samolepka-ramen\/#breadcrumb","itemListElement":[{"@type":"ListItem","position":1,"name":"Home","item":"https:\/\/charluu.cz\/"},{"@type":"ListItem","position":2,"name":"shop","item":"https:\/\/charluu.cz\/produkty\/"},{"@type":"ListItem","position":3,"name":"samolepka \/ ramen"}]},{"@type":"WebSite","@id":"https:\/\/charluu.cz\/#website","url":"https:\/\/charluu.cz\/","name":"CHARLUU - handpainted stoneware dog bowl","description":"Vstupte do sv\u011bta ru\u010dn\u011b malovan\u00fdch kameninov\u00fdch misek pro psy","publisher":{"@id":"https:\/\/charluu.cz\/#organization"},"potentialAction":[{"@type":"SearchAction","target":{"@type":"EntryPoint","urlTemplate":"https:\/\/charluu.cz\/?s={search_term_string}"},"query-input":{"@type":"PropertyValueSpecification","valueRequired":true,"valueName":"search_term_string"}}],"inLanguage":"en-US"},{"@type":"Organization","@id":"https:\/\/charluu.cz\/#organization","name":"CHARLUU - handpainted stoneware dog bowl","url":"https:\/\/charluu.cz\/","logo":{"@type":"ImageObject","inLanguage":"en-US","@id":"https:\/\/charluu.cz\/#\/schema\/logo\/image\/","url":"https:\/\/charluu.cz\/wp-content\/uploads\/2022\/09\/logo-hlavicka.svg","contentUrl":"https:\/\/charluu.cz\/wp-content\/uploads\/2022\/09\/logo-hlavicka.svg","width":149,"height":116,"caption":"CHARLUU - handpainted stoneware dog bowl"},"image":{"@id":"https:\/\/charluu.cz\/#\/schema\/logo\/image\/"}}]}},"_links":{"self":[{"href":"https:\/\/charluu.cz\/en\/wp-json\/wp\/v2\/product\/6625","targetHints":{"allow":["GET"]}}],"collection":[{"href":"https:\/\/charluu.cz\/en\/wp-json\/wp\/v2\/product"}],"about":[{"href":"https:\/\/charluu.cz\/en\/wp-json\/wp\/v2\/types\/product"}],"version-history":[{"count":3,"href":"https:\/\/charluu.cz\/en\/wp-json\/wp\/v2\/product\/6625\/revisions"}],"predecessor-version":[{"id":6628,"href":"https:\/\/charluu.cz\/en\/wp-json\/wp\/v2\/product\/6625\/revisions\/6628"}],"wp:featuredmedia":[{"embeddable":true,"href":"https:\/\/charluu.cz\/en\/wp-json\/wp\/v2\/media\/6709"}],"wp:attachment":[{"href":"https:\/\/charluu.cz\/en\/wp-json\/wp\/v2\/media?parent=6625"}],"wp:term":[{"taxonomy":"product_brand","embeddable":true,"href":"https:\/\/charluu.cz\/en\/wp-json\/wp\/v2\/product_brand?post=6625"},{"taxonomy":"product_cat","embeddable":true,"href":"https:\/\/charluu.cz\/en\/wp-json\/wp\/v2\/product_cat?post=6625"},{"taxonomy":"product_tag","embeddable":true,"href":"https:\/\/charluu.cz\/en\/wp-json\/wp\/v2\/product_tag?post=6625"}],"curies":[{"name":"wp","href":"https:\/\/api.w.org\/{rel}","templated":true}]}}