{"id":6514,"date":"2025-11-23T19:10:42","date_gmt":"2025-11-23T18:10:42","guid":{"rendered":"https:\/\/charluu.cz\/?post_type=product&#038;p=6514"},"modified":"2026-02-28T12:14:51","modified_gmt":"2026-02-28T11:14:51","slug":"tydenni-diar-bezici-pejsci","status":"publish","type":"product","link":"https:\/\/charluu.cz\/en\/product\/tydenni-diar-bezici-pejsci\/","title":{"rendered":"t\u00fddenn\u00ed di\u00e1\u0159 \/ ilustrace b\u011b\u017e\u00edc\u00ed pejsci"},"content":{"rendered":"<p data-start=\"160\" data-end=\"238\"><strong data-start=\"160\" data-end=\"238\">Pap\u00edrov\u00fd t\u00fddenn\u00ed di\u00e1\u0159 s ilustrac\u00ed b\u011b\u017e\u00edc\u00edch pejsk\u016f \u00a0| 150 \u00d7 190 mm<\/strong><\/p>\n<p data-start=\"240\" data-end=\"445\">Di\u00e1\u0159 m\u00e1 ob\u00e1lku s autorskou ilustrac\u00ed sme\u010dky \u0161\u0165astn\u00fdch b\u011b\u017e\u00edc\u00edch pejsk\u016f se \u201cside-eye\u201d v\u00fdrazem.\u00a0<br data-start=\"332\" data-end=\"335\" \/>The cover is finished with soft touch lamination so it is matte pleasant to the touch and durable for everyday use. \ud83e\udd0d<\/p>\n<h3 data-start=\"447\" data-end=\"467\">Vlastnosti di\u00e1\u0159e<\/h3>\n<ul data-start=\"468\" data-end=\"846\">\n<li data-start=\"468\" data-end=\"506\">\n<p data-start=\"470\" data-end=\"506\">size <strong data-start=\"477\" data-end=\"493\">150 \u00d7 190 mm<\/strong> (A5, but shorter in height)<\/p>\n<\/li>\n<li data-start=\"507\" data-end=\"543\">\n<p data-start=\"509\" data-end=\"543\"><strong data-start=\"509\" data-end=\"530\">Saddle stitched binding (V1)<\/strong> \u2013 2 staples<\/p>\n<\/li>\n<li data-start=\"544\" data-end=\"633\">\n<p data-start=\"546\" data-end=\"633\">inner paper: <strong data-start=\"561\" data-end=\"590\">pevn\u011bj\u0161\u00ed nenat\u00edran\u00fd pap\u00edr<\/strong>suitable for writing drawing and highlighters<\/p>\n<\/li>\n<li data-start=\"634\" data-end=\"684\">\n<p data-start=\"636\" data-end=\"684\"><strong data-start=\"636\" data-end=\"657\">t\u00fddenn\u00ed rozvr\u017een\u00ed<\/strong> \u2013 jeden t\u00fdden na str\u00e1nce<\/p>\n<\/li>\n<li data-start=\"685\" data-end=\"735\">\n<p data-start=\"687\" data-end=\"735\"><strong data-start=\"687\" data-end=\"709\">ro\u010dn\u00ed p\u0159ehled 2026<\/strong> + 1 str\u00e1nka na pozn\u00e1mky<\/p>\n<\/li>\n<li data-start=\"736\" data-end=\"846\">\n<p data-start=\"738\" data-end=\"846\">\u010dist\u00fd a <strong data-start=\"746\" data-end=\"772\">minimalistick\u00fd vnit\u0159ek<\/strong> s dostatkem m\u00edsta pro text (nebo n\u00e1lepky:)<\/p>\n<\/li>\n<\/ul>\n<h3 data-start=\"848\" data-end=\"855\">TIP<\/h3>\n<p data-start=\"856\" data-end=\"1037\">K di\u00e1\u0159i si m\u016f\u017eete p\u0159idat i <strong data-start=\"883\" data-end=\"919\">arch n\u00e1lepek za zv\u00fdhodn\u011bnou cenu<\/strong> jako set <em data-start=\"929\" data-end=\"945\">di\u00e1\u0159 + n\u00e1lepky<\/em>. Pro lidi co si cht\u011bj\u00ed v\u011bci personalizovat nebo maj\u00ed r\u00e1di v\u00edce hravosti.\u2728<\/p>\n<p data-start=\"1044\" data-end=\"1358\">Di\u00e1\u0159 je lehk\u00fd, dob\u0159e p\u0159enosn\u00fd a d\u00edky kvalitn\u00edm materi\u00e1l\u016fm vydr\u017e\u00ed ka\u017edodenn\u00ed pou\u017e\u00edv\u00e1n\u00ed po cel\u00fd rok. Soft touch ob\u00e1lka se p\u0159\u00edjemn\u011b dr\u017e\u00ed a vnit\u0159n\u00ed rozvr\u017een\u00ed nech\u00e1v\u00e1 prostor pro to, jak si pl\u00e1nov\u00e1n\u00ed nastav\u00edte vy sami.<br data-start=\"1257\" data-end=\"1260\" \/>Autorsk\u00e1 ilustrace pejsk\u016f v\u00e1m bude p\u0159ipom\u00ednat, jak jsou pejsci \u00fa\u017easn\u00e1 stvo\u0159en\u00ed \u2014 po cel\u00fd rok. \ud83e\udd79<\/p>","protected":false},"excerpt":{"rendered":"<p>Pap\u00edrov\u00fd t\u00fddenn\u00ed di\u00e1\u0159 m\u00e1 ob\u00e1lku s mal\u00fdmi b\u00edl\u00fdmi pejsky, kte\u0159\u00ed maj\u00ed flockov\u00fd (jemn\u011b ply\u0161ov\u00fd) povrch. V1 se\u0161itov\u00e1 vazba, minimalistick\u00fd design s cute povrchem<\/p>","protected":false},"featured_media":6763,"template":"","meta":[],"product_brand":[],"product_cat":[15,42],"product_tag":[],"class_list":{"0":"post-6514","1":"product","2":"type-product","3":"status-publish","4":"has-post-thumbnail","6":"product_cat-eshop","7":"product_cat-ostatni","9":"first","10":"instock","11":"shipping-taxable","12":"purchasable","13":"product-type-variable"},"yoast_head":"<!-- This site is optimized with the Yoast SEO plugin v27.0 - https:\/\/yoast.com\/product\/yoast-seo-wordpress\/ -->\n<title>t\u00fddenn\u00ed di\u00e1\u0159 \/ ilustrace b\u011b\u017e\u00edc\u00ed pejsci - CHARLUU - handpainted stoneware dog bowl<\/title>\n<meta name=\"description\" content=\"Pap\u00edrov\u00fd t\u00fddenn\u00ed di\u00e1\u0159 se soft touch povrchem, ilustrace b\u011b\u017e\u00edc\u00ed psi. V1 se\u0161itov\u00e1 vazba, minimalistick\u00fd design. Zvenku ilustrace pejsk\u016f se side-eye v\u00fdrazem.\" \/>\n<meta name=\"robots\" content=\"index, follow, max-snippet:-1, max-image-preview:large, max-video-preview:-1\" \/>\n<link rel=\"canonical\" href=\"https:\/\/charluu.cz\/en\/product\/tydenni-diar-bezici-pejsci\/\" \/>\n<meta property=\"og:locale\" content=\"en_US\" \/>\n<meta property=\"og:type\" content=\"article\" \/>\n<meta property=\"og:title\" content=\"t\u00fddenn\u00ed di\u00e1\u0159 \/ ilustrace b\u011b\u017e\u00edc\u00ed pejsci - CHARLUU - handpainted stoneware dog bowl\" \/>\n<meta property=\"og:description\" content=\"Pap\u00edrov\u00fd t\u00fddenn\u00ed di\u00e1\u0159 se soft touch povrchem, ilustrace b\u011b\u017e\u00edc\u00ed psi. V1 se\u0161itov\u00e1 vazba, minimalistick\u00fd design. Zvenku ilustrace pejsk\u016f se side-eye v\u00fdrazem.\" \/>\n<meta property=\"og:url\" content=\"https:\/\/charluu.cz\/en\/product\/tydenni-diar-bezici-pejsci\/\" \/>\n<meta property=\"og:site_name\" content=\"CHARLUU - handpainted stoneware dog bowl\" \/>\n<meta property=\"article:modified_time\" content=\"2026-02-28T11:14:51+00:00\" \/>\n<meta property=\"og:image\" content=\"https:\/\/charluu.cz\/wp-content\/uploads\/2025\/11\/BLOK-HLAVNI2.jpg\" \/>\n\t<meta property=\"og:image:width\" content=\"1080\" \/>\n\t<meta property=\"og:image:height\" content=\"1350\" \/>\n\t<meta property=\"og:image:type\" content=\"image\/jpeg\" \/>\n<meta name=\"twitter:card\" content=\"summary_large_image\" \/>\n<meta name=\"twitter:label1\" content=\"Est. reading time\" \/>\n\t<meta name=\"twitter:data1\" content=\"2 minutes\" \/>\n<script type=\"application\/ld+json\" class=\"yoast-schema-graph\">{\"@context\":\"https:\/\/schema.org\",\"@graph\":[{\"@type\":\"WebPage\",\"@id\":\"https:\/\/charluu.cz\/produkt\/tydenni-diar-bezici-pejsci\/\",\"url\":\"https:\/\/charluu.cz\/produkt\/tydenni-diar-bezici-pejsci\/\",\"name\":\"t\u00fddenn\u00ed di\u00e1\u0159 \/ ilustrace b\u011b\u017e\u00edc\u00ed pejsci - CHARLUU - handpainted stoneware dog bowl\",\"isPartOf\":{\"@id\":\"https:\/\/charluu.cz\/#website\"},\"primaryImageOfPage\":{\"@id\":\"https:\/\/charluu.cz\/produkt\/tydenni-diar-bezici-pejsci\/#primaryimage\"},\"image\":{\"@id\":\"https:\/\/charluu.cz\/produkt\/tydenni-diar-bezici-pejsci\/#primaryimage\"},\"thumbnailUrl\":\"https:\/\/charluu.cz\/wp-content\/uploads\/2025\/11\/BLOK-HLAVNI2.jpg\",\"datePublished\":\"2025-11-23T18:10:42+00:00\",\"dateModified\":\"2026-02-28T11:14:51+00:00\",\"description\":\"Pap\u00edrov\u00fd t\u00fddenn\u00ed di\u00e1\u0159 se soft touch povrchem, ilustrace b\u011b\u017e\u00edc\u00ed psi. V1 se\u0161itov\u00e1 vazba, minimalistick\u00fd design. Zvenku ilustrace pejsk\u016f se side-eye v\u00fdrazem.\",\"breadcrumb\":{\"@id\":\"https:\/\/charluu.cz\/produkt\/tydenni-diar-bezici-pejsci\/#breadcrumb\"},\"inLanguage\":\"en-US\",\"potentialAction\":[{\"@type\":\"ReadAction\",\"target\":[\"https:\/\/charluu.cz\/produkt\/tydenni-diar-bezici-pejsci\/\"]}]},{\"@type\":\"ImageObject\",\"inLanguage\":\"en-US\",\"@id\":\"https:\/\/charluu.cz\/produkt\/tydenni-diar-bezici-pejsci\/#primaryimage\",\"url\":\"https:\/\/charluu.cz\/wp-content\/uploads\/2025\/11\/BLOK-HLAVNI2.jpg\",\"contentUrl\":\"https:\/\/charluu.cz\/wp-content\/uploads\/2025\/11\/BLOK-HLAVNI2.jpg\",\"width\":1080,\"height\":1350},{\"@type\":\"BreadcrumbList\",\"@id\":\"https:\/\/charluu.cz\/produkt\/tydenni-diar-bezici-pejsci\/#breadcrumb\",\"itemListElement\":[{\"@type\":\"ListItem\",\"position\":1,\"name\":\"Home\",\"item\":\"https:\/\/charluu.cz\/\"},{\"@type\":\"ListItem\",\"position\":2,\"name\":\"shop\",\"item\":\"https:\/\/charluu.cz\/produkty\/\"},{\"@type\":\"ListItem\",\"position\":3,\"name\":\"t\u00fddenn\u00ed di\u00e1\u0159 \/ ilustrace b\u011b\u017e\u00edc\u00ed pejsci\"}]},{\"@type\":\"WebSite\",\"@id\":\"https:\/\/charluu.cz\/#website\",\"url\":\"https:\/\/charluu.cz\/\",\"name\":\"CHARLUU - handpainted stoneware dog bowl\",\"description\":\"Vstupte do sv\u011bta ru\u010dn\u011b malovan\u00fdch kameninov\u00fdch misek pro psy\",\"publisher\":{\"@id\":\"https:\/\/charluu.cz\/#organization\"},\"potentialAction\":[{\"@type\":\"SearchAction\",\"target\":{\"@type\":\"EntryPoint\",\"urlTemplate\":\"https:\/\/charluu.cz\/?s={search_term_string}\"},\"query-input\":{\"@type\":\"PropertyValueSpecification\",\"valueRequired\":true,\"valueName\":\"search_term_string\"}}],\"inLanguage\":\"en-US\"},{\"@type\":\"Organization\",\"@id\":\"https:\/\/charluu.cz\/#organization\",\"name\":\"CHARLUU - handpainted stoneware dog bowl\",\"url\":\"https:\/\/charluu.cz\/\",\"logo\":{\"@type\":\"ImageObject\",\"inLanguage\":\"en-US\",\"@id\":\"https:\/\/charluu.cz\/#\/schema\/logo\/image\/\",\"url\":\"https:\/\/charluu.cz\/wp-content\/uploads\/2022\/09\/logo-hlavicka.svg\",\"contentUrl\":\"https:\/\/charluu.cz\/wp-content\/uploads\/2022\/09\/logo-hlavicka.svg\",\"width\":149,\"height\":116,\"caption\":\"CHARLUU - handpainted stoneware dog bowl\"},\"image\":{\"@id\":\"https:\/\/charluu.cz\/#\/schema\/logo\/image\/\"}}]}<\/script>\n<!-- \/ Yoast SEO plugin. -->","yoast_head_json":{"title":"t\u00fddenn\u00ed di\u00e1\u0159 \/ ilustrace b\u011b\u017e\u00edc\u00ed pejsci - CHARLUU - handpainted stoneware dog bowl","description":"Pap\u00edrov\u00fd t\u00fddenn\u00ed di\u00e1\u0159 se soft touch povrchem, ilustrace b\u011b\u017e\u00edc\u00ed psi. V1 se\u0161itov\u00e1 vazba, minimalistick\u00fd design. Zvenku ilustrace pejsk\u016f se side-eye v\u00fdrazem.","robots":{"index":"index","follow":"follow","max-snippet":"max-snippet:-1","max-image-preview":"max-image-preview:large","max-video-preview":"max-video-preview:-1"},"canonical":"https:\/\/charluu.cz\/en\/product\/tydenni-diar-bezici-pejsci\/","og_locale":"en_US","og_type":"article","og_title":"t\u00fddenn\u00ed di\u00e1\u0159 \/ ilustrace b\u011b\u017e\u00edc\u00ed pejsci - CHARLUU - handpainted stoneware dog bowl","og_description":"Pap\u00edrov\u00fd t\u00fddenn\u00ed di\u00e1\u0159 se soft touch povrchem, ilustrace b\u011b\u017e\u00edc\u00ed psi. V1 se\u0161itov\u00e1 vazba, minimalistick\u00fd design. Zvenku ilustrace pejsk\u016f se side-eye v\u00fdrazem.","og_url":"https:\/\/charluu.cz\/en\/product\/tydenni-diar-bezici-pejsci\/","og_site_name":"CHARLUU - handpainted stoneware dog bowl","article_modified_time":"2026-02-28T11:14:51+00:00","og_image":[{"width":1080,"height":1350,"url":"https:\/\/charluu.cz\/wp-content\/uploads\/2025\/11\/BLOK-HLAVNI2.jpg","type":"image\/jpeg"}],"twitter_card":"summary_large_image","twitter_misc":{"Est. reading time":"2 minutes"},"schema":{"@context":"https:\/\/schema.org","@graph":[{"@type":"WebPage","@id":"https:\/\/charluu.cz\/produkt\/tydenni-diar-bezici-pejsci\/","url":"https:\/\/charluu.cz\/produkt\/tydenni-diar-bezici-pejsci\/","name":"t\u00fddenn\u00ed di\u00e1\u0159 \/ ilustrace b\u011b\u017e\u00edc\u00ed pejsci - CHARLUU - handpainted stoneware dog bowl","isPartOf":{"@id":"https:\/\/charluu.cz\/#website"},"primaryImageOfPage":{"@id":"https:\/\/charluu.cz\/produkt\/tydenni-diar-bezici-pejsci\/#primaryimage"},"image":{"@id":"https:\/\/charluu.cz\/produkt\/tydenni-diar-bezici-pejsci\/#primaryimage"},"thumbnailUrl":"https:\/\/charluu.cz\/wp-content\/uploads\/2025\/11\/BLOK-HLAVNI2.jpg","datePublished":"2025-11-23T18:10:42+00:00","dateModified":"2026-02-28T11:14:51+00:00","description":"Pap\u00edrov\u00fd t\u00fddenn\u00ed di\u00e1\u0159 se soft touch povrchem, ilustrace b\u011b\u017e\u00edc\u00ed psi. V1 se\u0161itov\u00e1 vazba, minimalistick\u00fd design. Zvenku ilustrace pejsk\u016f se side-eye v\u00fdrazem.","breadcrumb":{"@id":"https:\/\/charluu.cz\/produkt\/tydenni-diar-bezici-pejsci\/#breadcrumb"},"inLanguage":"en-US","potentialAction":[{"@type":"ReadAction","target":["https:\/\/charluu.cz\/produkt\/tydenni-diar-bezici-pejsci\/"]}]},{"@type":"ImageObject","inLanguage":"en-US","@id":"https:\/\/charluu.cz\/produkt\/tydenni-diar-bezici-pejsci\/#primaryimage","url":"https:\/\/charluu.cz\/wp-content\/uploads\/2025\/11\/BLOK-HLAVNI2.jpg","contentUrl":"https:\/\/charluu.cz\/wp-content\/uploads\/2025\/11\/BLOK-HLAVNI2.jpg","width":1080,"height":1350},{"@type":"BreadcrumbList","@id":"https:\/\/charluu.cz\/produkt\/tydenni-diar-bezici-pejsci\/#breadcrumb","itemListElement":[{"@type":"ListItem","position":1,"name":"Home","item":"https:\/\/charluu.cz\/"},{"@type":"ListItem","position":2,"name":"shop","item":"https:\/\/charluu.cz\/produkty\/"},{"@type":"ListItem","position":3,"name":"t\u00fddenn\u00ed di\u00e1\u0159 \/ ilustrace b\u011b\u017e\u00edc\u00ed pejsci"}]},{"@type":"WebSite","@id":"https:\/\/charluu.cz\/#website","url":"https:\/\/charluu.cz\/","name":"CHARLUU - handpainted stoneware dog bowl","description":"Vstupte do sv\u011bta ru\u010dn\u011b malovan\u00fdch kameninov\u00fdch misek pro psy","publisher":{"@id":"https:\/\/charluu.cz\/#organization"},"potentialAction":[{"@type":"SearchAction","target":{"@type":"EntryPoint","urlTemplate":"https:\/\/charluu.cz\/?s={search_term_string}"},"query-input":{"@type":"PropertyValueSpecification","valueRequired":true,"valueName":"search_term_string"}}],"inLanguage":"en-US"},{"@type":"Organization","@id":"https:\/\/charluu.cz\/#organization","name":"CHARLUU - handpainted stoneware dog bowl","url":"https:\/\/charluu.cz\/","logo":{"@type":"ImageObject","inLanguage":"en-US","@id":"https:\/\/charluu.cz\/#\/schema\/logo\/image\/","url":"https:\/\/charluu.cz\/wp-content\/uploads\/2022\/09\/logo-hlavicka.svg","contentUrl":"https:\/\/charluu.cz\/wp-content\/uploads\/2022\/09\/logo-hlavicka.svg","width":149,"height":116,"caption":"CHARLUU - handpainted stoneware dog bowl"},"image":{"@id":"https:\/\/charluu.cz\/#\/schema\/logo\/image\/"}}]}},"_links":{"self":[{"href":"https:\/\/charluu.cz\/en\/wp-json\/wp\/v2\/product\/6514","targetHints":{"allow":["GET"]}}],"collection":[{"href":"https:\/\/charluu.cz\/en\/wp-json\/wp\/v2\/product"}],"about":[{"href":"https:\/\/charluu.cz\/en\/wp-json\/wp\/v2\/types\/product"}],"version-history":[{"count":3,"href":"https:\/\/charluu.cz\/en\/wp-json\/wp\/v2\/product\/6514\/revisions"}],"predecessor-version":[{"id":6764,"href":"https:\/\/charluu.cz\/en\/wp-json\/wp\/v2\/product\/6514\/revisions\/6764"}],"wp:featuredmedia":[{"embeddable":true,"href":"https:\/\/charluu.cz\/en\/wp-json\/wp\/v2\/media\/6763"}],"wp:attachment":[{"href":"https:\/\/charluu.cz\/en\/wp-json\/wp\/v2\/media?parent=6514"}],"wp:term":[{"taxonomy":"product_brand","embeddable":true,"href":"https:\/\/charluu.cz\/en\/wp-json\/wp\/v2\/product_brand?post=6514"},{"taxonomy":"product_cat","embeddable":true,"href":"https:\/\/charluu.cz\/en\/wp-json\/wp\/v2\/product_cat?post=6514"},{"taxonomy":"product_tag","embeddable":true,"href":"https:\/\/charluu.cz\/en\/wp-json\/wp\/v2\/product_tag?post=6514"}],"curies":[{"name":"wp","href":"https:\/\/api.w.org\/{rel}","templated":true}]}}