{"id":6499,"date":"2025-11-23T19:10:14","date_gmt":"2025-11-23T18:10:14","guid":{"rendered":"https:\/\/charluu.cz\/?post_type=product&#038;p=6499"},"modified":"2026-01-05T08:58:39","modified_gmt":"2026-01-05T07:58:39","slug":"tydenni-diar-s-plysovymi-pejsky","status":"publish","type":"product","link":"https:\/\/charluu.cz\/en\/product\/tydenni-diar-s-plysovymi-pejsky\/","title":{"rendered":"t\u00fddenn\u00ed di\u00e1\u0159 s ply\u0161ov\u00fdmi pejsky"},"content":{"rendered":"<p data-start=\"248\" data-end=\"307\"><strong data-start=\"248\" data-end=\"307\">Pap\u00edrov\u00fd t\u00fddenn\u00ed di\u00e1\u0159 s ply\u0161ov\u00fdmi pejsky | 150 \u00d7 190 mm<\/strong><\/p>\n<p data-start=\"309\" data-end=\"706\">Di\u00e1\u0159 m\u00e1 ob\u00e1lku s mal\u00fdmi b\u00edl\u00fdmi pejsky, kte\u0159\u00ed maj\u00ed <strong data-start=\"359\" data-end=\"394\">a flocked, lightly plush surface.<\/strong>The cover is finished <strong data-start=\"415\" data-end=\"437\">with soft touch lamination,<\/strong>, tak\u017ee je odoln\u00e1 a p\u0159\u00edjemn\u00e1 na dotek. Pejsci maj\u00ed jemnou 3D ply\u0161ovou strukturu, kterou budete cht\u00edt hladit poka\u017ed\u00e9, kdy\u017e di\u00e1\u0159 vezmete do ruky. Maj\u00ed i <strong data-start=\"588\" data-end=\"609\">are die cut,<\/strong>giving them a little ninja look. In person it is even cuter than it sounds. \ud83e\udd0d<\/p>\n<h3 data-start=\"708\" data-end=\"732\"><strong data-start=\"712\" data-end=\"732\">Vlastnosti di\u00e1\u0159e<\/strong><\/h3>\n<ul data-start=\"733\" data-end=\"1096\">\n<li data-start=\"733\" data-end=\"760\">\n<p data-start=\"735\" data-end=\"760\">size <strong data-start=\"742\" data-end=\"758\">150 \u00d7 190 mm <\/strong>(A5, but shorter in height)<\/p>\n<\/li>\n<li data-start=\"761\" data-end=\"797\">\n<p data-start=\"763\" data-end=\"797\"><strong data-start=\"763\" data-end=\"784\">Saddle stitched binding (V1)<\/strong> (2 sponky)<\/p>\n<\/li>\n<li data-start=\"798\" data-end=\"882\">\n<p data-start=\"800\" data-end=\"882\">inner paper: <strong data-start=\"815\" data-end=\"844\">pevn\u011bj\u0161\u00ed nenat\u00edran\u00fd pap\u00edr<\/strong>, vhodn\u00fd pro klasick\u00e9 psan\u00ed i kresby<\/p>\n<\/li>\n<li data-start=\"883\" data-end=\"928\">\n<p data-start=\"885\" data-end=\"928\"><strong data-start=\"885\" data-end=\"901\">t\u00fddenn\u00ed di\u00e1\u0159<\/strong> \u2013 jeden t\u00fdden na str\u00e1nce<\/p>\n<\/li>\n<li data-start=\"929\" data-end=\"979\">\n<p data-start=\"931\" data-end=\"979\"><strong data-start=\"931\" data-end=\"953\">ro\u010dn\u00ed p\u0159ehled 2026<\/strong> + 1 str\u00e1nka na pozn\u00e1mky<\/p>\n<\/li>\n<li data-start=\"980\" data-end=\"1096\">\n<p data-start=\"982\" data-end=\"1096\">jednoduch\u00fd, <strong data-start=\"994\" data-end=\"1020\">minimalistick\u00fd vnit\u0159ek<\/strong> s dostatkem m\u00edsta pro text (nebo n\u00e1lepky, pokud to chcete m\u00edt barevn\u011bj\u0161\u00ed \ud83d\ude42<\/p>\n<\/li>\n<\/ul>\n<h3 data-start=\"1098\" data-end=\"1109\"><strong data-start=\"1102\" data-end=\"1109\">TIP<\/strong><\/h3>\n<p data-start=\"1110\" data-end=\"1254\">Milovn\u00edci di\u00e1\u0159ov\u00fdch n\u00e1lepek si k n\u011bmu mohou p\u0159idat i <strong data-start=\"1163\" data-end=\"1199\">arch n\u00e1lepek za zv\u00fdhodn\u011bnou cenu<\/strong> jako set <em data-start=\"1209\" data-end=\"1225\">di\u00e1\u0159 + n\u00e1lepky<\/em>. Za n\u00e1s ur\u010dit\u011b doporu\u010dujeme.\u2728<\/p>\n<p data-start=\"1261\" data-end=\"1598\">Di\u00e1\u0159 je lehk\u00fd, snadno p\u0159enosn\u00fd a z kvalitn\u00edch materi\u00e1l\u016f, tak\u017ee bez probl\u00e9m\u016f zvl\u00e1dne ka\u017edodenn\u00ed pou\u017e\u00edv\u00e1n\u00ed po cel\u00fd rok. P\u016fsob\u00ed p\u0159\u00edjemn\u011b na dotek a d\u00edky minimalistick\u00e9mu rozvr\u017een\u00ed d\u00e1v\u00e1 hodn\u011b prostoru pro pl\u00e1nov\u00e1n\u00ed i n\u00e1lepkov\u00e9 \u010di jak\u00e9koliv zdoben\u00ed. Ply\u0161ov\u00fd pejsci jsou nav\u00edc u n\u00e1s v \u010cR nepou\u017e\u00edvan\u00e1 \u00faprava, tak\u017ee bude v\u00e1\u0161 nov\u00fd di\u00e1\u0159 to tak trochu unik\u00e1t! \ud83d\udc8e\ud83e\udd79<\/p>","protected":false},"excerpt":{"rendered":"<p>Pap\u00edrov\u00fd t\u00fddenn\u00ed di\u00e1\u0159 m\u00e1 ob\u00e1lku s mal\u00fdmi b\u00edl\u00fdmi pejsky, kte\u0159\u00ed maj\u00ed flockov\u00fd (jemn\u011b ply\u0161ov\u00fd) povrch. V1 se\u0161itov\u00e1 vazba, minimalistick\u00fd design s cute povrchem<\/p>","protected":false},"featured_media":6724,"template":"","meta":[],"product_brand":[],"product_cat":[15,42],"product_tag":[],"class_list":{"0":"post-6499","1":"product","2":"type-product","3":"status-publish","4":"has-post-thumbnail","6":"product_cat-eshop","7":"product_cat-ostatni","9":"first","10":"instock","11":"shipping-taxable","12":"purchasable","13":"product-type-variable"},"yoast_head":"<!-- This site is optimized with the Yoast SEO plugin v27.0 - https:\/\/yoast.com\/product\/yoast-seo-wordpress\/ -->\n<title>t\u00fddenn\u00ed di\u00e1\u0159 s ply\u0161ov\u00fdmi pejsky - CHARLUU - handpainted stoneware dog bowl<\/title>\n<meta name=\"description\" content=\"Pap\u00edrov\u00fd t\u00fddenn\u00ed di\u00e1\u0159 m\u00e1 ob\u00e1lku s mal\u00fdmi b\u00edl\u00fdmi pejsky, kte\u0159\u00ed maj\u00ed flockov\u00fd (jemn\u011b ply\u0161ov\u00fd) povrch. V1 se\u0161itov\u00e1 vazba, minimalistick\u00fd design s cute povrchem\" \/>\n<meta name=\"robots\" content=\"index, follow, max-snippet:-1, max-image-preview:large, max-video-preview:-1\" \/>\n<link rel=\"canonical\" href=\"https:\/\/charluu.cz\/en\/product\/tydenni-diar-s-plysovymi-pejsky\/\" \/>\n<meta property=\"og:locale\" content=\"en_US\" \/>\n<meta property=\"og:type\" content=\"article\" \/>\n<meta property=\"og:title\" content=\"t\u00fddenn\u00ed di\u00e1\u0159 s ply\u0161ov\u00fdmi pejsky - CHARLUU - handpainted stoneware dog bowl\" \/>\n<meta property=\"og:description\" content=\"Pap\u00edrov\u00fd t\u00fddenn\u00ed di\u00e1\u0159 m\u00e1 ob\u00e1lku s mal\u00fdmi b\u00edl\u00fdmi pejsky, kte\u0159\u00ed maj\u00ed flockov\u00fd (jemn\u011b ply\u0161ov\u00fd) povrch. V1 se\u0161itov\u00e1 vazba, minimalistick\u00fd design s cute povrchem\" \/>\n<meta property=\"og:url\" content=\"https:\/\/charluu.cz\/en\/product\/tydenni-diar-s-plysovymi-pejsky\/\" \/>\n<meta property=\"og:site_name\" content=\"CHARLUU - handpainted stoneware dog bowl\" \/>\n<meta property=\"article:modified_time\" content=\"2026-01-05T07:58:39+00:00\" \/>\n<meta property=\"og:image\" content=\"https:\/\/charluu.cz\/wp-content\/uploads\/2025\/11\/obalky_flock.jpg\" \/>\n\t<meta property=\"og:image:width\" content=\"1080\" \/>\n\t<meta property=\"og:image:height\" content=\"1350\" \/>\n\t<meta property=\"og:image:type\" content=\"image\/jpeg\" \/>\n<meta name=\"twitter:card\" content=\"summary_large_image\" \/>\n<meta name=\"twitter:label1\" content=\"Est. reading time\" \/>\n\t<meta name=\"twitter:data1\" content=\"2 minutes\" \/>\n<script type=\"application\/ld+json\" class=\"yoast-schema-graph\">{\"@context\":\"https:\/\/schema.org\",\"@graph\":[{\"@type\":\"WebPage\",\"@id\":\"https:\/\/charluu.cz\/produkt\/tydenni-diar-s-plysovymi-pejsky\/\",\"url\":\"https:\/\/charluu.cz\/produkt\/tydenni-diar-s-plysovymi-pejsky\/\",\"name\":\"t\u00fddenn\u00ed di\u00e1\u0159 s ply\u0161ov\u00fdmi pejsky - CHARLUU - handpainted stoneware dog bowl\",\"isPartOf\":{\"@id\":\"https:\/\/charluu.cz\/#website\"},\"primaryImageOfPage\":{\"@id\":\"https:\/\/charluu.cz\/produkt\/tydenni-diar-s-plysovymi-pejsky\/#primaryimage\"},\"image\":{\"@id\":\"https:\/\/charluu.cz\/produkt\/tydenni-diar-s-plysovymi-pejsky\/#primaryimage\"},\"thumbnailUrl\":\"https:\/\/charluu.cz\/wp-content\/uploads\/2025\/11\/obalky_flock.jpg\",\"datePublished\":\"2025-11-23T18:10:14+00:00\",\"dateModified\":\"2026-01-05T07:58:39+00:00\",\"description\":\"Pap\u00edrov\u00fd t\u00fddenn\u00ed di\u00e1\u0159 m\u00e1 ob\u00e1lku s mal\u00fdmi b\u00edl\u00fdmi pejsky, kte\u0159\u00ed maj\u00ed flockov\u00fd (jemn\u011b ply\u0161ov\u00fd) povrch. V1 se\u0161itov\u00e1 vazba, minimalistick\u00fd design s cute povrchem\",\"breadcrumb\":{\"@id\":\"https:\/\/charluu.cz\/produkt\/tydenni-diar-s-plysovymi-pejsky\/#breadcrumb\"},\"inLanguage\":\"en-US\",\"potentialAction\":[{\"@type\":\"ReadAction\",\"target\":[\"https:\/\/charluu.cz\/produkt\/tydenni-diar-s-plysovymi-pejsky\/\"]}]},{\"@type\":\"ImageObject\",\"inLanguage\":\"en-US\",\"@id\":\"https:\/\/charluu.cz\/produkt\/tydenni-diar-s-plysovymi-pejsky\/#primaryimage\",\"url\":\"https:\/\/charluu.cz\/wp-content\/uploads\/2025\/11\/obalky_flock.jpg\",\"contentUrl\":\"https:\/\/charluu.cz\/wp-content\/uploads\/2025\/11\/obalky_flock.jpg\",\"width\":1080,\"height\":1350},{\"@type\":\"BreadcrumbList\",\"@id\":\"https:\/\/charluu.cz\/produkt\/tydenni-diar-s-plysovymi-pejsky\/#breadcrumb\",\"itemListElement\":[{\"@type\":\"ListItem\",\"position\":1,\"name\":\"Home\",\"item\":\"https:\/\/charluu.cz\/\"},{\"@type\":\"ListItem\",\"position\":2,\"name\":\"shop\",\"item\":\"https:\/\/charluu.cz\/produkty\/\"},{\"@type\":\"ListItem\",\"position\":3,\"name\":\"t\u00fddenn\u00ed di\u00e1\u0159 s ply\u0161ov\u00fdmi pejsky\"}]},{\"@type\":\"WebSite\",\"@id\":\"https:\/\/charluu.cz\/#website\",\"url\":\"https:\/\/charluu.cz\/\",\"name\":\"CHARLUU - handpainted stoneware dog bowl\",\"description\":\"Vstupte do sv\u011bta ru\u010dn\u011b malovan\u00fdch kameninov\u00fdch misek pro psy\",\"publisher\":{\"@id\":\"https:\/\/charluu.cz\/#organization\"},\"potentialAction\":[{\"@type\":\"SearchAction\",\"target\":{\"@type\":\"EntryPoint\",\"urlTemplate\":\"https:\/\/charluu.cz\/?s={search_term_string}\"},\"query-input\":{\"@type\":\"PropertyValueSpecification\",\"valueRequired\":true,\"valueName\":\"search_term_string\"}}],\"inLanguage\":\"en-US\"},{\"@type\":\"Organization\",\"@id\":\"https:\/\/charluu.cz\/#organization\",\"name\":\"CHARLUU - handpainted stoneware dog bowl\",\"url\":\"https:\/\/charluu.cz\/\",\"logo\":{\"@type\":\"ImageObject\",\"inLanguage\":\"en-US\",\"@id\":\"https:\/\/charluu.cz\/#\/schema\/logo\/image\/\",\"url\":\"https:\/\/charluu.cz\/wp-content\/uploads\/2022\/09\/logo-hlavicka.svg\",\"contentUrl\":\"https:\/\/charluu.cz\/wp-content\/uploads\/2022\/09\/logo-hlavicka.svg\",\"width\":149,\"height\":116,\"caption\":\"CHARLUU - handpainted stoneware dog bowl\"},\"image\":{\"@id\":\"https:\/\/charluu.cz\/#\/schema\/logo\/image\/\"}}]}<\/script>\n<!-- \/ Yoast SEO plugin. -->","yoast_head_json":{"title":"t\u00fddenn\u00ed di\u00e1\u0159 s ply\u0161ov\u00fdmi pejsky - CHARLUU - handpainted stoneware dog bowl","description":"Pap\u00edrov\u00fd t\u00fddenn\u00ed di\u00e1\u0159 m\u00e1 ob\u00e1lku s mal\u00fdmi b\u00edl\u00fdmi pejsky, kte\u0159\u00ed maj\u00ed flockov\u00fd (jemn\u011b ply\u0161ov\u00fd) povrch. V1 se\u0161itov\u00e1 vazba, minimalistick\u00fd design s cute povrchem","robots":{"index":"index","follow":"follow","max-snippet":"max-snippet:-1","max-image-preview":"max-image-preview:large","max-video-preview":"max-video-preview:-1"},"canonical":"https:\/\/charluu.cz\/en\/product\/tydenni-diar-s-plysovymi-pejsky\/","og_locale":"en_US","og_type":"article","og_title":"t\u00fddenn\u00ed di\u00e1\u0159 s ply\u0161ov\u00fdmi pejsky - CHARLUU - handpainted stoneware dog bowl","og_description":"Pap\u00edrov\u00fd t\u00fddenn\u00ed di\u00e1\u0159 m\u00e1 ob\u00e1lku s mal\u00fdmi b\u00edl\u00fdmi pejsky, kte\u0159\u00ed maj\u00ed flockov\u00fd (jemn\u011b ply\u0161ov\u00fd) povrch. V1 se\u0161itov\u00e1 vazba, minimalistick\u00fd design s cute povrchem","og_url":"https:\/\/charluu.cz\/en\/product\/tydenni-diar-s-plysovymi-pejsky\/","og_site_name":"CHARLUU - handpainted stoneware dog bowl","article_modified_time":"2026-01-05T07:58:39+00:00","og_image":[{"width":1080,"height":1350,"url":"https:\/\/charluu.cz\/wp-content\/uploads\/2025\/11\/obalky_flock.jpg","type":"image\/jpeg"}],"twitter_card":"summary_large_image","twitter_misc":{"Est. reading time":"2 minutes"},"schema":{"@context":"https:\/\/schema.org","@graph":[{"@type":"WebPage","@id":"https:\/\/charluu.cz\/produkt\/tydenni-diar-s-plysovymi-pejsky\/","url":"https:\/\/charluu.cz\/produkt\/tydenni-diar-s-plysovymi-pejsky\/","name":"t\u00fddenn\u00ed di\u00e1\u0159 s ply\u0161ov\u00fdmi pejsky - CHARLUU - handpainted stoneware dog bowl","isPartOf":{"@id":"https:\/\/charluu.cz\/#website"},"primaryImageOfPage":{"@id":"https:\/\/charluu.cz\/produkt\/tydenni-diar-s-plysovymi-pejsky\/#primaryimage"},"image":{"@id":"https:\/\/charluu.cz\/produkt\/tydenni-diar-s-plysovymi-pejsky\/#primaryimage"},"thumbnailUrl":"https:\/\/charluu.cz\/wp-content\/uploads\/2025\/11\/obalky_flock.jpg","datePublished":"2025-11-23T18:10:14+00:00","dateModified":"2026-01-05T07:58:39+00:00","description":"Pap\u00edrov\u00fd t\u00fddenn\u00ed di\u00e1\u0159 m\u00e1 ob\u00e1lku s mal\u00fdmi b\u00edl\u00fdmi pejsky, kte\u0159\u00ed maj\u00ed flockov\u00fd (jemn\u011b ply\u0161ov\u00fd) povrch. V1 se\u0161itov\u00e1 vazba, minimalistick\u00fd design s cute povrchem","breadcrumb":{"@id":"https:\/\/charluu.cz\/produkt\/tydenni-diar-s-plysovymi-pejsky\/#breadcrumb"},"inLanguage":"en-US","potentialAction":[{"@type":"ReadAction","target":["https:\/\/charluu.cz\/produkt\/tydenni-diar-s-plysovymi-pejsky\/"]}]},{"@type":"ImageObject","inLanguage":"en-US","@id":"https:\/\/charluu.cz\/produkt\/tydenni-diar-s-plysovymi-pejsky\/#primaryimage","url":"https:\/\/charluu.cz\/wp-content\/uploads\/2025\/11\/obalky_flock.jpg","contentUrl":"https:\/\/charluu.cz\/wp-content\/uploads\/2025\/11\/obalky_flock.jpg","width":1080,"height":1350},{"@type":"BreadcrumbList","@id":"https:\/\/charluu.cz\/produkt\/tydenni-diar-s-plysovymi-pejsky\/#breadcrumb","itemListElement":[{"@type":"ListItem","position":1,"name":"Home","item":"https:\/\/charluu.cz\/"},{"@type":"ListItem","position":2,"name":"shop","item":"https:\/\/charluu.cz\/produkty\/"},{"@type":"ListItem","position":3,"name":"t\u00fddenn\u00ed di\u00e1\u0159 s ply\u0161ov\u00fdmi pejsky"}]},{"@type":"WebSite","@id":"https:\/\/charluu.cz\/#website","url":"https:\/\/charluu.cz\/","name":"CHARLUU - handpainted stoneware dog bowl","description":"Vstupte do sv\u011bta ru\u010dn\u011b malovan\u00fdch kameninov\u00fdch misek pro psy","publisher":{"@id":"https:\/\/charluu.cz\/#organization"},"potentialAction":[{"@type":"SearchAction","target":{"@type":"EntryPoint","urlTemplate":"https:\/\/charluu.cz\/?s={search_term_string}"},"query-input":{"@type":"PropertyValueSpecification","valueRequired":true,"valueName":"search_term_string"}}],"inLanguage":"en-US"},{"@type":"Organization","@id":"https:\/\/charluu.cz\/#organization","name":"CHARLUU - handpainted stoneware dog bowl","url":"https:\/\/charluu.cz\/","logo":{"@type":"ImageObject","inLanguage":"en-US","@id":"https:\/\/charluu.cz\/#\/schema\/logo\/image\/","url":"https:\/\/charluu.cz\/wp-content\/uploads\/2022\/09\/logo-hlavicka.svg","contentUrl":"https:\/\/charluu.cz\/wp-content\/uploads\/2022\/09\/logo-hlavicka.svg","width":149,"height":116,"caption":"CHARLUU - handpainted stoneware dog bowl"},"image":{"@id":"https:\/\/charluu.cz\/#\/schema\/logo\/image\/"}}]}},"_links":{"self":[{"href":"https:\/\/charluu.cz\/en\/wp-json\/wp\/v2\/product\/6499","targetHints":{"allow":["GET"]}}],"collection":[{"href":"https:\/\/charluu.cz\/en\/wp-json\/wp\/v2\/product"}],"about":[{"href":"https:\/\/charluu.cz\/en\/wp-json\/wp\/v2\/types\/product"}],"version-history":[{"count":4,"href":"https:\/\/charluu.cz\/en\/wp-json\/wp\/v2\/product\/6499\/revisions"}],"predecessor-version":[{"id":6728,"href":"https:\/\/charluu.cz\/en\/wp-json\/wp\/v2\/product\/6499\/revisions\/6728"}],"wp:featuredmedia":[{"embeddable":true,"href":"https:\/\/charluu.cz\/en\/wp-json\/wp\/v2\/media\/6724"}],"wp:attachment":[{"href":"https:\/\/charluu.cz\/en\/wp-json\/wp\/v2\/media?parent=6499"}],"wp:term":[{"taxonomy":"product_brand","embeddable":true,"href":"https:\/\/charluu.cz\/en\/wp-json\/wp\/v2\/product_brand?post=6499"},{"taxonomy":"product_cat","embeddable":true,"href":"https:\/\/charluu.cz\/en\/wp-json\/wp\/v2\/product_cat?post=6499"},{"taxonomy":"product_tag","embeddable":true,"href":"https:\/\/charluu.cz\/en\/wp-json\/wp\/v2\/product_tag?post=6499"}],"curies":[{"name":"wp","href":"https:\/\/api.w.org\/{rel}","templated":true}]}}