{"id":6358,"date":"2025-11-11T19:00:41","date_gmt":"2025-11-11T17:00:41","guid":{"rendered":"https:\/\/charluu.cz\/?post_type=product&#038;p=6358"},"modified":"2025-11-09T17:50:25","modified_gmt":"2025-11-09T15:50:25","slug":"bobik-mumie","status":"publish","type":"product","link":"https:\/\/charluu.cz\/en\/product\/bobik-mumie\/","title":{"rendered":"BOBIK mumie"},"content":{"rendered":"<p>Ru\u010dn\u011b malovan\u00fd a vyroben\u00fd mal\u00fd odoln\u00fd Bob\u00edk pro \u0161t\u011bst\u00ed<\/p>\n<p>Wear it everywhere and it will bring you good luck. &lt;3<\/p>\n<p>Velikost je kolem 2cm, pokud chcete p\u0159esn\u00fd rozm\u011br, napi\u0161te mi na instagram a m\u016f\u017eu v\u00e1m ho p\u0159em\u011b\u0159it \ud83d\ude42<\/p>\n<p>&nbsp;<\/p>\n<ul>\n<li>Handmade from durable light beige stoneware, hand painted illustrations covered with a glossy clear glaze. The materials used are of high quality, lead-free and suitable for contact with food and water.<\/li>\n<li>Each piece is handmade and hand-painted, so it may contain slight imperfections or unevenness, which we consider part of the charm of handcrafted items.<\/li>\n<li>We make all our things by hand in Prague Czech Republic. Each piece is unique.<\/li>\n<\/ul>\n<p>&nbsp;<\/p>","protected":false},"excerpt":{"rendered":"<p>Ru\u010dn\u011b malovan\u00fd a vyroben\u00fd kameninov\u00fd Bob\u00edk pro \u0161t\u011bst\u00ed CHARLUU.<\/p>","protected":false},"featured_media":6349,"template":"","meta":[],"product_brand":[],"product_cat":[15,41],"product_tag":[],"class_list":{"0":"post-6358","1":"product","2":"type-product","3":"status-publish","4":"has-post-thumbnail","6":"product_cat-eshop","7":"product_cat-bobik","9":"first","10":"instock","11":"shipping-taxable","12":"purchasable","13":"product-type-simple"},"yoast_head":"<!-- This site is optimized with the Yoast SEO plugin v27.0 - https:\/\/yoast.com\/product\/yoast-seo-wordpress\/ -->\n<title>bob\u00edk pro \u0161t\u011bst\u00ed | CHARLUU | Ru\u010dn\u011b malovan\u00fd design<\/title>\n<meta name=\"description\" content=\"Ru\u010dn\u011b malovan\u00fd a vyroben\u00fd kameninov\u00fd Bob\u00edk pro \u0161t\u011bst\u00ed CHARLUU. Je roztomil\u00fd a je skv\u011bl\u00fd jako d\u00e1rek pro sebe nebo sv\u00e9 bl\u00edzk\u00e9.\" \/>\n<meta name=\"robots\" content=\"index, follow, max-snippet:-1, max-image-preview:large, max-video-preview:-1\" \/>\n<link rel=\"canonical\" href=\"https:\/\/charluu.cz\/en\/product\/bobik-mumie\/\" \/>\n<meta property=\"og:locale\" content=\"en_US\" \/>\n<meta property=\"og:type\" content=\"article\" \/>\n<meta property=\"og:title\" content=\"bob\u00edk pro \u0161t\u011bst\u00ed | CHARLUU | Ru\u010dn\u011b malovan\u00fd design\" \/>\n<meta property=\"og:description\" content=\"Ru\u010dn\u011b malovan\u00fd a vyroben\u00fd kameninov\u00fd Bob\u00edk pro \u0161t\u011bst\u00ed CHARLUU. Je roztomil\u00fd a je skv\u011bl\u00fd jako d\u00e1rek pro sebe nebo sv\u00e9 bl\u00edzk\u00e9.\" \/>\n<meta property=\"og:url\" content=\"https:\/\/charluu.cz\/en\/product\/bobik-mumie\/\" \/>\n<meta property=\"og:site_name\" content=\"CHARLUU - handpainted stoneware dog bowl\" \/>\n<meta property=\"og:image\" content=\"https:\/\/charluu.cz\/wp-content\/uploads\/2025\/03\/bobik_11__0015_charluu_16.jpg\" \/>\n\t<meta property=\"og:image:width\" content=\"1080\" \/>\n\t<meta property=\"og:image:height\" content=\"1360\" \/>\n\t<meta property=\"og:image:type\" content=\"image\/jpeg\" \/>\n<meta name=\"twitter:card\" content=\"summary_large_image\" \/>\n<meta name=\"twitter:label1\" content=\"Est. reading time\" \/>\n\t<meta name=\"twitter:data1\" content=\"1 minute\" \/>\n<script type=\"application\/ld+json\" class=\"yoast-schema-graph\">{\"@context\":\"https:\/\/schema.org\",\"@graph\":[{\"@type\":\"WebPage\",\"@id\":\"https:\/\/charluu.cz\/produkt\/bobik-mumie\/\",\"url\":\"https:\/\/charluu.cz\/produkt\/bobik-mumie\/\",\"name\":\"bob\u00edk pro \u0161t\u011bst\u00ed | CHARLUU | Ru\u010dn\u011b malovan\u00fd design\",\"isPartOf\":{\"@id\":\"https:\/\/charluu.cz\/#website\"},\"primaryImageOfPage\":{\"@id\":\"https:\/\/charluu.cz\/produkt\/bobik-mumie\/#primaryimage\"},\"image\":{\"@id\":\"https:\/\/charluu.cz\/produkt\/bobik-mumie\/#primaryimage\"},\"thumbnailUrl\":\"https:\/\/charluu.cz\/wp-content\/uploads\/2025\/03\/bobik_11__0015_charluu_16.jpg\",\"datePublished\":\"2025-11-11T17:00:41+00:00\",\"description\":\"Ru\u010dn\u011b malovan\u00fd a vyroben\u00fd kameninov\u00fd Bob\u00edk pro \u0161t\u011bst\u00ed CHARLUU. Je roztomil\u00fd a je skv\u011bl\u00fd jako d\u00e1rek pro sebe nebo sv\u00e9 bl\u00edzk\u00e9.\",\"breadcrumb\":{\"@id\":\"https:\/\/charluu.cz\/produkt\/bobik-mumie\/#breadcrumb\"},\"inLanguage\":\"en-US\",\"potentialAction\":[{\"@type\":\"ReadAction\",\"target\":[\"https:\/\/charluu.cz\/produkt\/bobik-mumie\/\"]}]},{\"@type\":\"ImageObject\",\"inLanguage\":\"en-US\",\"@id\":\"https:\/\/charluu.cz\/produkt\/bobik-mumie\/#primaryimage\",\"url\":\"https:\/\/charluu.cz\/wp-content\/uploads\/2025\/03\/bobik_11__0015_charluu_16.jpg\",\"contentUrl\":\"https:\/\/charluu.cz\/wp-content\/uploads\/2025\/03\/bobik_11__0015_charluu_16.jpg\",\"width\":1080,\"height\":1360},{\"@type\":\"BreadcrumbList\",\"@id\":\"https:\/\/charluu.cz\/produkt\/bobik-mumie\/#breadcrumb\",\"itemListElement\":[{\"@type\":\"ListItem\",\"position\":1,\"name\":\"Home\",\"item\":\"https:\/\/charluu.cz\/\"},{\"@type\":\"ListItem\",\"position\":2,\"name\":\"shop\",\"item\":\"https:\/\/charluu.cz\/produkty\/\"},{\"@type\":\"ListItem\",\"position\":3,\"name\":\"BOBIK mumie\"}]},{\"@type\":\"WebSite\",\"@id\":\"https:\/\/charluu.cz\/#website\",\"url\":\"https:\/\/charluu.cz\/\",\"name\":\"CHARLUU - handpainted stoneware dog bowl\",\"description\":\"Vstupte do sv\u011bta ru\u010dn\u011b malovan\u00fdch kameninov\u00fdch misek pro psy\",\"publisher\":{\"@id\":\"https:\/\/charluu.cz\/#organization\"},\"potentialAction\":[{\"@type\":\"SearchAction\",\"target\":{\"@type\":\"EntryPoint\",\"urlTemplate\":\"https:\/\/charluu.cz\/?s={search_term_string}\"},\"query-input\":{\"@type\":\"PropertyValueSpecification\",\"valueRequired\":true,\"valueName\":\"search_term_string\"}}],\"inLanguage\":\"en-US\"},{\"@type\":\"Organization\",\"@id\":\"https:\/\/charluu.cz\/#organization\",\"name\":\"CHARLUU - handpainted stoneware dog bowl\",\"url\":\"https:\/\/charluu.cz\/\",\"logo\":{\"@type\":\"ImageObject\",\"inLanguage\":\"en-US\",\"@id\":\"https:\/\/charluu.cz\/#\/schema\/logo\/image\/\",\"url\":\"https:\/\/charluu.cz\/wp-content\/uploads\/2022\/09\/logo-hlavicka.svg\",\"contentUrl\":\"https:\/\/charluu.cz\/wp-content\/uploads\/2022\/09\/logo-hlavicka.svg\",\"width\":149,\"height\":116,\"caption\":\"CHARLUU - handpainted stoneware dog bowl\"},\"image\":{\"@id\":\"https:\/\/charluu.cz\/#\/schema\/logo\/image\/\"}}]}<\/script>\n<!-- \/ Yoast SEO plugin. -->","yoast_head_json":{"title":"bob\u00edk pro \u0161t\u011bst\u00ed | CHARLUU | Ru\u010dn\u011b malovan\u00fd design","description":"Ru\u010dn\u011b malovan\u00fd a vyroben\u00fd kameninov\u00fd Bob\u00edk pro \u0161t\u011bst\u00ed CHARLUU. Je roztomil\u00fd a je skv\u011bl\u00fd jako d\u00e1rek pro sebe nebo sv\u00e9 bl\u00edzk\u00e9.","robots":{"index":"index","follow":"follow","max-snippet":"max-snippet:-1","max-image-preview":"max-image-preview:large","max-video-preview":"max-video-preview:-1"},"canonical":"https:\/\/charluu.cz\/en\/product\/bobik-mumie\/","og_locale":"en_US","og_type":"article","og_title":"bob\u00edk pro \u0161t\u011bst\u00ed | CHARLUU | Ru\u010dn\u011b malovan\u00fd design","og_description":"Ru\u010dn\u011b malovan\u00fd a vyroben\u00fd kameninov\u00fd Bob\u00edk pro \u0161t\u011bst\u00ed CHARLUU. Je roztomil\u00fd a je skv\u011bl\u00fd jako d\u00e1rek pro sebe nebo sv\u00e9 bl\u00edzk\u00e9.","og_url":"https:\/\/charluu.cz\/en\/product\/bobik-mumie\/","og_site_name":"CHARLUU - handpainted stoneware dog bowl","og_image":[{"width":1080,"height":1360,"url":"https:\/\/charluu.cz\/wp-content\/uploads\/2025\/03\/bobik_11__0015_charluu_16.jpg","type":"image\/jpeg"}],"twitter_card":"summary_large_image","twitter_misc":{"Est. reading time":"1 minute"},"schema":{"@context":"https:\/\/schema.org","@graph":[{"@type":"WebPage","@id":"https:\/\/charluu.cz\/produkt\/bobik-mumie\/","url":"https:\/\/charluu.cz\/produkt\/bobik-mumie\/","name":"bob\u00edk pro \u0161t\u011bst\u00ed | CHARLUU | Ru\u010dn\u011b malovan\u00fd design","isPartOf":{"@id":"https:\/\/charluu.cz\/#website"},"primaryImageOfPage":{"@id":"https:\/\/charluu.cz\/produkt\/bobik-mumie\/#primaryimage"},"image":{"@id":"https:\/\/charluu.cz\/produkt\/bobik-mumie\/#primaryimage"},"thumbnailUrl":"https:\/\/charluu.cz\/wp-content\/uploads\/2025\/03\/bobik_11__0015_charluu_16.jpg","datePublished":"2025-11-11T17:00:41+00:00","description":"Ru\u010dn\u011b malovan\u00fd a vyroben\u00fd kameninov\u00fd Bob\u00edk pro \u0161t\u011bst\u00ed CHARLUU. Je roztomil\u00fd a je skv\u011bl\u00fd jako d\u00e1rek pro sebe nebo sv\u00e9 bl\u00edzk\u00e9.","breadcrumb":{"@id":"https:\/\/charluu.cz\/produkt\/bobik-mumie\/#breadcrumb"},"inLanguage":"en-US","potentialAction":[{"@type":"ReadAction","target":["https:\/\/charluu.cz\/produkt\/bobik-mumie\/"]}]},{"@type":"ImageObject","inLanguage":"en-US","@id":"https:\/\/charluu.cz\/produkt\/bobik-mumie\/#primaryimage","url":"https:\/\/charluu.cz\/wp-content\/uploads\/2025\/03\/bobik_11__0015_charluu_16.jpg","contentUrl":"https:\/\/charluu.cz\/wp-content\/uploads\/2025\/03\/bobik_11__0015_charluu_16.jpg","width":1080,"height":1360},{"@type":"BreadcrumbList","@id":"https:\/\/charluu.cz\/produkt\/bobik-mumie\/#breadcrumb","itemListElement":[{"@type":"ListItem","position":1,"name":"Home","item":"https:\/\/charluu.cz\/"},{"@type":"ListItem","position":2,"name":"shop","item":"https:\/\/charluu.cz\/produkty\/"},{"@type":"ListItem","position":3,"name":"BOBIK mumie"}]},{"@type":"WebSite","@id":"https:\/\/charluu.cz\/#website","url":"https:\/\/charluu.cz\/","name":"CHARLUU - handpainted stoneware dog bowl","description":"Vstupte do sv\u011bta ru\u010dn\u011b malovan\u00fdch kameninov\u00fdch misek pro psy","publisher":{"@id":"https:\/\/charluu.cz\/#organization"},"potentialAction":[{"@type":"SearchAction","target":{"@type":"EntryPoint","urlTemplate":"https:\/\/charluu.cz\/?s={search_term_string}"},"query-input":{"@type":"PropertyValueSpecification","valueRequired":true,"valueName":"search_term_string"}}],"inLanguage":"en-US"},{"@type":"Organization","@id":"https:\/\/charluu.cz\/#organization","name":"CHARLUU - handpainted stoneware dog bowl","url":"https:\/\/charluu.cz\/","logo":{"@type":"ImageObject","inLanguage":"en-US","@id":"https:\/\/charluu.cz\/#\/schema\/logo\/image\/","url":"https:\/\/charluu.cz\/wp-content\/uploads\/2022\/09\/logo-hlavicka.svg","contentUrl":"https:\/\/charluu.cz\/wp-content\/uploads\/2022\/09\/logo-hlavicka.svg","width":149,"height":116,"caption":"CHARLUU - handpainted stoneware dog bowl"},"image":{"@id":"https:\/\/charluu.cz\/#\/schema\/logo\/image\/"}}]}},"_links":{"self":[{"href":"https:\/\/charluu.cz\/en\/wp-json\/wp\/v2\/product\/6358","targetHints":{"allow":["GET"]}}],"collection":[{"href":"https:\/\/charluu.cz\/en\/wp-json\/wp\/v2\/product"}],"about":[{"href":"https:\/\/charluu.cz\/en\/wp-json\/wp\/v2\/types\/product"}],"version-history":[{"count":1,"href":"https:\/\/charluu.cz\/en\/wp-json\/wp\/v2\/product\/6358\/revisions"}],"predecessor-version":[{"id":6360,"href":"https:\/\/charluu.cz\/en\/wp-json\/wp\/v2\/product\/6358\/revisions\/6360"}],"wp:featuredmedia":[{"embeddable":true,"href":"https:\/\/charluu.cz\/en\/wp-json\/wp\/v2\/media\/6349"}],"wp:attachment":[{"href":"https:\/\/charluu.cz\/en\/wp-json\/wp\/v2\/media?parent=6358"}],"wp:term":[{"taxonomy":"product_brand","embeddable":true,"href":"https:\/\/charluu.cz\/en\/wp-json\/wp\/v2\/product_brand?post=6358"},{"taxonomy":"product_cat","embeddable":true,"href":"https:\/\/charluu.cz\/en\/wp-json\/wp\/v2\/product_cat?post=6358"},{"taxonomy":"product_tag","embeddable":true,"href":"https:\/\/charluu.cz\/en\/wp-json\/wp\/v2\/product_tag?post=6358"}],"curies":[{"name":"wp","href":"https:\/\/api.w.org\/{rel}","templated":true}]}}