{"id":6059,"date":"2025-12-16T20:29:29","date_gmt":"2025-12-16T19:29:29","guid":{"rendered":"https:\/\/charluu.cz\/?post_type=product&#038;p=6059"},"modified":"2026-04-09T12:29:20","modified_gmt":"2026-04-09T11:29:20","slug":"mystery-cute","status":"publish","type":"product","link":"https:\/\/charluu.cz\/en\/product\/mystery-cute\/","title":{"rendered":"MYSTERY BOBIK: CUTE POP"},"content":{"rendered":"<p data-start=\"98\" data-end=\"127\"><strong data-start=\"98\" data-end=\"125\">MYSTERY BOBIK: CUTE POP<\/strong><\/p>\n<p data-start=\"129\" data-end=\"258\">This little mystery box hides <strong data-start=\"156\" data-end=\"180\">1 of 6 Bob\u00edk designs<\/strong>and one of them is <strong data-start=\"206\" data-end=\"215\">a secret! \u2728<\/strong>Each box is a tiny surprise.<\/p>\n<p data-start=\"129\" data-end=\"258\">Pick your destiny Bob\u00edk or collect them all \ud83d\ude42<\/p>\n<p data-start=\"260\" data-end=\"321\"><strong data-start=\"260\" data-end=\"272\">Cute Pop<\/strong> je kolekce lad\u011bn\u00e1 do hrav\u00e9ho, hol\u010di\u010d\u00edho stylu.\ud83c\udf80\ud83d\udc96<\/p>\n<p data-start=\"323\" data-end=\"497\">Inside you\u2019ll find <strong data-start=\"338\" data-end=\"396\">a hand-painted, handmade mini Bob\u00edk for good luck.<\/strong>.<br data-start=\"397\" data-end=\"400\" \/>Carry it with you\u2014in your pocket, bag, or keep it on your desk\u2014and it will bring you a smile and a little bit of luck.<\/p>\n<p data-start=\"323\" data-end=\"497\">Bob\u00edk size: approx. 2 cm\nBox size: 3 cm<\/p>\n<ul>\n<li>Handmade from durable light beige stoneware, hand painted illustrations covered with a glossy clear glaze. The materials used are of high quality, lead-free and suitable for contact with food and water.<\/li>\n<li>Each piece is handmade and hand-painted, so it may contain slight imperfections or unevenness, which we consider part of the charm of handcrafted items.<\/li>\n<li>We make all our things by hand in Prague Czech Republic. Each piece is unique.<\/li>\n<\/ul>\n<p>&nbsp;<\/p>","protected":false},"excerpt":{"rendered":"<p>Ru\u010dn\u011b malovan\u00fd a vyroben\u00fd kameninov\u00fd Bob\u00edk pro \u0161t\u011bst\u00ed CHARLUU.<\/p>","protected":false},"featured_media":6066,"template":"","meta":[],"product_brand":[],"product_cat":[15,41,56],"product_tag":[],"class_list":{"0":"post-6059","1":"product","2":"type-product","3":"status-publish","4":"has-post-thumbnail","6":"product_cat-eshop","7":"product_cat-bobik","8":"product_cat-misky","10":"first","11":"instock","12":"shipping-taxable","13":"purchasable","14":"product-type-simple"},"yoast_head":"<!-- This site is optimized with the Yoast SEO plugin v27.0 - https:\/\/yoast.com\/product\/yoast-seo-wordpress\/ -->\n<title>MYSTERY bob\u00edk pro \u0161t\u011bst\u00ed | CHARLUU | Ru\u010dn\u011b malovan\u00fd design<\/title>\n<meta name=\"description\" content=\"MYSTERY BOBIK: Ru\u010dn\u011b malovan\u00fd a vyroben\u00fd kameninov\u00fd Bob\u00edk pro \u0161t\u011bst\u00ed CHARLUU. 1 ze 6 designu v jedn\u00e9 mystery krabi\u010dce, v\u010detn\u011b secret bob\u00edka.\" \/>\n<meta name=\"robots\" content=\"index, follow, max-snippet:-1, max-image-preview:large, max-video-preview:-1\" \/>\n<link rel=\"canonical\" href=\"https:\/\/charluu.cz\/en\/product\/mystery-cute\/\" \/>\n<meta property=\"og:locale\" content=\"en_US\" \/>\n<meta property=\"og:type\" content=\"article\" \/>\n<meta property=\"og:title\" content=\"MYSTERY bob\u00edk pro \u0161t\u011bst\u00ed | CHARLUU | Ru\u010dn\u011b malovan\u00fd design\" \/>\n<meta property=\"og:description\" content=\"MYSTERY BOBIK: Ru\u010dn\u011b malovan\u00fd a vyroben\u00fd kameninov\u00fd Bob\u00edk pro \u0161t\u011bst\u00ed CHARLUU. 1 ze 6 designu v jedn\u00e9 mystery krabi\u010dce, v\u010detn\u011b secret bob\u00edka.\" \/>\n<meta property=\"og:url\" content=\"https:\/\/charluu.cz\/en\/product\/mystery-cute\/\" \/>\n<meta property=\"og:site_name\" content=\"CHARLUU - handpainted stoneware dog bowl\" \/>\n<meta property=\"article:modified_time\" content=\"2026-04-09T11:29:20+00:00\" \/>\n<meta property=\"og:image\" content=\"https:\/\/charluu.cz\/wp-content\/uploads\/2025\/09\/05.jpg\" \/>\n\t<meta property=\"og:image:width\" content=\"1080\" \/>\n\t<meta property=\"og:image:height\" content=\"1350\" \/>\n\t<meta property=\"og:image:type\" content=\"image\/jpeg\" \/>\n<meta name=\"twitter:card\" content=\"summary_large_image\" \/>\n<meta name=\"twitter:label1\" content=\"Est. reading time\" \/>\n\t<meta name=\"twitter:data1\" content=\"1 minute\" \/>\n<script type=\"application\/ld+json\" class=\"yoast-schema-graph\">{\"@context\":\"https:\/\/schema.org\",\"@graph\":[{\"@type\":\"WebPage\",\"@id\":\"https:\/\/charluu.cz\/produkt\/mystery-cute\/\",\"url\":\"https:\/\/charluu.cz\/produkt\/mystery-cute\/\",\"name\":\"MYSTERY bob\u00edk pro \u0161t\u011bst\u00ed | CHARLUU | Ru\u010dn\u011b malovan\u00fd design\",\"isPartOf\":{\"@id\":\"https:\/\/charluu.cz\/#website\"},\"primaryImageOfPage\":{\"@id\":\"https:\/\/charluu.cz\/produkt\/mystery-cute\/#primaryimage\"},\"image\":{\"@id\":\"https:\/\/charluu.cz\/produkt\/mystery-cute\/#primaryimage\"},\"thumbnailUrl\":\"https:\/\/charluu.cz\/wp-content\/uploads\/2025\/09\/05.jpg\",\"datePublished\":\"2025-12-16T19:29:29+00:00\",\"dateModified\":\"2026-04-09T11:29:20+00:00\",\"description\":\"MYSTERY BOBIK: Ru\u010dn\u011b malovan\u00fd a vyroben\u00fd kameninov\u00fd Bob\u00edk pro \u0161t\u011bst\u00ed CHARLUU. 1 ze 6 designu v jedn\u00e9 mystery krabi\u010dce, v\u010detn\u011b secret bob\u00edka.\",\"breadcrumb\":{\"@id\":\"https:\/\/charluu.cz\/produkt\/mystery-cute\/#breadcrumb\"},\"inLanguage\":\"en-US\",\"potentialAction\":[{\"@type\":\"ReadAction\",\"target\":[\"https:\/\/charluu.cz\/produkt\/mystery-cute\/\"]}]},{\"@type\":\"ImageObject\",\"inLanguage\":\"en-US\",\"@id\":\"https:\/\/charluu.cz\/produkt\/mystery-cute\/#primaryimage\",\"url\":\"https:\/\/charluu.cz\/wp-content\/uploads\/2025\/09\/05.jpg\",\"contentUrl\":\"https:\/\/charluu.cz\/wp-content\/uploads\/2025\/09\/05.jpg\",\"width\":1080,\"height\":1350},{\"@type\":\"BreadcrumbList\",\"@id\":\"https:\/\/charluu.cz\/produkt\/mystery-cute\/#breadcrumb\",\"itemListElement\":[{\"@type\":\"ListItem\",\"position\":1,\"name\":\"Home\",\"item\":\"https:\/\/charluu.cz\/\"},{\"@type\":\"ListItem\",\"position\":2,\"name\":\"shop\",\"item\":\"https:\/\/charluu.cz\/produkty\/\"},{\"@type\":\"ListItem\",\"position\":3,\"name\":\"MYSTERY BOBIK: CUTE POP\"}]},{\"@type\":\"WebSite\",\"@id\":\"https:\/\/charluu.cz\/#website\",\"url\":\"https:\/\/charluu.cz\/\",\"name\":\"CHARLUU - handpainted stoneware dog bowl\",\"description\":\"Vstupte do sv\u011bta ru\u010dn\u011b malovan\u00fdch kameninov\u00fdch misek pro psy\",\"publisher\":{\"@id\":\"https:\/\/charluu.cz\/#organization\"},\"potentialAction\":[{\"@type\":\"SearchAction\",\"target\":{\"@type\":\"EntryPoint\",\"urlTemplate\":\"https:\/\/charluu.cz\/?s={search_term_string}\"},\"query-input\":{\"@type\":\"PropertyValueSpecification\",\"valueRequired\":true,\"valueName\":\"search_term_string\"}}],\"inLanguage\":\"en-US\"},{\"@type\":\"Organization\",\"@id\":\"https:\/\/charluu.cz\/#organization\",\"name\":\"CHARLUU - handpainted stoneware dog bowl\",\"url\":\"https:\/\/charluu.cz\/\",\"logo\":{\"@type\":\"ImageObject\",\"inLanguage\":\"en-US\",\"@id\":\"https:\/\/charluu.cz\/#\/schema\/logo\/image\/\",\"url\":\"https:\/\/charluu.cz\/wp-content\/uploads\/2022\/09\/logo-hlavicka.svg\",\"contentUrl\":\"https:\/\/charluu.cz\/wp-content\/uploads\/2022\/09\/logo-hlavicka.svg\",\"width\":149,\"height\":116,\"caption\":\"CHARLUU - handpainted stoneware dog bowl\"},\"image\":{\"@id\":\"https:\/\/charluu.cz\/#\/schema\/logo\/image\/\"}}]}<\/script>\n<!-- \/ Yoast SEO plugin. -->","yoast_head_json":{"title":"MYSTERY bob\u00edk pro \u0161t\u011bst\u00ed | CHARLUU | Ru\u010dn\u011b malovan\u00fd design","description":"MYSTERY BOBIK: Ru\u010dn\u011b malovan\u00fd a vyroben\u00fd kameninov\u00fd Bob\u00edk pro \u0161t\u011bst\u00ed CHARLUU. 1 ze 6 designu v jedn\u00e9 mystery krabi\u010dce, v\u010detn\u011b secret bob\u00edka.","robots":{"index":"index","follow":"follow","max-snippet":"max-snippet:-1","max-image-preview":"max-image-preview:large","max-video-preview":"max-video-preview:-1"},"canonical":"https:\/\/charluu.cz\/en\/product\/mystery-cute\/","og_locale":"en_US","og_type":"article","og_title":"MYSTERY bob\u00edk pro \u0161t\u011bst\u00ed | CHARLUU | Ru\u010dn\u011b malovan\u00fd design","og_description":"MYSTERY BOBIK: Ru\u010dn\u011b malovan\u00fd a vyroben\u00fd kameninov\u00fd Bob\u00edk pro \u0161t\u011bst\u00ed CHARLUU. 1 ze 6 designu v jedn\u00e9 mystery krabi\u010dce, v\u010detn\u011b secret bob\u00edka.","og_url":"https:\/\/charluu.cz\/en\/product\/mystery-cute\/","og_site_name":"CHARLUU - handpainted stoneware dog bowl","article_modified_time":"2026-04-09T11:29:20+00:00","og_image":[{"width":1080,"height":1350,"url":"https:\/\/charluu.cz\/wp-content\/uploads\/2025\/09\/05.jpg","type":"image\/jpeg"}],"twitter_card":"summary_large_image","twitter_misc":{"Est. reading time":"1 minute"},"schema":{"@context":"https:\/\/schema.org","@graph":[{"@type":"WebPage","@id":"https:\/\/charluu.cz\/produkt\/mystery-cute\/","url":"https:\/\/charluu.cz\/produkt\/mystery-cute\/","name":"MYSTERY bob\u00edk pro \u0161t\u011bst\u00ed | CHARLUU | Ru\u010dn\u011b malovan\u00fd design","isPartOf":{"@id":"https:\/\/charluu.cz\/#website"},"primaryImageOfPage":{"@id":"https:\/\/charluu.cz\/produkt\/mystery-cute\/#primaryimage"},"image":{"@id":"https:\/\/charluu.cz\/produkt\/mystery-cute\/#primaryimage"},"thumbnailUrl":"https:\/\/charluu.cz\/wp-content\/uploads\/2025\/09\/05.jpg","datePublished":"2025-12-16T19:29:29+00:00","dateModified":"2026-04-09T11:29:20+00:00","description":"MYSTERY BOBIK: Ru\u010dn\u011b malovan\u00fd a vyroben\u00fd kameninov\u00fd Bob\u00edk pro \u0161t\u011bst\u00ed CHARLUU. 1 ze 6 designu v jedn\u00e9 mystery krabi\u010dce, v\u010detn\u011b secret bob\u00edka.","breadcrumb":{"@id":"https:\/\/charluu.cz\/produkt\/mystery-cute\/#breadcrumb"},"inLanguage":"en-US","potentialAction":[{"@type":"ReadAction","target":["https:\/\/charluu.cz\/produkt\/mystery-cute\/"]}]},{"@type":"ImageObject","inLanguage":"en-US","@id":"https:\/\/charluu.cz\/produkt\/mystery-cute\/#primaryimage","url":"https:\/\/charluu.cz\/wp-content\/uploads\/2025\/09\/05.jpg","contentUrl":"https:\/\/charluu.cz\/wp-content\/uploads\/2025\/09\/05.jpg","width":1080,"height":1350},{"@type":"BreadcrumbList","@id":"https:\/\/charluu.cz\/produkt\/mystery-cute\/#breadcrumb","itemListElement":[{"@type":"ListItem","position":1,"name":"Home","item":"https:\/\/charluu.cz\/"},{"@type":"ListItem","position":2,"name":"shop","item":"https:\/\/charluu.cz\/produkty\/"},{"@type":"ListItem","position":3,"name":"MYSTERY BOBIK: CUTE POP"}]},{"@type":"WebSite","@id":"https:\/\/charluu.cz\/#website","url":"https:\/\/charluu.cz\/","name":"CHARLUU - handpainted stoneware dog bowl","description":"Vstupte do sv\u011bta ru\u010dn\u011b malovan\u00fdch kameninov\u00fdch misek pro psy","publisher":{"@id":"https:\/\/charluu.cz\/#organization"},"potentialAction":[{"@type":"SearchAction","target":{"@type":"EntryPoint","urlTemplate":"https:\/\/charluu.cz\/?s={search_term_string}"},"query-input":{"@type":"PropertyValueSpecification","valueRequired":true,"valueName":"search_term_string"}}],"inLanguage":"en-US"},{"@type":"Organization","@id":"https:\/\/charluu.cz\/#organization","name":"CHARLUU - handpainted stoneware dog bowl","url":"https:\/\/charluu.cz\/","logo":{"@type":"ImageObject","inLanguage":"en-US","@id":"https:\/\/charluu.cz\/#\/schema\/logo\/image\/","url":"https:\/\/charluu.cz\/wp-content\/uploads\/2022\/09\/logo-hlavicka.svg","contentUrl":"https:\/\/charluu.cz\/wp-content\/uploads\/2022\/09\/logo-hlavicka.svg","width":149,"height":116,"caption":"CHARLUU - handpainted stoneware dog bowl"},"image":{"@id":"https:\/\/charluu.cz\/#\/schema\/logo\/image\/"}}]}},"_links":{"self":[{"href":"https:\/\/charluu.cz\/en\/wp-json\/wp\/v2\/product\/6059","targetHints":{"allow":["GET"]}}],"collection":[{"href":"https:\/\/charluu.cz\/en\/wp-json\/wp\/v2\/product"}],"about":[{"href":"https:\/\/charluu.cz\/en\/wp-json\/wp\/v2\/types\/product"}],"version-history":[{"count":4,"href":"https:\/\/charluu.cz\/en\/wp-json\/wp\/v2\/product\/6059\/revisions"}],"predecessor-version":[{"id":6876,"href":"https:\/\/charluu.cz\/en\/wp-json\/wp\/v2\/product\/6059\/revisions\/6876"}],"wp:featuredmedia":[{"embeddable":true,"href":"https:\/\/charluu.cz\/en\/wp-json\/wp\/v2\/media\/6066"}],"wp:attachment":[{"href":"https:\/\/charluu.cz\/en\/wp-json\/wp\/v2\/media?parent=6059"}],"wp:term":[{"taxonomy":"product_brand","embeddable":true,"href":"https:\/\/charluu.cz\/en\/wp-json\/wp\/v2\/product_brand?post=6059"},{"taxonomy":"product_cat","embeddable":true,"href":"https:\/\/charluu.cz\/en\/wp-json\/wp\/v2\/product_cat?post=6059"},{"taxonomy":"product_tag","embeddable":true,"href":"https:\/\/charluu.cz\/en\/wp-json\/wp\/v2\/product_tag?post=6059"}],"curies":[{"name":"wp","href":"https:\/\/api.w.org\/{rel}","templated":true}]}}