{"id":5640,"date":"2025-05-06T22:12:09","date_gmt":"2025-05-06T20:12:09","guid":{"rendered":"https:\/\/charluu.cz\/?post_type=product&#038;p=5640"},"modified":"2025-05-06T22:22:32","modified_gmt":"2025-05-06T20:22:32","slug":"miska-3d-kvety","status":"publish","type":"product","link":"https:\/\/charluu.cz\/en\/product\/miska-3d-kvety\/","title":{"rendered":"miska 3D kv\u011bty"},"content":{"rendered":"<div class=\"flex-shrink-0 flex flex-col relative items-end\">\n<div class=\"pt-0\">\n<div class=\"gizmo-bot-avatar flex h-8 w-8 items-center justify-center overflow-hidden rounded-full\">\n<div class=\"relative p-1 rounded-sm flex items-center justify-center bg-token-main-surface-primary text-token-text-primary h-8 w-8\">Ru\u010dn\u011b malovan\u00e1 a vyroben\u00e1 kameninov\u00e1 miska S 3D kv\u011bty.<\/div>\n<div><\/div>\n<\/div>\n<\/div>\n<\/div>\n<div><\/div>\n<div><strong>Miska, kter\u00e1 va\u0161i dom\u00e1cnost zanech\u00e1 v\u017edy rozvetlou.<\/strong><\/div>\n<div><\/div>\n<div>V\u0161e je ru\u010dn\u011b modelovan\u00e9 a malovan\u00e9, r\u016fznobarevn\u00e9 kv\u011btiny po cel\u00e9m vn\u011bj\u0161\u00edm povrchu dopl\u0148uje uvnit\u0159 minimalistick\u00fd vnit\u0159ek v b\u00e9\u017eov\u00e9 barv\u011b s drobnou kyti\u010dkou.<\/div>\n<div>Miska je vizu\u00e1ln\u011b v\u00fdrazn\u00e1 a pevn\u00e1, <strong>nen\u00ed k\u0159ehk\u00e1 tak jak se m\u016f\u017ee na pohled zn\u00e1t,<\/strong> kamenina je odoln\u00fd materi\u00e1l, pokud se s n\u00ed n\u011bkde nebouchne o hranu, p\u0159e\u017eije v\u011bky.<\/div>\n<div><\/div>\n<div class=\"group\/conversation-turn relative flex w-full min-w-0 flex-col agent-turn\">\n<div class=\"flex-col gap-1 md:gap-3\">\n<div class=\"flex max-w-full flex-col flex-grow\">\n<div class=\"min-h-8 text-message flex w-full flex-col items-end gap-2 whitespace-normal break-words text-start [.text-message+&amp;]:mt-5\" dir=\"auto\" data-message-author-role=\"assistant\" data-message-id=\"af678d13-f704-4177-b035-fcf136b22d33\" data-message-model-slug=\"gpt-4o\">\n<div class=\"flex w-full flex-col gap-1 empty:hidden first:pt-[3px]\">\n<div class=\"markdown prose w-full break-words dark:prose-invert light\">\n<p>&nbsp;<\/p>\n<\/div>\n<\/div>\n<\/div>\n<\/div>\n<\/div>\n<\/div>\n<p>Z\u00e1klad misky m\u00e1 pr\u016fm\u011br 17 cm.<\/p>\n<p>&nbsp;<\/p>\n<p>Vhodn\u00e9 pro j\u00eddlo i vodu. Miska m\u016f\u017ee b\u00fdt lehce pok\u0159iven\u00e1, nen\u00ed to ale vada, naopak, je to znak ru\u010dn\u00ed pr\u00e1ce \ud83d\ude42<\/p>\n<ul>\n<li>Ru\u010dn\u011b vyroben\u00e9 z odoln\u00e9 sv\u011btle b\u00e9\u017eov\u00e9 kameniny, ru\u010dn\u011b malovan\u00e9 ilustrace pokryt\u00e9 lesklou \u010dirou glazurou. Vyu\u017eit\u00e9 materi\u00e1ly jsou kvalitn\u00ed, bezolovnat\u00e9 a vhodn\u00e9 pro styk s potravinami i vodu.<\/li>\n<li>Ka\u017ed\u00fd kousek je ru\u010dn\u011b vyroben\u00fd individu\u00e1ln\u011b, tak\u017ee m\u016f\u017ee obsahovat drobn\u00e9 nedokonalosti nebo nerovnosti, kter\u00e9 v\u0161ak pova\u017eujeme za sou\u010d\u00e1st kouzla ru\u010dn\u00ed pr\u00e1ce.<\/li>\n<li>I kdy\u017e doporu\u010dujeme ru\u010dn\u00ed myt\u00ed, bezpe\u010dn\u011b zvl\u00e1dnou i um\u00fdv\u00e1n\u00ed v my\u010dce na n\u00e1dob\u00ed a oh\u0159ev v mikrovlnn\u00e9 troub\u011b! Sta\u010d\u00ed, kdy\u017e se o v\u00fdrobek postar\u00e1te t\u0159eba jako o sv\u016fj obl\u00edben\u00fd hrn\u00ed\u010dek.<\/li>\n<li>V\u0161echny na\u0161e v\u00fdtvory ru\u010dn\u011b vyr\u00e1b\u00edme v Praze | \u010cesk\u00e1 republika. Ka\u017ed\u00fd kus je jedine\u010dn\u00fd.<\/li>\n<\/ul>\n<p>&nbsp;<\/p>\n<p><strong>TIP PRO LIDI:<span class=\"Apple-converted-space\">\u00a0<\/span><\/strong><\/p>\n<p>V\u0161e vytv\u00e1\u0159\u00edme v lidsk\u00e9 kvalit\u011b, co\u017e znamen\u00e1, \u017ee je miska vhodn\u00e1 pro lidsk\u00e9 j\u00eddlo. Pokud jste milovn\u00edci ph\u00f3, t\u011bstovin, pok\u00e9 bowls nebo sladk\u00fdch sn\u00eddan\u00ed, je to skv\u011bl\u00e1 volba i pro v\u00e1s &#8211; lidi.<\/p>\n<p>\u3030\ufe0f<\/p>\n<p>&nbsp;<\/p>\n","protected":false},"excerpt":{"rendered":"<p>Ru\u010dn\u011b malovan\u00e1 a vyroben\u00e1 kameninov\u00e1 miska 3D kv\u011bty pro psy CHARLUU. B\u00e9\u017eov\u00e1 miska s 3D barevn\u00fdmi kv\u011bty po vn\u011bj\u0161\u00edm povrchu.<\/p>","protected":false},"featured_media":5604,"template":"","meta":[],"product_brand":[],"product_cat":[15,56],"product_tag":[],"class_list":{"0":"post-5640","1":"product","2":"type-product","3":"status-publish","4":"has-post-thumbnail","6":"product_cat-eshop","7":"product_cat-misky","9":"first","10":"instock","11":"shipping-taxable","12":"purchasable","13":"product-type-simple"},"yoast_head":"<!-- This site is optimized with the Yoast SEO plugin v27.0 - https:\/\/yoast.com\/product\/yoast-seo-wordpress\/ -->\n<title>Ru\u010dn\u011b malovan\u00e1 a vyroben\u00e1 miska 3D kv\u011bty | miska CHARLUU<\/title>\n<meta name=\"description\" content=\"Ru\u010dn\u011b malovan\u00e1 a vyroben\u00e1 kameninov\u00e1 miska 3D kv\u011bty pro psy CHARLUU. B\u00e9\u017eov\u00e1 miska s 3D barevn\u00fdmi kv\u011bty po vn\u011bj\u0161\u00edm povrchu.\" \/>\n<meta name=\"robots\" content=\"index, follow, max-snippet:-1, max-image-preview:large, max-video-preview:-1\" \/>\n<link rel=\"canonical\" href=\"https:\/\/charluu.cz\/en\/product\/miska-3d-kvety\/\" \/>\n<meta property=\"og:locale\" content=\"en_US\" \/>\n<meta property=\"og:type\" content=\"article\" \/>\n<meta property=\"og:title\" content=\"Ru\u010dn\u011b malovan\u00e1 a vyroben\u00e1 miska 3D kv\u011bty | miska CHARLUU\" \/>\n<meta property=\"og:description\" content=\"Ru\u010dn\u011b malovan\u00e1 a vyroben\u00e1 kameninov\u00e1 miska 3D kv\u011bty pro psy CHARLUU. B\u00e9\u017eov\u00e1 miska s 3D barevn\u00fdmi kv\u011bty po vn\u011bj\u0161\u00edm povrchu.\" \/>\n<meta property=\"og:url\" content=\"https:\/\/charluu.cz\/en\/product\/miska-3d-kvety\/\" \/>\n<meta property=\"og:site_name\" content=\"CHARLUU - handpainted stoneware dog bowl\" \/>\n<meta property=\"article:modified_time\" content=\"2025-05-06T20:22:32+00:00\" \/>\n<meta property=\"og:image\" content=\"https:\/\/charluu.cz\/wp-content\/uploads\/2025\/03\/M3D8.jpg\" \/>\n\t<meta property=\"og:image:width\" content=\"1080\" \/>\n\t<meta property=\"og:image:height\" content=\"1360\" \/>\n\t<meta property=\"og:image:type\" content=\"image\/jpeg\" \/>\n<meta name=\"twitter:card\" content=\"summary_large_image\" \/>\n<meta name=\"twitter:label1\" content=\"Est. reading time\" \/>\n\t<meta name=\"twitter:data1\" content=\"2 minutes\" \/>\n<script type=\"application\/ld+json\" class=\"yoast-schema-graph\">{\"@context\":\"https:\/\/schema.org\",\"@graph\":[{\"@type\":\"WebPage\",\"@id\":\"https:\/\/charluu.cz\/produkt\/miska-3d-kvety\/\",\"url\":\"https:\/\/charluu.cz\/produkt\/miska-3d-kvety\/\",\"name\":\"Ru\u010dn\u011b malovan\u00e1 a vyroben\u00e1 miska 3D kv\u011bty | miska CHARLUU\",\"isPartOf\":{\"@id\":\"https:\/\/charluu.cz\/#website\"},\"primaryImageOfPage\":{\"@id\":\"https:\/\/charluu.cz\/produkt\/miska-3d-kvety\/#primaryimage\"},\"image\":{\"@id\":\"https:\/\/charluu.cz\/produkt\/miska-3d-kvety\/#primaryimage\"},\"thumbnailUrl\":\"https:\/\/charluu.cz\/wp-content\/uploads\/2025\/03\/M3D8.jpg\",\"datePublished\":\"2025-05-06T20:12:09+00:00\",\"dateModified\":\"2025-05-06T20:22:32+00:00\",\"description\":\"Ru\u010dn\u011b malovan\u00e1 a vyroben\u00e1 kameninov\u00e1 miska 3D kv\u011bty pro psy CHARLUU. B\u00e9\u017eov\u00e1 miska s 3D barevn\u00fdmi kv\u011bty po vn\u011bj\u0161\u00edm povrchu.\",\"breadcrumb\":{\"@id\":\"https:\/\/charluu.cz\/produkt\/miska-3d-kvety\/#breadcrumb\"},\"inLanguage\":\"en-US\",\"potentialAction\":[{\"@type\":\"ReadAction\",\"target\":[\"https:\/\/charluu.cz\/produkt\/miska-3d-kvety\/\"]}]},{\"@type\":\"ImageObject\",\"inLanguage\":\"en-US\",\"@id\":\"https:\/\/charluu.cz\/produkt\/miska-3d-kvety\/#primaryimage\",\"url\":\"https:\/\/charluu.cz\/wp-content\/uploads\/2025\/03\/M3D8.jpg\",\"contentUrl\":\"https:\/\/charluu.cz\/wp-content\/uploads\/2025\/03\/M3D8.jpg\",\"width\":1080,\"height\":1360},{\"@type\":\"BreadcrumbList\",\"@id\":\"https:\/\/charluu.cz\/produkt\/miska-3d-kvety\/#breadcrumb\",\"itemListElement\":[{\"@type\":\"ListItem\",\"position\":1,\"name\":\"Home\",\"item\":\"https:\/\/charluu.cz\/\"},{\"@type\":\"ListItem\",\"position\":2,\"name\":\"shop\",\"item\":\"https:\/\/charluu.cz\/produkty\/\"},{\"@type\":\"ListItem\",\"position\":3,\"name\":\"miska 3D kv\u011bty\"}]},{\"@type\":\"WebSite\",\"@id\":\"https:\/\/charluu.cz\/#website\",\"url\":\"https:\/\/charluu.cz\/\",\"name\":\"CHARLUU - handpainted stoneware dog bowl\",\"description\":\"Vstupte do sv\u011bta ru\u010dn\u011b malovan\u00fdch kameninov\u00fdch misek pro psy\",\"publisher\":{\"@id\":\"https:\/\/charluu.cz\/#organization\"},\"potentialAction\":[{\"@type\":\"SearchAction\",\"target\":{\"@type\":\"EntryPoint\",\"urlTemplate\":\"https:\/\/charluu.cz\/?s={search_term_string}\"},\"query-input\":{\"@type\":\"PropertyValueSpecification\",\"valueRequired\":true,\"valueName\":\"search_term_string\"}}],\"inLanguage\":\"en-US\"},{\"@type\":\"Organization\",\"@id\":\"https:\/\/charluu.cz\/#organization\",\"name\":\"CHARLUU - handpainted stoneware dog bowl\",\"url\":\"https:\/\/charluu.cz\/\",\"logo\":{\"@type\":\"ImageObject\",\"inLanguage\":\"en-US\",\"@id\":\"https:\/\/charluu.cz\/#\/schema\/logo\/image\/\",\"url\":\"https:\/\/charluu.cz\/wp-content\/uploads\/2022\/09\/logo-hlavicka.svg\",\"contentUrl\":\"https:\/\/charluu.cz\/wp-content\/uploads\/2022\/09\/logo-hlavicka.svg\",\"width\":149,\"height\":116,\"caption\":\"CHARLUU - handpainted stoneware dog bowl\"},\"image\":{\"@id\":\"https:\/\/charluu.cz\/#\/schema\/logo\/image\/\"}}]}<\/script>\n<!-- \/ Yoast SEO plugin. -->","yoast_head_json":{"title":"Ru\u010dn\u011b malovan\u00e1 a vyroben\u00e1 miska 3D kv\u011bty | miska CHARLUU","description":"Ru\u010dn\u011b malovan\u00e1 a vyroben\u00e1 kameninov\u00e1 miska 3D kv\u011bty pro psy CHARLUU. B\u00e9\u017eov\u00e1 miska s 3D barevn\u00fdmi kv\u011bty po vn\u011bj\u0161\u00edm povrchu.","robots":{"index":"index","follow":"follow","max-snippet":"max-snippet:-1","max-image-preview":"max-image-preview:large","max-video-preview":"max-video-preview:-1"},"canonical":"https:\/\/charluu.cz\/en\/product\/miska-3d-kvety\/","og_locale":"en_US","og_type":"article","og_title":"Ru\u010dn\u011b malovan\u00e1 a vyroben\u00e1 miska 3D kv\u011bty | miska CHARLUU","og_description":"Ru\u010dn\u011b malovan\u00e1 a vyroben\u00e1 kameninov\u00e1 miska 3D kv\u011bty pro psy CHARLUU. B\u00e9\u017eov\u00e1 miska s 3D barevn\u00fdmi kv\u011bty po vn\u011bj\u0161\u00edm povrchu.","og_url":"https:\/\/charluu.cz\/en\/product\/miska-3d-kvety\/","og_site_name":"CHARLUU - handpainted stoneware dog bowl","article_modified_time":"2025-05-06T20:22:32+00:00","og_image":[{"width":1080,"height":1360,"url":"https:\/\/charluu.cz\/wp-content\/uploads\/2025\/03\/M3D8.jpg","type":"image\/jpeg"}],"twitter_card":"summary_large_image","twitter_misc":{"Est. reading time":"2 minutes"},"schema":{"@context":"https:\/\/schema.org","@graph":[{"@type":"WebPage","@id":"https:\/\/charluu.cz\/produkt\/miska-3d-kvety\/","url":"https:\/\/charluu.cz\/produkt\/miska-3d-kvety\/","name":"Ru\u010dn\u011b malovan\u00e1 a vyroben\u00e1 miska 3D kv\u011bty | miska CHARLUU","isPartOf":{"@id":"https:\/\/charluu.cz\/#website"},"primaryImageOfPage":{"@id":"https:\/\/charluu.cz\/produkt\/miska-3d-kvety\/#primaryimage"},"image":{"@id":"https:\/\/charluu.cz\/produkt\/miska-3d-kvety\/#primaryimage"},"thumbnailUrl":"https:\/\/charluu.cz\/wp-content\/uploads\/2025\/03\/M3D8.jpg","datePublished":"2025-05-06T20:12:09+00:00","dateModified":"2025-05-06T20:22:32+00:00","description":"Ru\u010dn\u011b malovan\u00e1 a vyroben\u00e1 kameninov\u00e1 miska 3D kv\u011bty pro psy CHARLUU. B\u00e9\u017eov\u00e1 miska s 3D barevn\u00fdmi kv\u011bty po vn\u011bj\u0161\u00edm povrchu.","breadcrumb":{"@id":"https:\/\/charluu.cz\/produkt\/miska-3d-kvety\/#breadcrumb"},"inLanguage":"en-US","potentialAction":[{"@type":"ReadAction","target":["https:\/\/charluu.cz\/produkt\/miska-3d-kvety\/"]}]},{"@type":"ImageObject","inLanguage":"en-US","@id":"https:\/\/charluu.cz\/produkt\/miska-3d-kvety\/#primaryimage","url":"https:\/\/charluu.cz\/wp-content\/uploads\/2025\/03\/M3D8.jpg","contentUrl":"https:\/\/charluu.cz\/wp-content\/uploads\/2025\/03\/M3D8.jpg","width":1080,"height":1360},{"@type":"BreadcrumbList","@id":"https:\/\/charluu.cz\/produkt\/miska-3d-kvety\/#breadcrumb","itemListElement":[{"@type":"ListItem","position":1,"name":"Home","item":"https:\/\/charluu.cz\/"},{"@type":"ListItem","position":2,"name":"shop","item":"https:\/\/charluu.cz\/produkty\/"},{"@type":"ListItem","position":3,"name":"miska 3D kv\u011bty"}]},{"@type":"WebSite","@id":"https:\/\/charluu.cz\/#website","url":"https:\/\/charluu.cz\/","name":"CHARLUU - handpainted stoneware dog bowl","description":"Vstupte do sv\u011bta ru\u010dn\u011b malovan\u00fdch kameninov\u00fdch misek pro psy","publisher":{"@id":"https:\/\/charluu.cz\/#organization"},"potentialAction":[{"@type":"SearchAction","target":{"@type":"EntryPoint","urlTemplate":"https:\/\/charluu.cz\/?s={search_term_string}"},"query-input":{"@type":"PropertyValueSpecification","valueRequired":true,"valueName":"search_term_string"}}],"inLanguage":"en-US"},{"@type":"Organization","@id":"https:\/\/charluu.cz\/#organization","name":"CHARLUU - handpainted stoneware dog bowl","url":"https:\/\/charluu.cz\/","logo":{"@type":"ImageObject","inLanguage":"en-US","@id":"https:\/\/charluu.cz\/#\/schema\/logo\/image\/","url":"https:\/\/charluu.cz\/wp-content\/uploads\/2022\/09\/logo-hlavicka.svg","contentUrl":"https:\/\/charluu.cz\/wp-content\/uploads\/2022\/09\/logo-hlavicka.svg","width":149,"height":116,"caption":"CHARLUU - handpainted stoneware dog bowl"},"image":{"@id":"https:\/\/charluu.cz\/#\/schema\/logo\/image\/"}}]}},"_links":{"self":[{"href":"https:\/\/charluu.cz\/en\/wp-json\/wp\/v2\/product\/5640","targetHints":{"allow":["GET"]}}],"collection":[{"href":"https:\/\/charluu.cz\/en\/wp-json\/wp\/v2\/product"}],"about":[{"href":"https:\/\/charluu.cz\/en\/wp-json\/wp\/v2\/types\/product"}],"version-history":[{"count":3,"href":"https:\/\/charluu.cz\/en\/wp-json\/wp\/v2\/product\/5640\/revisions"}],"predecessor-version":[{"id":5643,"href":"https:\/\/charluu.cz\/en\/wp-json\/wp\/v2\/product\/5640\/revisions\/5643"}],"wp:featuredmedia":[{"embeddable":true,"href":"https:\/\/charluu.cz\/en\/wp-json\/wp\/v2\/media\/5604"}],"wp:attachment":[{"href":"https:\/\/charluu.cz\/en\/wp-json\/wp\/v2\/media?parent=5640"}],"wp:term":[{"taxonomy":"product_brand","embeddable":true,"href":"https:\/\/charluu.cz\/en\/wp-json\/wp\/v2\/product_brand?post=5640"},{"taxonomy":"product_cat","embeddable":true,"href":"https:\/\/charluu.cz\/en\/wp-json\/wp\/v2\/product_cat?post=5640"},{"taxonomy":"product_tag","embeddable":true,"href":"https:\/\/charluu.cz\/en\/wp-json\/wp\/v2\/product_tag?post=5640"}],"curies":[{"name":"wp","href":"https:\/\/api.w.org\/{rel}","templated":true}]}}