{"id":5426,"date":"2023-04-02T22:07:53","date_gmt":"2023-04-02T20:07:53","guid":{"rendered":"https:\/\/charluu.cz\/?post_type=product&#038;p=5426"},"modified":"2026-04-09T12:29:20","modified_gmt":"2026-04-09T11:29:20","slug":"voucher","status":"publish","type":"product","link":"https:\/\/charluu.cz\/en\/product\/voucher\/","title":{"rendered":"GIFT VOUCHER"},"content":{"rendered":"<p class=\"\" data-start=\"85\" data-end=\"301\">For all voucher lovers, we have something special for you. We\u2019ve created a gift voucher printed on high quality paper, which we send to you ready in an envelope sealed with a wax stamp. On the back, you\u2019ll find the discount code with the value you choose when placing your order.<\/p>\n<ul>\n<li data-start=\"303\" data-end=\"391\">The voucher is valid for any purchase in our online shop, including in stock items, custom orders, pre orders and workshops.<\/li>\n<li data-start=\"393\" data-end=\"515\">This is a one time voucher with a unique discount code that you simply enter at checkout and the amount is automatically deducted.<\/li>\n<li data-start=\"517\" data-end=\"576\">Valid for 12 months from the date of purchase.<\/li>\n<\/ul>\n<p>&nbsp;<\/p>\n<p>&nbsp;<\/p>","protected":false},"excerpt":{"rendered":"<p>D\u00e1rkov\u00fd voucher na n\u00e1kup produkt\u016f na charluu.cz ti\u0161t\u011bn\u00fd na kvalitn\u00edm pap\u00edru, kter\u00fd v\u00e1m rovnou po\u0161leme zabalen\u00fd v ob\u00e1lce s pe\u010det\u00ed.<\/p>","protected":false},"featured_media":5429,"template":"","meta":[],"product_brand":[],"product_cat":[15,41,40,56,42],"product_tag":[],"class_list":{"0":"post-5426","1":"product","2":"type-product","3":"status-publish","4":"has-post-thumbnail","6":"product_cat-eshop","7":"product_cat-bobik","8":"product_cat-custom","9":"product_cat-misky","10":"product_cat-ostatni","12":"first","13":"instock","14":"shipping-taxable","15":"purchasable","16":"product-type-variable"},"yoast_head":"<!-- This site is optimized with the Yoast SEO plugin v27.0 - https:\/\/yoast.com\/product\/yoast-seo-wordpress\/ -->\n<title>D\u00c1RKOV\u00dd VOUCHER - CHARLUU - handpainted stoneware dog bowl<\/title>\n<meta name=\"description\" content=\"D\u00e1rkov\u00fd voucher na n\u00e1kup produkt\u016f na charluu.cz ti\u0161t\u011bn\u00fd na kvalitn\u00edm pap\u00edru, kter\u00fd v\u00e1m rovnou po\u0161leme zabalen\u00fd v ob\u00e1lce s pe\u010det\u00ed.\u00a0\" \/>\n<meta name=\"robots\" content=\"index, follow, max-snippet:-1, max-image-preview:large, max-video-preview:-1\" \/>\n<link rel=\"canonical\" href=\"https:\/\/charluu.cz\/en\/product\/voucher\/\" \/>\n<meta property=\"og:locale\" content=\"en_US\" \/>\n<meta property=\"og:type\" content=\"article\" \/>\n<meta property=\"og:title\" content=\"D\u00c1RKOV\u00dd VOUCHER - CHARLUU - handpainted stoneware dog bowl\" \/>\n<meta property=\"og:description\" content=\"D\u00e1rkov\u00fd voucher na n\u00e1kup produkt\u016f na charluu.cz ti\u0161t\u011bn\u00fd na kvalitn\u00edm pap\u00edru, kter\u00fd v\u00e1m rovnou po\u0161leme zabalen\u00fd v ob\u00e1lce s pe\u010det\u00ed.\u00a0\" \/>\n<meta property=\"og:url\" content=\"https:\/\/charluu.cz\/en\/product\/voucher\/\" \/>\n<meta property=\"og:site_name\" content=\"CHARLUU - handpainted stoneware dog bowl\" \/>\n<meta property=\"article:modified_time\" content=\"2026-04-09T11:29:20+00:00\" \/>\n<meta property=\"og:image\" content=\"https:\/\/charluu.cz\/wp-content\/uploads\/2025\/04\/voucher2.jpg\" \/>\n\t<meta property=\"og:image:width\" content=\"1080\" \/>\n\t<meta property=\"og:image:height\" content=\"1360\" \/>\n\t<meta property=\"og:image:type\" content=\"image\/jpeg\" \/>\n<meta name=\"twitter:card\" content=\"summary_large_image\" \/>\n<meta name=\"twitter:label1\" content=\"Est. reading time\" \/>\n\t<meta name=\"twitter:data1\" content=\"1 minute\" \/>\n<script type=\"application\/ld+json\" class=\"yoast-schema-graph\">{\"@context\":\"https:\/\/schema.org\",\"@graph\":[{\"@type\":\"WebPage\",\"@id\":\"https:\/\/charluu.cz\/produkt\/voucher\/\",\"url\":\"https:\/\/charluu.cz\/produkt\/voucher\/\",\"name\":\"D\u00c1RKOV\u00dd VOUCHER - CHARLUU - handpainted stoneware dog bowl\",\"isPartOf\":{\"@id\":\"https:\/\/charluu.cz\/#website\"},\"primaryImageOfPage\":{\"@id\":\"https:\/\/charluu.cz\/produkt\/voucher\/#primaryimage\"},\"image\":{\"@id\":\"https:\/\/charluu.cz\/produkt\/voucher\/#primaryimage\"},\"thumbnailUrl\":\"https:\/\/charluu.cz\/wp-content\/uploads\/2025\/04\/voucher2.jpg\",\"datePublished\":\"2023-04-02T20:07:53+00:00\",\"dateModified\":\"2026-04-09T11:29:20+00:00\",\"description\":\"D\u00e1rkov\u00fd voucher na n\u00e1kup produkt\u016f na charluu.cz ti\u0161t\u011bn\u00fd na kvalitn\u00edm pap\u00edru, kter\u00fd v\u00e1m rovnou po\u0161leme zabalen\u00fd v ob\u00e1lce s pe\u010det\u00ed.\u00a0\",\"breadcrumb\":{\"@id\":\"https:\/\/charluu.cz\/produkt\/voucher\/#breadcrumb\"},\"inLanguage\":\"en-US\",\"potentialAction\":[{\"@type\":\"ReadAction\",\"target\":[\"https:\/\/charluu.cz\/produkt\/voucher\/\"]}]},{\"@type\":\"ImageObject\",\"inLanguage\":\"en-US\",\"@id\":\"https:\/\/charluu.cz\/produkt\/voucher\/#primaryimage\",\"url\":\"https:\/\/charluu.cz\/wp-content\/uploads\/2025\/04\/voucher2.jpg\",\"contentUrl\":\"https:\/\/charluu.cz\/wp-content\/uploads\/2025\/04\/voucher2.jpg\",\"width\":1080,\"height\":1360},{\"@type\":\"BreadcrumbList\",\"@id\":\"https:\/\/charluu.cz\/produkt\/voucher\/#breadcrumb\",\"itemListElement\":[{\"@type\":\"ListItem\",\"position\":1,\"name\":\"Home\",\"item\":\"https:\/\/charluu.cz\/\"},{\"@type\":\"ListItem\",\"position\":2,\"name\":\"shop\",\"item\":\"https:\/\/charluu.cz\/produkty\/\"},{\"@type\":\"ListItem\",\"position\":3,\"name\":\"D\u00c1RKOV\u00dd VOUCHER\"}]},{\"@type\":\"WebSite\",\"@id\":\"https:\/\/charluu.cz\/#website\",\"url\":\"https:\/\/charluu.cz\/\",\"name\":\"CHARLUU - handpainted stoneware dog bowl\",\"description\":\"Vstupte do sv\u011bta ru\u010dn\u011b malovan\u00fdch kameninov\u00fdch misek pro psy\",\"publisher\":{\"@id\":\"https:\/\/charluu.cz\/#organization\"},\"potentialAction\":[{\"@type\":\"SearchAction\",\"target\":{\"@type\":\"EntryPoint\",\"urlTemplate\":\"https:\/\/charluu.cz\/?s={search_term_string}\"},\"query-input\":{\"@type\":\"PropertyValueSpecification\",\"valueRequired\":true,\"valueName\":\"search_term_string\"}}],\"inLanguage\":\"en-US\"},{\"@type\":\"Organization\",\"@id\":\"https:\/\/charluu.cz\/#organization\",\"name\":\"CHARLUU - handpainted stoneware dog bowl\",\"url\":\"https:\/\/charluu.cz\/\",\"logo\":{\"@type\":\"ImageObject\",\"inLanguage\":\"en-US\",\"@id\":\"https:\/\/charluu.cz\/#\/schema\/logo\/image\/\",\"url\":\"https:\/\/charluu.cz\/wp-content\/uploads\/2022\/09\/logo-hlavicka.svg\",\"contentUrl\":\"https:\/\/charluu.cz\/wp-content\/uploads\/2022\/09\/logo-hlavicka.svg\",\"width\":149,\"height\":116,\"caption\":\"CHARLUU - handpainted stoneware dog bowl\"},\"image\":{\"@id\":\"https:\/\/charluu.cz\/#\/schema\/logo\/image\/\"}}]}<\/script>\n<!-- \/ Yoast SEO plugin. -->","yoast_head_json":{"title":"D\u00c1RKOV\u00dd VOUCHER - CHARLUU - handpainted stoneware dog bowl","description":"D\u00e1rkov\u00fd voucher na n\u00e1kup produkt\u016f na charluu.cz ti\u0161t\u011bn\u00fd na kvalitn\u00edm pap\u00edru, kter\u00fd v\u00e1m rovnou po\u0161leme zabalen\u00fd v ob\u00e1lce s pe\u010det\u00ed.\u00a0","robots":{"index":"index","follow":"follow","max-snippet":"max-snippet:-1","max-image-preview":"max-image-preview:large","max-video-preview":"max-video-preview:-1"},"canonical":"https:\/\/charluu.cz\/en\/product\/voucher\/","og_locale":"en_US","og_type":"article","og_title":"D\u00c1RKOV\u00dd VOUCHER - CHARLUU - handpainted stoneware dog bowl","og_description":"D\u00e1rkov\u00fd voucher na n\u00e1kup produkt\u016f na charluu.cz ti\u0161t\u011bn\u00fd na kvalitn\u00edm pap\u00edru, kter\u00fd v\u00e1m rovnou po\u0161leme zabalen\u00fd v ob\u00e1lce s pe\u010det\u00ed.\u00a0","og_url":"https:\/\/charluu.cz\/en\/product\/voucher\/","og_site_name":"CHARLUU - handpainted stoneware dog bowl","article_modified_time":"2026-04-09T11:29:20+00:00","og_image":[{"width":1080,"height":1360,"url":"https:\/\/charluu.cz\/wp-content\/uploads\/2025\/04\/voucher2.jpg","type":"image\/jpeg"}],"twitter_card":"summary_large_image","twitter_misc":{"Est. reading time":"1 minute"},"schema":{"@context":"https:\/\/schema.org","@graph":[{"@type":"WebPage","@id":"https:\/\/charluu.cz\/produkt\/voucher\/","url":"https:\/\/charluu.cz\/produkt\/voucher\/","name":"D\u00c1RKOV\u00dd VOUCHER - CHARLUU - handpainted stoneware dog bowl","isPartOf":{"@id":"https:\/\/charluu.cz\/#website"},"primaryImageOfPage":{"@id":"https:\/\/charluu.cz\/produkt\/voucher\/#primaryimage"},"image":{"@id":"https:\/\/charluu.cz\/produkt\/voucher\/#primaryimage"},"thumbnailUrl":"https:\/\/charluu.cz\/wp-content\/uploads\/2025\/04\/voucher2.jpg","datePublished":"2023-04-02T20:07:53+00:00","dateModified":"2026-04-09T11:29:20+00:00","description":"D\u00e1rkov\u00fd voucher na n\u00e1kup produkt\u016f na charluu.cz ti\u0161t\u011bn\u00fd na kvalitn\u00edm pap\u00edru, kter\u00fd v\u00e1m rovnou po\u0161leme zabalen\u00fd v ob\u00e1lce s pe\u010det\u00ed.\u00a0","breadcrumb":{"@id":"https:\/\/charluu.cz\/produkt\/voucher\/#breadcrumb"},"inLanguage":"en-US","potentialAction":[{"@type":"ReadAction","target":["https:\/\/charluu.cz\/produkt\/voucher\/"]}]},{"@type":"ImageObject","inLanguage":"en-US","@id":"https:\/\/charluu.cz\/produkt\/voucher\/#primaryimage","url":"https:\/\/charluu.cz\/wp-content\/uploads\/2025\/04\/voucher2.jpg","contentUrl":"https:\/\/charluu.cz\/wp-content\/uploads\/2025\/04\/voucher2.jpg","width":1080,"height":1360},{"@type":"BreadcrumbList","@id":"https:\/\/charluu.cz\/produkt\/voucher\/#breadcrumb","itemListElement":[{"@type":"ListItem","position":1,"name":"Home","item":"https:\/\/charluu.cz\/"},{"@type":"ListItem","position":2,"name":"shop","item":"https:\/\/charluu.cz\/produkty\/"},{"@type":"ListItem","position":3,"name":"D\u00c1RKOV\u00dd VOUCHER"}]},{"@type":"WebSite","@id":"https:\/\/charluu.cz\/#website","url":"https:\/\/charluu.cz\/","name":"CHARLUU - handpainted stoneware dog bowl","description":"Vstupte do sv\u011bta ru\u010dn\u011b malovan\u00fdch kameninov\u00fdch misek pro psy","publisher":{"@id":"https:\/\/charluu.cz\/#organization"},"potentialAction":[{"@type":"SearchAction","target":{"@type":"EntryPoint","urlTemplate":"https:\/\/charluu.cz\/?s={search_term_string}"},"query-input":{"@type":"PropertyValueSpecification","valueRequired":true,"valueName":"search_term_string"}}],"inLanguage":"en-US"},{"@type":"Organization","@id":"https:\/\/charluu.cz\/#organization","name":"CHARLUU - handpainted stoneware dog bowl","url":"https:\/\/charluu.cz\/","logo":{"@type":"ImageObject","inLanguage":"en-US","@id":"https:\/\/charluu.cz\/#\/schema\/logo\/image\/","url":"https:\/\/charluu.cz\/wp-content\/uploads\/2022\/09\/logo-hlavicka.svg","contentUrl":"https:\/\/charluu.cz\/wp-content\/uploads\/2022\/09\/logo-hlavicka.svg","width":149,"height":116,"caption":"CHARLUU - handpainted stoneware dog bowl"},"image":{"@id":"https:\/\/charluu.cz\/#\/schema\/logo\/image\/"}}]}},"_links":{"self":[{"href":"https:\/\/charluu.cz\/en\/wp-json\/wp\/v2\/product\/5426","targetHints":{"allow":["GET"]}}],"collection":[{"href":"https:\/\/charluu.cz\/en\/wp-json\/wp\/v2\/product"}],"about":[{"href":"https:\/\/charluu.cz\/en\/wp-json\/wp\/v2\/types\/product"}],"version-history":[{"count":4,"href":"https:\/\/charluu.cz\/en\/wp-json\/wp\/v2\/product\/5426\/revisions"}],"predecessor-version":[{"id":5517,"href":"https:\/\/charluu.cz\/en\/wp-json\/wp\/v2\/product\/5426\/revisions\/5517"}],"wp:featuredmedia":[{"embeddable":true,"href":"https:\/\/charluu.cz\/en\/wp-json\/wp\/v2\/media\/5429"}],"wp:attachment":[{"href":"https:\/\/charluu.cz\/en\/wp-json\/wp\/v2\/media?parent=5426"}],"wp:term":[{"taxonomy":"product_brand","embeddable":true,"href":"https:\/\/charluu.cz\/en\/wp-json\/wp\/v2\/product_brand?post=5426"},{"taxonomy":"product_cat","embeddable":true,"href":"https:\/\/charluu.cz\/en\/wp-json\/wp\/v2\/product_cat?post=5426"},{"taxonomy":"product_tag","embeddable":true,"href":"https:\/\/charluu.cz\/en\/wp-json\/wp\/v2\/product_tag?post=5426"}],"curies":[{"name":"wp","href":"https:\/\/api.w.org\/{rel}","templated":true}]}}