{"id":5109,"date":"2025-03-02T19:00:29","date_gmt":"2025-03-02T18:00:29","guid":{"rendered":"https:\/\/charluu.cz\/?post_type=product&#038;p=5109"},"modified":"2025-11-11T12:07:42","modified_gmt":"2025-11-11T11:07:42","slug":"maly-hrnecek-rainbow-minimal","status":"publish","type":"product","link":"https:\/\/charluu.cz\/en\/product\/maly-hrnecek-rainbow-minimal\/","title":{"rendered":"Mal\u00fd hrne\u010dek \/ Rainbow minimal"},"content":{"rendered":"<p>Ru\u010dn\u011b vyroben\u00fd a malovan\u00fd mal\u00fd hrnek s ou\u0161kem s n\u00e1zvem <strong data-start=\"55\" data-end=\"76\">\u201eRainbow Minimal\u201c<\/strong>, ide\u00e1ln\u00ed na mal\u00e9, siln\u00e9 kaf\u00ed\u010dko. Je b\u00e9\u017eov\u00fd, s vyrytou kresbou vypln\u011bnou duhov\u00fdmi barvami. Hrnek zdob\u00ed roztomil\u00e9 motivy a je pokryt lesklou glazurou. Uvnit\u0159 je te\u010dkovan\u00fd.<\/p>\n<p>Suitable for food and water.<\/p>\n<p>100ml<\/p>\n<p>&nbsp;<\/p>\n<ul>\n<li>Handmade from durable light beige stoneware, hand painted illustrations covered with a glossy clear glaze. The materials used are of high quality, lead-free and suitable for contact with food and water.<\/li>\n<li>Each piece is handmade and hand-painted, so it may contain slight imperfections or unevenness, which we consider part of the charm of handcrafted items.<\/li>\n<li>Although we recommend hand washing, they can also be safely washed in the dishwasher and heated in the microwave!<\/li>\n<li>We make all our things by hand in Prague Czech Republic. Each piece is unique.<\/li>\n<\/ul>\n<p>&nbsp;<\/p>","protected":false},"excerpt":{"rendered":"<p>Ru\u010dn\u011b malovan\u00fd a vyroben\u00fd kameninov\u00fd mal\u00fd hrnek CHARLUU &#8222;Rainbow Minimal&#8220; s designem vesel\u00fdch minimalistick\u00fdch linkov\u00fdch ilustrac\u00ed s duhovou v\u00fdpln\u00ed. 100ml<\/p>","protected":false},"featured_media":5123,"template":"","meta":[],"product_brand":[],"product_cat":[15,56],"product_tag":[],"class_list":{"0":"post-5109","1":"product","2":"type-product","3":"status-publish","4":"has-post-thumbnail","6":"product_cat-eshop","7":"product_cat-misky","9":"first","10":"instock","11":"shipping-taxable","12":"purchasable","13":"product-type-simple"},"yoast_head":"<!-- This site is optimized with the Yoast SEO plugin v27.0 - https:\/\/yoast.com\/product\/yoast-seo-wordpress\/ -->\n<title>Rainbow Minimal | mal\u00fd hrnek CHARLUU | Ru\u010dn\u011b malovan\u00fd design<\/title>\n<meta name=\"description\" content=\"Ru\u010dn\u011b malovan\u00fd a vyroben\u00fd kameninov\u00fd mal\u00fd hrnek CHARLUU &quot;Rainbow Minimal&quot; s designem vesel\u00fdch minimalistick\u00fdch linkov\u00fdch ilustrac\u00ed s duhovou v\u00fdpln\u00ed. 100ml\" \/>\n<meta name=\"robots\" content=\"index, follow, max-snippet:-1, max-image-preview:large, max-video-preview:-1\" \/>\n<link rel=\"canonical\" href=\"https:\/\/charluu.cz\/en\/product\/maly-hrnecek-rainbow-minimal\/\" \/>\n<meta property=\"og:locale\" content=\"en_US\" \/>\n<meta property=\"og:type\" content=\"article\" \/>\n<meta property=\"og:title\" content=\"Rainbow Minimal | mal\u00fd hrnek CHARLUU | Ru\u010dn\u011b malovan\u00fd design\" \/>\n<meta property=\"og:description\" content=\"Ru\u010dn\u011b malovan\u00fd a vyroben\u00fd kameninov\u00fd mal\u00fd hrnek CHARLUU &quot;Rainbow Minimal&quot; s designem vesel\u00fdch minimalistick\u00fdch linkov\u00fdch ilustrac\u00ed s duhovou v\u00fdpln\u00ed. 100ml\" \/>\n<meta property=\"og:url\" content=\"https:\/\/charluu.cz\/en\/product\/maly-hrnecek-rainbow-minimal\/\" \/>\n<meta property=\"og:site_name\" content=\"CHARLUU - handpainted stoneware dog bowl\" \/>\n<meta property=\"article:modified_time\" content=\"2025-11-11T11:07:42+00:00\" \/>\n<meta property=\"og:image\" content=\"https:\/\/charluu.cz\/wp-content\/uploads\/2025\/03\/hrnek_du2.jpg\" \/>\n\t<meta property=\"og:image:width\" content=\"1080\" \/>\n\t<meta property=\"og:image:height\" content=\"1360\" \/>\n\t<meta property=\"og:image:type\" content=\"image\/jpeg\" \/>\n<meta name=\"twitter:card\" content=\"summary_large_image\" \/>\n<meta name=\"twitter:label1\" content=\"Est. reading time\" \/>\n\t<meta name=\"twitter:data1\" content=\"1 minute\" \/>\n<script type=\"application\/ld+json\" class=\"yoast-schema-graph\">{\"@context\":\"https:\/\/schema.org\",\"@graph\":[{\"@type\":\"WebPage\",\"@id\":\"https:\/\/charluu.cz\/produkt\/maly-hrnecek-rainbow-minimal\/\",\"url\":\"https:\/\/charluu.cz\/produkt\/maly-hrnecek-rainbow-minimal\/\",\"name\":\"Rainbow Minimal | mal\u00fd hrnek CHARLUU | Ru\u010dn\u011b malovan\u00fd design\",\"isPartOf\":{\"@id\":\"https:\/\/charluu.cz\/#website\"},\"primaryImageOfPage\":{\"@id\":\"https:\/\/charluu.cz\/produkt\/maly-hrnecek-rainbow-minimal\/#primaryimage\"},\"image\":{\"@id\":\"https:\/\/charluu.cz\/produkt\/maly-hrnecek-rainbow-minimal\/#primaryimage\"},\"thumbnailUrl\":\"https:\/\/charluu.cz\/wp-content\/uploads\/2025\/03\/hrnek_du2.jpg\",\"datePublished\":\"2025-03-02T18:00:29+00:00\",\"dateModified\":\"2025-11-11T11:07:42+00:00\",\"description\":\"Ru\u010dn\u011b malovan\u00fd a vyroben\u00fd kameninov\u00fd mal\u00fd hrnek CHARLUU \\\"Rainbow Minimal\\\" s designem vesel\u00fdch minimalistick\u00fdch linkov\u00fdch ilustrac\u00ed s duhovou v\u00fdpln\u00ed. 100ml\",\"breadcrumb\":{\"@id\":\"https:\/\/charluu.cz\/produkt\/maly-hrnecek-rainbow-minimal\/#breadcrumb\"},\"inLanguage\":\"en-US\",\"potentialAction\":[{\"@type\":\"ReadAction\",\"target\":[\"https:\/\/charluu.cz\/produkt\/maly-hrnecek-rainbow-minimal\/\"]}]},{\"@type\":\"ImageObject\",\"inLanguage\":\"en-US\",\"@id\":\"https:\/\/charluu.cz\/produkt\/maly-hrnecek-rainbow-minimal\/#primaryimage\",\"url\":\"https:\/\/charluu.cz\/wp-content\/uploads\/2025\/03\/hrnek_du2.jpg\",\"contentUrl\":\"https:\/\/charluu.cz\/wp-content\/uploads\/2025\/03\/hrnek_du2.jpg\",\"width\":1080,\"height\":1360},{\"@type\":\"BreadcrumbList\",\"@id\":\"https:\/\/charluu.cz\/produkt\/maly-hrnecek-rainbow-minimal\/#breadcrumb\",\"itemListElement\":[{\"@type\":\"ListItem\",\"position\":1,\"name\":\"Home\",\"item\":\"https:\/\/charluu.cz\/\"},{\"@type\":\"ListItem\",\"position\":2,\"name\":\"shop\",\"item\":\"https:\/\/charluu.cz\/produkty\/\"},{\"@type\":\"ListItem\",\"position\":3,\"name\":\"Mal\u00fd hrne\u010dek \/ Rainbow minimal\"}]},{\"@type\":\"WebSite\",\"@id\":\"https:\/\/charluu.cz\/#website\",\"url\":\"https:\/\/charluu.cz\/\",\"name\":\"CHARLUU - handpainted stoneware dog bowl\",\"description\":\"Vstupte do sv\u011bta ru\u010dn\u011b malovan\u00fdch kameninov\u00fdch misek pro psy\",\"publisher\":{\"@id\":\"https:\/\/charluu.cz\/#organization\"},\"potentialAction\":[{\"@type\":\"SearchAction\",\"target\":{\"@type\":\"EntryPoint\",\"urlTemplate\":\"https:\/\/charluu.cz\/?s={search_term_string}\"},\"query-input\":{\"@type\":\"PropertyValueSpecification\",\"valueRequired\":true,\"valueName\":\"search_term_string\"}}],\"inLanguage\":\"en-US\"},{\"@type\":\"Organization\",\"@id\":\"https:\/\/charluu.cz\/#organization\",\"name\":\"CHARLUU - handpainted stoneware dog bowl\",\"url\":\"https:\/\/charluu.cz\/\",\"logo\":{\"@type\":\"ImageObject\",\"inLanguage\":\"en-US\",\"@id\":\"https:\/\/charluu.cz\/#\/schema\/logo\/image\/\",\"url\":\"https:\/\/charluu.cz\/wp-content\/uploads\/2022\/09\/logo-hlavicka.svg\",\"contentUrl\":\"https:\/\/charluu.cz\/wp-content\/uploads\/2022\/09\/logo-hlavicka.svg\",\"width\":149,\"height\":116,\"caption\":\"CHARLUU - handpainted stoneware dog bowl\"},\"image\":{\"@id\":\"https:\/\/charluu.cz\/#\/schema\/logo\/image\/\"}}]}<\/script>\n<!-- \/ Yoast SEO plugin. -->","yoast_head_json":{"title":"Rainbow Minimal | mal\u00fd hrnek CHARLUU | Ru\u010dn\u011b malovan\u00fd design","description":"Ru\u010dn\u011b malovan\u00fd a vyroben\u00fd kameninov\u00fd mal\u00fd hrnek CHARLUU \"Rainbow Minimal\" s designem vesel\u00fdch minimalistick\u00fdch linkov\u00fdch ilustrac\u00ed s duhovou v\u00fdpln\u00ed. 100ml","robots":{"index":"index","follow":"follow","max-snippet":"max-snippet:-1","max-image-preview":"max-image-preview:large","max-video-preview":"max-video-preview:-1"},"canonical":"https:\/\/charluu.cz\/en\/product\/maly-hrnecek-rainbow-minimal\/","og_locale":"en_US","og_type":"article","og_title":"Rainbow Minimal | mal\u00fd hrnek CHARLUU | Ru\u010dn\u011b malovan\u00fd design","og_description":"Ru\u010dn\u011b malovan\u00fd a vyroben\u00fd kameninov\u00fd mal\u00fd hrnek CHARLUU \"Rainbow Minimal\" s designem vesel\u00fdch minimalistick\u00fdch linkov\u00fdch ilustrac\u00ed s duhovou v\u00fdpln\u00ed. 100ml","og_url":"https:\/\/charluu.cz\/en\/product\/maly-hrnecek-rainbow-minimal\/","og_site_name":"CHARLUU - handpainted stoneware dog bowl","article_modified_time":"2025-11-11T11:07:42+00:00","og_image":[{"width":1080,"height":1360,"url":"https:\/\/charluu.cz\/wp-content\/uploads\/2025\/03\/hrnek_du2.jpg","type":"image\/jpeg"}],"twitter_card":"summary_large_image","twitter_misc":{"Est. reading time":"1 minute"},"schema":{"@context":"https:\/\/schema.org","@graph":[{"@type":"WebPage","@id":"https:\/\/charluu.cz\/produkt\/maly-hrnecek-rainbow-minimal\/","url":"https:\/\/charluu.cz\/produkt\/maly-hrnecek-rainbow-minimal\/","name":"Rainbow Minimal | mal\u00fd hrnek CHARLUU | Ru\u010dn\u011b malovan\u00fd design","isPartOf":{"@id":"https:\/\/charluu.cz\/#website"},"primaryImageOfPage":{"@id":"https:\/\/charluu.cz\/produkt\/maly-hrnecek-rainbow-minimal\/#primaryimage"},"image":{"@id":"https:\/\/charluu.cz\/produkt\/maly-hrnecek-rainbow-minimal\/#primaryimage"},"thumbnailUrl":"https:\/\/charluu.cz\/wp-content\/uploads\/2025\/03\/hrnek_du2.jpg","datePublished":"2025-03-02T18:00:29+00:00","dateModified":"2025-11-11T11:07:42+00:00","description":"Ru\u010dn\u011b malovan\u00fd a vyroben\u00fd kameninov\u00fd mal\u00fd hrnek CHARLUU \"Rainbow Minimal\" s designem vesel\u00fdch minimalistick\u00fdch linkov\u00fdch ilustrac\u00ed s duhovou v\u00fdpln\u00ed. 100ml","breadcrumb":{"@id":"https:\/\/charluu.cz\/produkt\/maly-hrnecek-rainbow-minimal\/#breadcrumb"},"inLanguage":"en-US","potentialAction":[{"@type":"ReadAction","target":["https:\/\/charluu.cz\/produkt\/maly-hrnecek-rainbow-minimal\/"]}]},{"@type":"ImageObject","inLanguage":"en-US","@id":"https:\/\/charluu.cz\/produkt\/maly-hrnecek-rainbow-minimal\/#primaryimage","url":"https:\/\/charluu.cz\/wp-content\/uploads\/2025\/03\/hrnek_du2.jpg","contentUrl":"https:\/\/charluu.cz\/wp-content\/uploads\/2025\/03\/hrnek_du2.jpg","width":1080,"height":1360},{"@type":"BreadcrumbList","@id":"https:\/\/charluu.cz\/produkt\/maly-hrnecek-rainbow-minimal\/#breadcrumb","itemListElement":[{"@type":"ListItem","position":1,"name":"Home","item":"https:\/\/charluu.cz\/"},{"@type":"ListItem","position":2,"name":"shop","item":"https:\/\/charluu.cz\/produkty\/"},{"@type":"ListItem","position":3,"name":"Mal\u00fd hrne\u010dek \/ Rainbow minimal"}]},{"@type":"WebSite","@id":"https:\/\/charluu.cz\/#website","url":"https:\/\/charluu.cz\/","name":"CHARLUU - handpainted stoneware dog bowl","description":"Vstupte do sv\u011bta ru\u010dn\u011b malovan\u00fdch kameninov\u00fdch misek pro psy","publisher":{"@id":"https:\/\/charluu.cz\/#organization"},"potentialAction":[{"@type":"SearchAction","target":{"@type":"EntryPoint","urlTemplate":"https:\/\/charluu.cz\/?s={search_term_string}"},"query-input":{"@type":"PropertyValueSpecification","valueRequired":true,"valueName":"search_term_string"}}],"inLanguage":"en-US"},{"@type":"Organization","@id":"https:\/\/charluu.cz\/#organization","name":"CHARLUU - handpainted stoneware dog bowl","url":"https:\/\/charluu.cz\/","logo":{"@type":"ImageObject","inLanguage":"en-US","@id":"https:\/\/charluu.cz\/#\/schema\/logo\/image\/","url":"https:\/\/charluu.cz\/wp-content\/uploads\/2022\/09\/logo-hlavicka.svg","contentUrl":"https:\/\/charluu.cz\/wp-content\/uploads\/2022\/09\/logo-hlavicka.svg","width":149,"height":116,"caption":"CHARLUU - handpainted stoneware dog bowl"},"image":{"@id":"https:\/\/charluu.cz\/#\/schema\/logo\/image\/"}}]}},"_links":{"self":[{"href":"https:\/\/charluu.cz\/en\/wp-json\/wp\/v2\/product\/5109","targetHints":{"allow":["GET"]}}],"collection":[{"href":"https:\/\/charluu.cz\/en\/wp-json\/wp\/v2\/product"}],"about":[{"href":"https:\/\/charluu.cz\/en\/wp-json\/wp\/v2\/types\/product"}],"version-history":[{"count":3,"href":"https:\/\/charluu.cz\/en\/wp-json\/wp\/v2\/product\/5109\/revisions"}],"predecessor-version":[{"id":5160,"href":"https:\/\/charluu.cz\/en\/wp-json\/wp\/v2\/product\/5109\/revisions\/5160"}],"wp:featuredmedia":[{"embeddable":true,"href":"https:\/\/charluu.cz\/en\/wp-json\/wp\/v2\/media\/5123"}],"wp:attachment":[{"href":"https:\/\/charluu.cz\/en\/wp-json\/wp\/v2\/media?parent=5109"}],"wp:term":[{"taxonomy":"product_brand","embeddable":true,"href":"https:\/\/charluu.cz\/en\/wp-json\/wp\/v2\/product_brand?post=5109"},{"taxonomy":"product_cat","embeddable":true,"href":"https:\/\/charluu.cz\/en\/wp-json\/wp\/v2\/product_cat?post=5109"},{"taxonomy":"product_tag","embeddable":true,"href":"https:\/\/charluu.cz\/en\/wp-json\/wp\/v2\/product_tag?post=5109"}],"curies":[{"name":"wp","href":"https:\/\/api.w.org\/{rel}","templated":true}]}}