{"id":3469,"date":"2025-01-12T18:07:44","date_gmt":"2025-01-12T17:07:44","guid":{"rendered":"https:\/\/charluu.cz\/?post_type=product&#038;p=3469"},"modified":"2026-02-23T09:12:36","modified_gmt":"2026-02-23T08:12:36","slug":"custom-miska","status":"publish","type":"product","link":"https:\/\/charluu.cz\/en\/product\/custom-miska\/","title":{"rendered":"miska \u2733\ufe0e custom design \u2733\ufe0e"},"content":{"rendered":"<div data-elementor-type=\"product-post\" data-elementor-id=\"3469\" class=\"elementor elementor-3469\" data-elementor-post-type=\"product\">\n\t\t\t\t<div class=\"elementor-element elementor-element-fa9fa0b e-flex e-con-boxed e-con e-parent\" data-id=\"fa9fa0b\" data-element_type=\"container\" data-e-type=\"container\">\n\t\t\t\t\t<div class=\"e-con-inner\">\n\t\t\t\t<div class=\"elementor-element elementor-element-165b1ac7 elementor-widget elementor-widget-text-editor\" data-id=\"165b1ac7\" data-element_type=\"widget\" data-e-type=\"widget\" data-widget_type=\"text-editor.default\">\n\t\t\t\t<div class=\"elementor-widget-container\">\n\t\t\t\t\t\t\t\t\t<p>Bowl for dogs \/ people \/ cats \/ anyone \u2013 for those who want their own special bowl. The design of the illustrations is fully personalized. We offer various bowl sizes and design styles. \u00a0<\/p>\t\t\t\t\t\t\t\t<\/div>\n\t\t\t\t<\/div>\n\t\t\t\t<div class=\"elementor-element elementor-element-e73eb55 elementor-widget elementor-widget-toggle\" data-id=\"e73eb55\" data-element_type=\"widget\" data-e-type=\"widget\" data-widget_type=\"toggle.default\">\n\t\t\t\t<div class=\"elementor-widget-container\">\n\t\t\t\t\t\t\t<div class=\"elementor-toggle\">\n\t\t\t\t\t\t\t<div class=\"elementor-toggle-item\">\n\t\t\t\t\t<div id=\"elementor-tab-title-2421\" class=\"elementor-tab-title\" data-tab=\"1\" role=\"button\" aria-controls=\"elementor-tab-content-2421\" aria-expanded=\"false\">\n\t\t\t\t\t\t\t\t\t\t\t\t<span class=\"elementor-toggle-icon elementor-toggle-icon-left\" aria-hidden=\"true\">\n\t\t\t\t\t\t\t\t\t\t\t\t\t\t\t<span class=\"elementor-toggle-icon-closed\"><i class=\"fas fa-angle-down\"><\/i><\/span>\n\t\t\t\t\t\t\t\t<span class=\"elementor-toggle-icon-opened\"><i class=\"elementor-toggle-icon-opened fas fa-angle-up\"><\/i><\/span>\n\t\t\t\t\t\t\t\t\t\t\t\t\t<\/span>\n\t\t\t\t\t\t\t\t\t\t\t\t<a class=\"elementor-toggle-title\" tabindex=\"0\">more info<\/a>\n\t\t\t\t\t<\/div>\n\n\t\t\t\t\t<div id=\"elementor-tab-content-2421\" class=\"elementor-tab-content elementor-clearfix\" data-tab=\"1\" role=\"region\" aria-labelledby=\"elementor-tab-title-2421\"><ul><li>material: light beige stoneware<\/li><li>Each piece is handmade and hand-painted, so it may contain slight imperfections or unevenness, which we consider part of the charm of handcrafted items.<\/li><li>Production takes <strong>6-8 weeks<\/strong><\/li><li>we recommend hand washing, but it can <strong>be washed<\/strong> in the dishwasher and heated in the microwave<\/li><li>We make all our products <strong>in Prague<\/strong> | Czechia. Each piece is unique.<\/li><li>All materials are <strong>in human quality<\/strong>, which means the bowl is suitable for human food. <em>(If you're a fan of pho, pasta, poke bowls, or sweet breakfasts, it's a great choice for you too \u2013 people.)<\/em><\/li><li>After completing your order, we will contact you <strong>via email or <a href=\"https:\/\/www.instagram.com\/charluuthings\/\" target=\"_blank\" rel=\"noopener\">instagram<\/a><\/strong>- to discuss the bowl design in more detail. If you prefer to communicate through Instagram, please include your Instagram username <strong>your Instagram username<\/strong> in the order notes.<\/li><\/ul><\/div>\n\t\t\t\t<\/div>\n\t\t\t\t\t\t\t\t<\/div>\n\t\t\t\t\t\t<\/div>\n\t\t\t\t<\/div>\n\t\t\t\t\t<\/div>\n\t\t\t\t<\/div>\n\t\t<div class=\"elementor-element elementor-element-edce2ac e-flex e-con-boxed e-con e-parent\" data-id=\"edce2ac\" data-element_type=\"container\" data-e-type=\"container\">\n\t\t\t\t\t<div class=\"e-con-inner\">\n\t\t\t\t<div class=\"elementor-element elementor-element-e78c1d8 elementor-widget elementor-widget-toggle\" data-id=\"e78c1d8\" data-element_type=\"widget\" data-e-type=\"widget\" data-widget_type=\"toggle.default\">\n\t\t\t\t<div class=\"elementor-widget-container\">\n\t\t\t\t\t\t\t<div class=\"elementor-toggle\">\n\t\t\t\t\t\t\t<div class=\"elementor-toggle-item\">\n\t\t\t\t\t<div id=\"elementor-tab-title-2421\" class=\"elementor-tab-title\" data-tab=\"1\" role=\"button\" aria-controls=\"elementor-tab-content-2421\" aria-expanded=\"false\">\n\t\t\t\t\t\t\t\t\t\t\t\t<span class=\"elementor-toggle-icon elementor-toggle-icon-right\" aria-hidden=\"true\">\n\t\t\t\t\t\t\t\t\t\t\t\t\t\t\t<span class=\"elementor-toggle-icon-closed\"><i class=\"fas fa-angle-down\"><\/i><\/span>\n\t\t\t\t\t\t\t\t<span class=\"elementor-toggle-icon-opened\"><i class=\"elementor-toggle-icon-opened fas fa-angle-up\"><\/i><\/span>\n\t\t\t\t\t\t\t\t\t\t\t\t\t<\/span>\n\t\t\t\t\t\t\t\t\t\t\t\t<a class=\"elementor-toggle-title\" tabindex=\"0\">bowl diameter<\/a>\n\t\t\t\t\t<\/div>\n\n\t\t\t\t\t<div id=\"elementor-tab-content-2421\" class=\"elementor-tab-content elementor-clearfix\" data-tab=\"1\" role=\"region\" aria-labelledby=\"elementor-tab-title-2421\"><ul><li><strong>11 cm<\/strong> \u2013 for cats<\/li><li><strong>13,5 cm<\/strong> \u2013 for small dogs (e.g. Chihuahua, Yorkshire, etc.)\u00a0<\/li><li><strong>15,5 cm<\/strong> \u2013 for smaller dogs \u2013 e.g., Dachshund, dogs weighing around 8 kg or less.\u00a0<\/li><li><strong>17 cm<\/strong> \u2013 pugs, smaller bulldogs, corgis, etc., dogs weighing around 14 kg or less.<\/li><li><strong>18-18,5 cm<\/strong> \u2013 larger dogs over 14 kg or smaller ones that need more space.<\/li><li><strong>21 cm<\/strong> \u2013 giants or dogs with a big mouth like an English bulldog<\/li><\/ul><p>\u2733\ufe0e weight estimates of the size of dogs for choosing a bowl are for information only, it also depends on whether the bowl is for water, granules or cooked food or barf, on the size of the portion and the dog's mouth. ideally measure your current bowl and choose the ideal size accordingly<\/p><p>\u2733\ufe0e\u00a0the sizes are not accurate to the millimeter, it is handmade + the stoneware may shrink a little more or less in different parts of the kiln, so take the size as a guide<\/p><\/div>\n\t\t\t\t<\/div>\n\t\t\t\t\t\t\t<div class=\"elementor-toggle-item\">\n\t\t\t\t\t<div id=\"elementor-tab-title-2422\" class=\"elementor-tab-title\" data-tab=\"2\" role=\"button\" aria-controls=\"elementor-tab-content-2422\" aria-expanded=\"false\">\n\t\t\t\t\t\t\t\t\t\t\t\t<span class=\"elementor-toggle-icon elementor-toggle-icon-right\" aria-hidden=\"true\">\n\t\t\t\t\t\t\t\t\t\t\t\t\t\t\t<span class=\"elementor-toggle-icon-closed\"><i class=\"fas fa-angle-down\"><\/i><\/span>\n\t\t\t\t\t\t\t\t<span class=\"elementor-toggle-icon-opened\"><i class=\"elementor-toggle-icon-opened fas fa-angle-up\"><\/i><\/span>\n\t\t\t\t\t\t\t\t\t\t\t\t\t<\/span>\n\t\t\t\t\t\t\t\t\t\t\t\t<a class=\"elementor-toggle-title\" tabindex=\"0\">design<\/a>\n\t\t\t\t\t<\/div>\n\n\t\t\t\t\t<div id=\"elementor-tab-content-2422\" class=\"elementor-tab-content elementor-clearfix\" data-tab=\"2\" role=\"region\" aria-labelledby=\"elementor-tab-title-2422\"><ul><li>If your dog has his favorite toys, best friend, favorite treat, or you want to write an important message on his bowl - choose a design <strong>JUNGLE<\/strong>. This design is among the most popular \ud83d\ude42<\/li><li>design <strong>NATURE<\/strong> \u2013 a dog embedded in nature or an urban or other environment, and it doesn't matter if it's a meadow with flowers, mountains, Amsterdam, your little house or Hogwarts castle.<\/li><li><strong>RELIEF<\/strong> \u2013 monochrome design in contrast with the color of clay \u2013 for minimalists in colors and maxilists at heart<\/li><li><strong>other<\/strong> \u2013 if you have any other special wishes<\/li><\/ul><\/div>\n\t\t\t\t<\/div>\n\t\t\t\t\t\t\t<div class=\"elementor-toggle-item\">\n\t\t\t\t\t<div id=\"elementor-tab-title-2423\" class=\"elementor-tab-title\" data-tab=\"3\" role=\"button\" aria-controls=\"elementor-tab-content-2423\" aria-expanded=\"false\">\n\t\t\t\t\t\t\t\t\t\t\t\t<span class=\"elementor-toggle-icon elementor-toggle-icon-right\" aria-hidden=\"true\">\n\t\t\t\t\t\t\t\t\t\t\t\t\t\t\t<span class=\"elementor-toggle-icon-closed\"><i class=\"fas fa-angle-down\"><\/i><\/span>\n\t\t\t\t\t\t\t\t<span class=\"elementor-toggle-icon-opened\"><i class=\"elementor-toggle-icon-opened fas fa-angle-up\"><\/i><\/span>\n\t\t\t\t\t\t\t\t\t\t\t\t\t<\/span>\n\t\t\t\t\t\t\t\t\t\t\t\t<a class=\"elementor-toggle-title\" tabindex=\"0\">background color<\/a>\n\t\t\t\t\t<\/div>\n\n\t\t\t\t\t<div id=\"elementor-tab-content-2423\" class=\"elementor-tab-content elementor-clearfix\" data-tab=\"3\" role=\"region\" aria-labelledby=\"elementor-tab-title-2423\"><ul><li><strong>beige (clay color)<\/strong> \u2013 choose this color if at least one side of the bowl (outside or inside \u2013 or both) has a light beige base (clay color)<\/li><li><em>recommended for JUNGLE style<\/em><\/li><\/ul><ul><li><strong>full-color \u2013 <\/strong>full-color design - choose if the entire surface of the bowl is a different color than the color of the base (beige) -&gt; e.g. for Harry Potter, if you want the landscape of Hogwarts inside and the outside in the colors of the Gryffindor dormitory\u00a0<\/li><li><em>recommended for NATURE style<\/em><\/li><\/ul><\/div>\n\t\t\t\t<\/div>\n\t\t\t\t\t\t\t<div class=\"elementor-toggle-item\">\n\t\t\t\t\t<div id=\"elementor-tab-title-2424\" class=\"elementor-tab-title\" data-tab=\"4\" role=\"button\" aria-controls=\"elementor-tab-content-2424\" aria-expanded=\"false\">\n\t\t\t\t\t\t\t\t\t\t\t\t<span class=\"elementor-toggle-icon elementor-toggle-icon-right\" aria-hidden=\"true\">\n\t\t\t\t\t\t\t\t\t\t\t\t\t\t\t<span class=\"elementor-toggle-icon-closed\"><i class=\"fas fa-angle-down\"><\/i><\/span>\n\t\t\t\t\t\t\t\t<span class=\"elementor-toggle-icon-opened\"><i class=\"elementor-toggle-icon-opened fas fa-angle-up\"><\/i><\/span>\n\t\t\t\t\t\t\t\t\t\t\t\t\t<\/span>\n\t\t\t\t\t\t\t\t\t\t\t\t<a class=\"elementor-toggle-title\" tabindex=\"0\">name<\/a>\n\t\t\t\t\t<\/div>\n\n\t\t\t\t\t<div id=\"elementor-tab-content-2424\" class=\"elementor-tab-content elementor-clearfix\" data-tab=\"4\" role=\"region\" aria-labelledby=\"elementor-tab-title-2424\"><ul><li><strong>FUN<\/strong> \u2013 letters in different colored shapes, for color lovers<\/li><li><strong>BOLD <\/strong>\u2013 big and bold \u2013 let it be seen who is the master of the bowl<\/li><li><strong>MINIMAL <\/strong>\u2013 a small inscription either on the outside of the bowl or incorporated into the illustration.<\/li><li><strong>WITHOUT A NAME<\/strong> \u2013 you do not need to sign a bowl \/ or if you have (a person) for yourself<\/li><\/ul><\/div>\n\t\t\t\t<\/div>\n\t\t\t\t\t\t\t<div class=\"elementor-toggle-item\">\n\t\t\t\t\t<div id=\"elementor-tab-title-2425\" class=\"elementor-tab-title\" data-tab=\"5\" role=\"button\" aria-controls=\"elementor-tab-content-2425\" aria-expanded=\"false\">\n\t\t\t\t\t\t\t\t\t\t\t\t<span class=\"elementor-toggle-icon elementor-toggle-icon-right\" aria-hidden=\"true\">\n\t\t\t\t\t\t\t\t\t\t\t\t\t\t\t<span class=\"elementor-toggle-icon-closed\"><i class=\"fas fa-angle-down\"><\/i><\/span>\n\t\t\t\t\t\t\t\t<span class=\"elementor-toggle-icon-opened\"><i class=\"elementor-toggle-icon-opened fas fa-angle-up\"><\/i><\/span>\n\t\t\t\t\t\t\t\t\t\t\t\t\t<\/span>\n\t\t\t\t\t\t\t\t\t\t\t\t<a class=\"elementor-toggle-title\" tabindex=\"0\">pet (illustration)<\/a>\n\t\t\t\t\t<\/div>\n\n\t\t\t\t\t<div id=\"elementor-tab-content-2425\" class=\"elementor-tab-content elementor-clearfix\" data-tab=\"5\" role=\"region\" aria-labelledby=\"elementor-tab-title-2425\"><p>If you want a pet on a bowl, please select how you would like to display it:<\/p><ul><li><strong>in the illustration<\/strong> &#8211; <span style=\"color: #ff97d6;\">\u2733\ufe0e our most popular choice \u2733\ufe0e<\/span> it is a dog incorporated into the illustration \u2013 the dog is not the dominant feature of the bowl<\/li><li><strong>big head<\/strong> \u2013 a dog's head, which dominates the bowl<\/li><li><strong>without pet<\/strong> \u2013 without a dog or without a specific dog<\/li><\/ul><\/div>\n\t\t\t\t<\/div>\n\t\t\t\t\t\t\t\t<\/div>\n\t\t\t\t\t\t<\/div>\n\t\t\t\t<\/div>\n\t\t\t\t\t<\/div>\n\t\t\t\t<\/div>\n\t\t\t\t<\/div>","protected":false},"excerpt":{"rendered":"<p>Kameninov\u00e1 miska CHARLUU s personalizovan\u00fdm ru\u010dn\u011b malovan\u00fdm designem. Design misky tvo\u0159\u00ed ilustrace, kter\u00e9 vych\u00e1z\u00ed ze z\u00e1jm\u016f budouc\u00edho ps\u00edho majitele.<\/p>","protected":false},"featured_media":7049,"template":"","meta":[],"product_brand":[],"product_cat":[40],"product_tag":[],"class_list":{"0":"post-3469","1":"product","2":"type-product","3":"status-publish","4":"has-post-thumbnail","6":"product_cat-custom","8":"first","9":"outofstock","10":"shipping-taxable","11":"purchasable","12":"product-type-variable"},"yoast_head":"<!-- This site is optimized with the Yoast SEO plugin v27.0 - https:\/\/yoast.com\/product\/yoast-seo-wordpress\/ -->\n<title>Miska pro psy JUNGLE | Ru\u010dn\u011b malovan\u00e1 | Custom design<\/title>\n<meta name=\"description\" content=\"Ru\u010dn\u011b malovan\u00e1 miska pro psy CHARLUU z kameniny. Design s personalizovan\u00fdmi ilustracemi na m\u00edru osobnosti va\u0161eho pejska nebo jin\u00e9 zv\u00ed\u0159e (i lidsk\u00e9).\" \/>\n<meta name=\"robots\" content=\"index, follow, max-snippet:-1, max-image-preview:large, max-video-preview:-1\" \/>\n<link rel=\"canonical\" href=\"https:\/\/charluu.cz\/en\/product\/custom-miska\/\" \/>\n<meta property=\"og:locale\" content=\"en_US\" \/>\n<meta property=\"og:type\" content=\"article\" \/>\n<meta property=\"og:title\" content=\"Miska pro psy JUNGLE | Ru\u010dn\u011b malovan\u00e1 | Custom design\" \/>\n<meta property=\"og:description\" content=\"Ru\u010dn\u011b malovan\u00e1 miska pro psy CHARLUU z kameniny. Design s personalizovan\u00fdmi ilustracemi na m\u00edru osobnosti va\u0161eho pejska nebo jin\u00e9 zv\u00ed\u0159e (i lidsk\u00e9).\" \/>\n<meta property=\"og:url\" content=\"https:\/\/charluu.cz\/en\/product\/custom-miska\/\" \/>\n<meta property=\"og:site_name\" content=\"CHARLUU - handpainted stoneware dog bowl\" \/>\n<meta property=\"article:modified_time\" content=\"2026-02-23T08:12:36+00:00\" \/>\n<meta property=\"og:image\" content=\"https:\/\/charluu.cz\/wp-content\/uploads\/2024\/10\/CD1.jpg\" \/>\n\t<meta property=\"og:image:width\" content=\"1080\" \/>\n\t<meta property=\"og:image:height\" content=\"1360\" \/>\n\t<meta property=\"og:image:type\" content=\"image\/jpeg\" \/>\n<meta name=\"twitter:card\" content=\"summary_large_image\" \/>\n<meta name=\"twitter:label1\" content=\"Est. reading time\" \/>\n\t<meta name=\"twitter:data1\" content=\"4 minutes\" \/>\n<script type=\"application\/ld+json\" class=\"yoast-schema-graph\">{\"@context\":\"https:\/\/schema.org\",\"@graph\":[{\"@type\":\"WebPage\",\"@id\":\"https:\/\/charluu.cz\/produkt\/custom-miska\/\",\"url\":\"https:\/\/charluu.cz\/produkt\/custom-miska\/\",\"name\":\"Miska pro psy JUNGLE | Ru\u010dn\u011b malovan\u00e1 | Custom design\",\"isPartOf\":{\"@id\":\"https:\/\/charluu.cz\/#website\"},\"primaryImageOfPage\":{\"@id\":\"https:\/\/charluu.cz\/produkt\/custom-miska\/#primaryimage\"},\"image\":{\"@id\":\"https:\/\/charluu.cz\/produkt\/custom-miska\/#primaryimage\"},\"thumbnailUrl\":\"https:\/\/charluu.cz\/wp-content\/uploads\/2024\/10\/CD1.jpg\",\"datePublished\":\"2025-01-12T17:07:44+00:00\",\"dateModified\":\"2026-02-23T08:12:36+00:00\",\"description\":\"Ru\u010dn\u011b malovan\u00e1 miska pro psy CHARLUU z kameniny. Design s personalizovan\u00fdmi ilustracemi na m\u00edru osobnosti va\u0161eho pejska nebo jin\u00e9 zv\u00ed\u0159e (i lidsk\u00e9).\",\"breadcrumb\":{\"@id\":\"https:\/\/charluu.cz\/produkt\/custom-miska\/#breadcrumb\"},\"inLanguage\":\"en-US\",\"potentialAction\":[{\"@type\":\"ReadAction\",\"target\":[\"https:\/\/charluu.cz\/produkt\/custom-miska\/\"]}]},{\"@type\":\"ImageObject\",\"inLanguage\":\"en-US\",\"@id\":\"https:\/\/charluu.cz\/produkt\/custom-miska\/#primaryimage\",\"url\":\"https:\/\/charluu.cz\/wp-content\/uploads\/2024\/10\/CD1.jpg\",\"contentUrl\":\"https:\/\/charluu.cz\/wp-content\/uploads\/2024\/10\/CD1.jpg\",\"width\":1080,\"height\":1360},{\"@type\":\"BreadcrumbList\",\"@id\":\"https:\/\/charluu.cz\/produkt\/custom-miska\/#breadcrumb\",\"itemListElement\":[{\"@type\":\"ListItem\",\"position\":1,\"name\":\"Home\",\"item\":\"https:\/\/charluu.cz\/\"},{\"@type\":\"ListItem\",\"position\":2,\"name\":\"shop\",\"item\":\"https:\/\/charluu.cz\/produkty\/\"},{\"@type\":\"ListItem\",\"position\":3,\"name\":\"miska \u2733\ufe0e custom design \u2733\ufe0e\"}]},{\"@type\":\"WebSite\",\"@id\":\"https:\/\/charluu.cz\/#website\",\"url\":\"https:\/\/charluu.cz\/\",\"name\":\"CHARLUU - handpainted stoneware dog bowl\",\"description\":\"Vstupte do sv\u011bta ru\u010dn\u011b malovan\u00fdch kameninov\u00fdch misek pro psy\",\"publisher\":{\"@id\":\"https:\/\/charluu.cz\/#organization\"},\"potentialAction\":[{\"@type\":\"SearchAction\",\"target\":{\"@type\":\"EntryPoint\",\"urlTemplate\":\"https:\/\/charluu.cz\/?s={search_term_string}\"},\"query-input\":{\"@type\":\"PropertyValueSpecification\",\"valueRequired\":true,\"valueName\":\"search_term_string\"}}],\"inLanguage\":\"en-US\"},{\"@type\":\"Organization\",\"@id\":\"https:\/\/charluu.cz\/#organization\",\"name\":\"CHARLUU - handpainted stoneware dog bowl\",\"url\":\"https:\/\/charluu.cz\/\",\"logo\":{\"@type\":\"ImageObject\",\"inLanguage\":\"en-US\",\"@id\":\"https:\/\/charluu.cz\/#\/schema\/logo\/image\/\",\"url\":\"https:\/\/charluu.cz\/wp-content\/uploads\/2022\/09\/logo-hlavicka.svg\",\"contentUrl\":\"https:\/\/charluu.cz\/wp-content\/uploads\/2022\/09\/logo-hlavicka.svg\",\"width\":149,\"height\":116,\"caption\":\"CHARLUU - handpainted stoneware dog bowl\"},\"image\":{\"@id\":\"https:\/\/charluu.cz\/#\/schema\/logo\/image\/\"}}]}<\/script>\n<!-- \/ Yoast SEO plugin. -->","yoast_head_json":{"title":"Miska pro psy JUNGLE | Ru\u010dn\u011b malovan\u00e1 | Custom design","description":"Ru\u010dn\u011b malovan\u00e1 miska pro psy CHARLUU z kameniny. Design s personalizovan\u00fdmi ilustracemi na m\u00edru osobnosti va\u0161eho pejska nebo jin\u00e9 zv\u00ed\u0159e (i lidsk\u00e9).","robots":{"index":"index","follow":"follow","max-snippet":"max-snippet:-1","max-image-preview":"max-image-preview:large","max-video-preview":"max-video-preview:-1"},"canonical":"https:\/\/charluu.cz\/en\/product\/custom-miska\/","og_locale":"en_US","og_type":"article","og_title":"Miska pro psy JUNGLE | Ru\u010dn\u011b malovan\u00e1 | Custom design","og_description":"Ru\u010dn\u011b malovan\u00e1 miska pro psy CHARLUU z kameniny. Design s personalizovan\u00fdmi ilustracemi na m\u00edru osobnosti va\u0161eho pejska nebo jin\u00e9 zv\u00ed\u0159e (i lidsk\u00e9).","og_url":"https:\/\/charluu.cz\/en\/product\/custom-miska\/","og_site_name":"CHARLUU - handpainted stoneware dog bowl","article_modified_time":"2026-02-23T08:12:36+00:00","og_image":[{"width":1080,"height":1360,"url":"https:\/\/charluu.cz\/wp-content\/uploads\/2024\/10\/CD1.jpg","type":"image\/jpeg"}],"twitter_card":"summary_large_image","twitter_misc":{"Est. reading time":"4 minutes"},"schema":{"@context":"https:\/\/schema.org","@graph":[{"@type":"WebPage","@id":"https:\/\/charluu.cz\/produkt\/custom-miska\/","url":"https:\/\/charluu.cz\/produkt\/custom-miska\/","name":"Miska pro psy JUNGLE | Ru\u010dn\u011b malovan\u00e1 | Custom design","isPartOf":{"@id":"https:\/\/charluu.cz\/#website"},"primaryImageOfPage":{"@id":"https:\/\/charluu.cz\/produkt\/custom-miska\/#primaryimage"},"image":{"@id":"https:\/\/charluu.cz\/produkt\/custom-miska\/#primaryimage"},"thumbnailUrl":"https:\/\/charluu.cz\/wp-content\/uploads\/2024\/10\/CD1.jpg","datePublished":"2025-01-12T17:07:44+00:00","dateModified":"2026-02-23T08:12:36+00:00","description":"Ru\u010dn\u011b malovan\u00e1 miska pro psy CHARLUU z kameniny. Design s personalizovan\u00fdmi ilustracemi na m\u00edru osobnosti va\u0161eho pejska nebo jin\u00e9 zv\u00ed\u0159e (i lidsk\u00e9).","breadcrumb":{"@id":"https:\/\/charluu.cz\/produkt\/custom-miska\/#breadcrumb"},"inLanguage":"en-US","potentialAction":[{"@type":"ReadAction","target":["https:\/\/charluu.cz\/produkt\/custom-miska\/"]}]},{"@type":"ImageObject","inLanguage":"en-US","@id":"https:\/\/charluu.cz\/produkt\/custom-miska\/#primaryimage","url":"https:\/\/charluu.cz\/wp-content\/uploads\/2024\/10\/CD1.jpg","contentUrl":"https:\/\/charluu.cz\/wp-content\/uploads\/2024\/10\/CD1.jpg","width":1080,"height":1360},{"@type":"BreadcrumbList","@id":"https:\/\/charluu.cz\/produkt\/custom-miska\/#breadcrumb","itemListElement":[{"@type":"ListItem","position":1,"name":"Home","item":"https:\/\/charluu.cz\/"},{"@type":"ListItem","position":2,"name":"shop","item":"https:\/\/charluu.cz\/produkty\/"},{"@type":"ListItem","position":3,"name":"miska \u2733\ufe0e custom design \u2733\ufe0e"}]},{"@type":"WebSite","@id":"https:\/\/charluu.cz\/#website","url":"https:\/\/charluu.cz\/","name":"CHARLUU - handpainted stoneware dog bowl","description":"Vstupte do sv\u011bta ru\u010dn\u011b malovan\u00fdch kameninov\u00fdch misek pro psy","publisher":{"@id":"https:\/\/charluu.cz\/#organization"},"potentialAction":[{"@type":"SearchAction","target":{"@type":"EntryPoint","urlTemplate":"https:\/\/charluu.cz\/?s={search_term_string}"},"query-input":{"@type":"PropertyValueSpecification","valueRequired":true,"valueName":"search_term_string"}}],"inLanguage":"en-US"},{"@type":"Organization","@id":"https:\/\/charluu.cz\/#organization","name":"CHARLUU - handpainted stoneware dog bowl","url":"https:\/\/charluu.cz\/","logo":{"@type":"ImageObject","inLanguage":"en-US","@id":"https:\/\/charluu.cz\/#\/schema\/logo\/image\/","url":"https:\/\/charluu.cz\/wp-content\/uploads\/2022\/09\/logo-hlavicka.svg","contentUrl":"https:\/\/charluu.cz\/wp-content\/uploads\/2022\/09\/logo-hlavicka.svg","width":149,"height":116,"caption":"CHARLUU - handpainted stoneware dog bowl"},"image":{"@id":"https:\/\/charluu.cz\/#\/schema\/logo\/image\/"}}]}},"_links":{"self":[{"href":"https:\/\/charluu.cz\/en\/wp-json\/wp\/v2\/product\/3469","targetHints":{"allow":["GET"]}}],"collection":[{"href":"https:\/\/charluu.cz\/en\/wp-json\/wp\/v2\/product"}],"about":[{"href":"https:\/\/charluu.cz\/en\/wp-json\/wp\/v2\/types\/product"}],"version-history":[{"count":133,"href":"https:\/\/charluu.cz\/en\/wp-json\/wp\/v2\/product\/3469\/revisions"}],"predecessor-version":[{"id":7064,"href":"https:\/\/charluu.cz\/en\/wp-json\/wp\/v2\/product\/3469\/revisions\/7064"}],"wp:featuredmedia":[{"embeddable":true,"href":"https:\/\/charluu.cz\/en\/wp-json\/wp\/v2\/media\/7049"}],"wp:attachment":[{"href":"https:\/\/charluu.cz\/en\/wp-json\/wp\/v2\/media?parent=3469"}],"wp:term":[{"taxonomy":"product_brand","embeddable":true,"href":"https:\/\/charluu.cz\/en\/wp-json\/wp\/v2\/product_brand?post=3469"},{"taxonomy":"product_cat","embeddable":true,"href":"https:\/\/charluu.cz\/en\/wp-json\/wp\/v2\/product_cat?post=3469"},{"taxonomy":"product_tag","embeddable":true,"href":"https:\/\/charluu.cz\/en\/wp-json\/wp\/v2\/product_tag?post=3469"}],"curies":[{"name":"wp","href":"https:\/\/api.w.org\/{rel}","templated":true}]}}