{"id":3382,"date":"2025-09-04T18:20:17","date_gmt":"2025-09-04T16:20:17","guid":{"rendered":"https:\/\/charluu.cz\/?post_type=product&#038;p=3382"},"modified":"2025-09-05T12:28:23","modified_gmt":"2025-09-05T10:28:23","slug":"miska-hory","status":"publish","type":"product","link":"https:\/\/charluu.cz\/en\/product\/miska-hory\/","title":{"rendered":"bowl Mountains"},"content":{"rendered":"<p>Ru\u010dn\u011b malovan\u00e1 a vyroben\u00e1 kameninov\u00e1 miska s ilustrac\u00ed s motivem krajiny. Hory a p\u0159ed nimi rozkvetl\u00e1 louka se siluetou postavy s cul\u00edkem a pejskem&lt;3. Zvenku je miska zrzav\u00e1 s r\u016f\u017eov\u00fdmi kv\u00edtky. R\u016f\u017eov\u00e9 kv\u011bty na vn\u011bj\u0161\u00ed stran\u011b maj\u00ed strukturu mal\u00fdch bublinek, je to jen reakce konkr\u00e9tn\u00edch 2 barev dohromady (na pou\u017e\u00edv\u00e1n\u00ed to nem\u00e1 \u017e\u00e1dn\u00fd vliv, je to jen struktura). Cel\u00e1 miska je naglazovan\u00e1 lesklou glazurou. Pr\u016fm\u011br cca 18 cm, v\u00fd\u0161ka 6,3 cm.<\/p>\n<p>Suitable for food and water. The bowl may be slightly irregular, but this is not a defect, on the contrary, it is a sign of handwork \ud83d\ude42<\/p>\n<p>&nbsp;<\/p>\n<ul>\n<li>Handmade from durable light beige stoneware, hand painted illustrations covered with a glossy clear glaze. The materials used are of high quality, lead-free and suitable for contact with food and water.<\/li>\n<li>Each piece is handmade and hand-painted, so it may contain slight imperfections or unevenness, which we consider part of the charm of handcrafted items.<\/li>\n<li>Although we recommend hand washing, they can also be safely washed in the dishwasher and heated in the microwave!<\/li>\n<li>We make all our things by hand in Prague Czech Republic. Each piece is unique.<\/li>\n<\/ul>\n<p>&nbsp;<\/p>\n<p><strong>good to know:<span class=\"Apple-converted-space\">\u00a0<\/span><\/strong><\/p>\n<p>We create everything in human quality, which means the bowl is fit for human food. If you're a fan of pho, pasta, pok\u00e9 bowls or a sweet breakfast, this is a great option for you guys too.<\/p>\n<p>\u3030\ufe0f<\/p>\n<p>&nbsp;<\/p>","protected":false},"excerpt":{"rendered":"<p>Ru\u010dn\u011b malovan\u00e1 miska Mini kytky pro psy CHARLUU z kameniny. Design &#8222;Hory&#8220; s designem krajiny, kde jsou hory, louka a silueta postavy a psa.<\/p>","protected":false},"featured_media":3386,"template":"","meta":[],"product_brand":[],"product_cat":[15,56],"product_tag":[],"class_list":{"0":"post-3382","1":"product","2":"type-product","3":"status-publish","4":"has-post-thumbnail","6":"product_cat-eshop","7":"product_cat-misky","9":"first","10":"instock","11":"shipping-taxable","12":"purchasable","13":"product-type-simple"},"yoast_head":"<!-- This site is optimized with the Yoast SEO plugin v27.0 - https:\/\/yoast.com\/product\/yoast-seo-wordpress\/ -->\n<title>Hory | miska pro psy CHARLUU | Ru\u010dn\u011b malovan\u00fd design<\/title>\n<meta name=\"description\" content=\"Ru\u010dn\u011b malovan\u00e1 a vyroben\u00e1 kameninov\u00e1 miska pro psy a ko\u010dky CHARLUU &quot;Hory&quot; s designem krajiny, kde jsou hory, louka a silueta postavy a psa.\" \/>\n<meta name=\"robots\" content=\"index, follow, max-snippet:-1, max-image-preview:large, max-video-preview:-1\" \/>\n<link rel=\"canonical\" href=\"https:\/\/charluu.cz\/en\/product\/miska-hory\/\" \/>\n<meta property=\"og:locale\" content=\"en_US\" \/>\n<meta property=\"og:type\" content=\"article\" \/>\n<meta property=\"og:title\" content=\"Hory | miska pro psy CHARLUU | Ru\u010dn\u011b malovan\u00fd design\" \/>\n<meta property=\"og:description\" content=\"Ru\u010dn\u011b malovan\u00e1 a vyroben\u00e1 kameninov\u00e1 miska pro psy a ko\u010dky CHARLUU &quot;Hory&quot; s designem krajiny, kde jsou hory, louka a silueta postavy a psa.\" \/>\n<meta property=\"og:url\" content=\"https:\/\/charluu.cz\/en\/product\/miska-hory\/\" \/>\n<meta property=\"og:site_name\" content=\"CHARLUU - handpainted stoneware dog bowl\" \/>\n<meta property=\"article:modified_time\" content=\"2025-09-05T10:28:23+00:00\" \/>\n<meta property=\"og:image\" content=\"https:\/\/charluu.cz\/wp-content\/uploads\/2024\/06\/hory12.jpg\" \/>\n\t<meta property=\"og:image:width\" content=\"1080\" \/>\n\t<meta property=\"og:image:height\" content=\"1360\" \/>\n\t<meta property=\"og:image:type\" content=\"image\/jpeg\" \/>\n<meta name=\"twitter:card\" content=\"summary_large_image\" \/>\n<meta name=\"twitter:label1\" content=\"Est. reading time\" \/>\n\t<meta name=\"twitter:data1\" content=\"2 minutes\" \/>\n<script type=\"application\/ld+json\" class=\"yoast-schema-graph\">{\"@context\":\"https:\/\/schema.org\",\"@graph\":[{\"@type\":\"WebPage\",\"@id\":\"https:\/\/charluu.cz\/produkt\/miska-hory\/\",\"url\":\"https:\/\/charluu.cz\/produkt\/miska-hory\/\",\"name\":\"Hory | miska pro psy CHARLUU | Ru\u010dn\u011b malovan\u00fd design\",\"isPartOf\":{\"@id\":\"https:\/\/charluu.cz\/#website\"},\"primaryImageOfPage\":{\"@id\":\"https:\/\/charluu.cz\/produkt\/miska-hory\/#primaryimage\"},\"image\":{\"@id\":\"https:\/\/charluu.cz\/produkt\/miska-hory\/#primaryimage\"},\"thumbnailUrl\":\"https:\/\/charluu.cz\/wp-content\/uploads\/2024\/06\/hory12.jpg\",\"datePublished\":\"2025-09-04T16:20:17+00:00\",\"dateModified\":\"2025-09-05T10:28:23+00:00\",\"description\":\"Ru\u010dn\u011b malovan\u00e1 a vyroben\u00e1 kameninov\u00e1 miska pro psy a ko\u010dky CHARLUU \\\"Hory\\\" s designem krajiny, kde jsou hory, louka a silueta postavy a psa.\",\"breadcrumb\":{\"@id\":\"https:\/\/charluu.cz\/produkt\/miska-hory\/#breadcrumb\"},\"inLanguage\":\"en-US\",\"potentialAction\":[{\"@type\":\"ReadAction\",\"target\":[\"https:\/\/charluu.cz\/produkt\/miska-hory\/\"]}]},{\"@type\":\"ImageObject\",\"inLanguage\":\"en-US\",\"@id\":\"https:\/\/charluu.cz\/produkt\/miska-hory\/#primaryimage\",\"url\":\"https:\/\/charluu.cz\/wp-content\/uploads\/2024\/06\/hory12.jpg\",\"contentUrl\":\"https:\/\/charluu.cz\/wp-content\/uploads\/2024\/06\/hory12.jpg\",\"width\":1080,\"height\":1360},{\"@type\":\"BreadcrumbList\",\"@id\":\"https:\/\/charluu.cz\/produkt\/miska-hory\/#breadcrumb\",\"itemListElement\":[{\"@type\":\"ListItem\",\"position\":1,\"name\":\"Home\",\"item\":\"https:\/\/charluu.cz\/\"},{\"@type\":\"ListItem\",\"position\":2,\"name\":\"shop\",\"item\":\"https:\/\/charluu.cz\/produkty\/\"},{\"@type\":\"ListItem\",\"position\":3,\"name\":\"miska Hory\"}]},{\"@type\":\"WebSite\",\"@id\":\"https:\/\/charluu.cz\/#website\",\"url\":\"https:\/\/charluu.cz\/\",\"name\":\"CHARLUU - handpainted stoneware dog bowl\",\"description\":\"Vstupte do sv\u011bta ru\u010dn\u011b malovan\u00fdch kameninov\u00fdch misek pro psy\",\"publisher\":{\"@id\":\"https:\/\/charluu.cz\/#organization\"},\"potentialAction\":[{\"@type\":\"SearchAction\",\"target\":{\"@type\":\"EntryPoint\",\"urlTemplate\":\"https:\/\/charluu.cz\/?s={search_term_string}\"},\"query-input\":{\"@type\":\"PropertyValueSpecification\",\"valueRequired\":true,\"valueName\":\"search_term_string\"}}],\"inLanguage\":\"en-US\"},{\"@type\":\"Organization\",\"@id\":\"https:\/\/charluu.cz\/#organization\",\"name\":\"CHARLUU - handpainted stoneware dog bowl\",\"url\":\"https:\/\/charluu.cz\/\",\"logo\":{\"@type\":\"ImageObject\",\"inLanguage\":\"en-US\",\"@id\":\"https:\/\/charluu.cz\/#\/schema\/logo\/image\/\",\"url\":\"https:\/\/charluu.cz\/wp-content\/uploads\/2022\/09\/logo-hlavicka.svg\",\"contentUrl\":\"https:\/\/charluu.cz\/wp-content\/uploads\/2022\/09\/logo-hlavicka.svg\",\"width\":149,\"height\":116,\"caption\":\"CHARLUU - handpainted stoneware dog bowl\"},\"image\":{\"@id\":\"https:\/\/charluu.cz\/#\/schema\/logo\/image\/\"}}]}<\/script>\n<!-- \/ Yoast SEO plugin. -->","yoast_head_json":{"title":"Hory | miska pro psy CHARLUU | Ru\u010dn\u011b malovan\u00fd design","description":"Ru\u010dn\u011b malovan\u00e1 a vyroben\u00e1 kameninov\u00e1 miska pro psy a ko\u010dky CHARLUU \"Hory\" s designem krajiny, kde jsou hory, louka a silueta postavy a psa.","robots":{"index":"index","follow":"follow","max-snippet":"max-snippet:-1","max-image-preview":"max-image-preview:large","max-video-preview":"max-video-preview:-1"},"canonical":"https:\/\/charluu.cz\/en\/product\/miska-hory\/","og_locale":"en_US","og_type":"article","og_title":"Hory | miska pro psy CHARLUU | Ru\u010dn\u011b malovan\u00fd design","og_description":"Ru\u010dn\u011b malovan\u00e1 a vyroben\u00e1 kameninov\u00e1 miska pro psy a ko\u010dky CHARLUU \"Hory\" s designem krajiny, kde jsou hory, louka a silueta postavy a psa.","og_url":"https:\/\/charluu.cz\/en\/product\/miska-hory\/","og_site_name":"CHARLUU - handpainted stoneware dog bowl","article_modified_time":"2025-09-05T10:28:23+00:00","og_image":[{"width":1080,"height":1360,"url":"https:\/\/charluu.cz\/wp-content\/uploads\/2024\/06\/hory12.jpg","type":"image\/jpeg"}],"twitter_card":"summary_large_image","twitter_misc":{"Est. reading time":"2 minutes"},"schema":{"@context":"https:\/\/schema.org","@graph":[{"@type":"WebPage","@id":"https:\/\/charluu.cz\/produkt\/miska-hory\/","url":"https:\/\/charluu.cz\/produkt\/miska-hory\/","name":"Hory | miska pro psy CHARLUU | Ru\u010dn\u011b malovan\u00fd design","isPartOf":{"@id":"https:\/\/charluu.cz\/#website"},"primaryImageOfPage":{"@id":"https:\/\/charluu.cz\/produkt\/miska-hory\/#primaryimage"},"image":{"@id":"https:\/\/charluu.cz\/produkt\/miska-hory\/#primaryimage"},"thumbnailUrl":"https:\/\/charluu.cz\/wp-content\/uploads\/2024\/06\/hory12.jpg","datePublished":"2025-09-04T16:20:17+00:00","dateModified":"2025-09-05T10:28:23+00:00","description":"Ru\u010dn\u011b malovan\u00e1 a vyroben\u00e1 kameninov\u00e1 miska pro psy a ko\u010dky CHARLUU \"Hory\" s designem krajiny, kde jsou hory, louka a silueta postavy a psa.","breadcrumb":{"@id":"https:\/\/charluu.cz\/produkt\/miska-hory\/#breadcrumb"},"inLanguage":"en-US","potentialAction":[{"@type":"ReadAction","target":["https:\/\/charluu.cz\/produkt\/miska-hory\/"]}]},{"@type":"ImageObject","inLanguage":"en-US","@id":"https:\/\/charluu.cz\/produkt\/miska-hory\/#primaryimage","url":"https:\/\/charluu.cz\/wp-content\/uploads\/2024\/06\/hory12.jpg","contentUrl":"https:\/\/charluu.cz\/wp-content\/uploads\/2024\/06\/hory12.jpg","width":1080,"height":1360},{"@type":"BreadcrumbList","@id":"https:\/\/charluu.cz\/produkt\/miska-hory\/#breadcrumb","itemListElement":[{"@type":"ListItem","position":1,"name":"Home","item":"https:\/\/charluu.cz\/"},{"@type":"ListItem","position":2,"name":"shop","item":"https:\/\/charluu.cz\/produkty\/"},{"@type":"ListItem","position":3,"name":"miska Hory"}]},{"@type":"WebSite","@id":"https:\/\/charluu.cz\/#website","url":"https:\/\/charluu.cz\/","name":"CHARLUU - handpainted stoneware dog bowl","description":"Vstupte do sv\u011bta ru\u010dn\u011b malovan\u00fdch kameninov\u00fdch misek pro psy","publisher":{"@id":"https:\/\/charluu.cz\/#organization"},"potentialAction":[{"@type":"SearchAction","target":{"@type":"EntryPoint","urlTemplate":"https:\/\/charluu.cz\/?s={search_term_string}"},"query-input":{"@type":"PropertyValueSpecification","valueRequired":true,"valueName":"search_term_string"}}],"inLanguage":"en-US"},{"@type":"Organization","@id":"https:\/\/charluu.cz\/#organization","name":"CHARLUU - handpainted stoneware dog bowl","url":"https:\/\/charluu.cz\/","logo":{"@type":"ImageObject","inLanguage":"en-US","@id":"https:\/\/charluu.cz\/#\/schema\/logo\/image\/","url":"https:\/\/charluu.cz\/wp-content\/uploads\/2022\/09\/logo-hlavicka.svg","contentUrl":"https:\/\/charluu.cz\/wp-content\/uploads\/2022\/09\/logo-hlavicka.svg","width":149,"height":116,"caption":"CHARLUU - handpainted stoneware dog bowl"},"image":{"@id":"https:\/\/charluu.cz\/#\/schema\/logo\/image\/"}}]}},"_links":{"self":[{"href":"https:\/\/charluu.cz\/en\/wp-json\/wp\/v2\/product\/3382","targetHints":{"allow":["GET"]}}],"collection":[{"href":"https:\/\/charluu.cz\/en\/wp-json\/wp\/v2\/product"}],"about":[{"href":"https:\/\/charluu.cz\/en\/wp-json\/wp\/v2\/types\/product"}],"version-history":[{"count":5,"href":"https:\/\/charluu.cz\/en\/wp-json\/wp\/v2\/product\/3382\/revisions"}],"predecessor-version":[{"id":3822,"href":"https:\/\/charluu.cz\/en\/wp-json\/wp\/v2\/product\/3382\/revisions\/3822"}],"wp:featuredmedia":[{"embeddable":true,"href":"https:\/\/charluu.cz\/en\/wp-json\/wp\/v2\/media\/3386"}],"wp:attachment":[{"href":"https:\/\/charluu.cz\/en\/wp-json\/wp\/v2\/media?parent=3382"}],"wp:term":[{"taxonomy":"product_brand","embeddable":true,"href":"https:\/\/charluu.cz\/en\/wp-json\/wp\/v2\/product_brand?post=3382"},{"taxonomy":"product_cat","embeddable":true,"href":"https:\/\/charluu.cz\/en\/wp-json\/wp\/v2\/product_cat?post=3382"},{"taxonomy":"product_tag","embeddable":true,"href":"https:\/\/charluu.cz\/en\/wp-json\/wp\/v2\/product_tag?post=3382"}],"curies":[{"name":"wp","href":"https:\/\/api.w.org\/{rel}","templated":true}]}}