{"id":2662,"date":"2024-05-15T20:30:19","date_gmt":"2024-05-15T20:30:19","guid":{"rendered":"https:\/\/charluu.cz\/?post_type=product&#038;p=2662"},"modified":"2024-08-25T11:30:45","modified_gmt":"2024-08-25T11:30:45","slug":"malekvety","status":"publish","type":"product","link":"https:\/\/charluu.cz\/en\/product\/malekvety\/","title":{"rendered":"bowl fresh flowers \u2300 17 cm"},"content":{"rendered":"<p>Design mal\u00e9 kv\u011bty na b\u00e9\u017eov\u00e9m podkladu &#8211; ru\u010dn\u011b malovan\u00e9 a vyroben\u00e9 kameninov\u00e9 misce. Pr\u016fm\u011br 17 cm, v\u00fd\u0161ka 6,5 cm. Objem cca 900ml.<\/p>\n<p>Suitable for food and water.<\/p>\n<p>&nbsp;<\/p>\n<ul>\n<li>Handmade from durable light beige stoneware, hand painted illustrations covered with a glossy clear glaze. The materials used are of high quality, lead-free and suitable for contact with food and water.<\/li>\n<li>Each piece is handmade and hand-painted, so it may contain slight imperfections or unevenness, which we consider part of the charm of handcrafted items.<\/li>\n<li>Although we recommend hand washing, they can also be safely washed in the dishwasher and heated in the microwave!<\/li>\n<li>We make all our things by hand in Prague Czech Republic. Each piece is unique.<\/li>\n<\/ul>\n<p>&nbsp;<\/p>\n<p><strong>good to know:<span class=\"Apple-converted-space\">\u00a0<\/span><\/strong><\/p>\n<p>We create everything in human quality, which means the bowl is fit for human food. If you're a fan of pho, pasta, pok\u00e9 bowls or a sweet breakfast, this is a great option for you guys too.<\/p>\n<p>&nbsp;<\/p>","protected":false},"excerpt":{"rendered":"<p>Ru\u010dn\u011b malovan\u00e1 miska Mini kytky pro psy CHARLUU z kameniny. Design s barevn\u00fdmi kv\u011bty v nejmen\u0161\u00ed velikosti misky (13,5 cm) je ide\u00e1ln\u00ed pro mal\u00e9 psy nebo ko\u010dky.<\/p>","protected":false},"featured_media":0,"template":"","meta":[],"product_brand":[],"product_cat":[15,56],"product_tag":[],"class_list":{"0":"post-2662","1":"product","2":"type-product","3":"status-publish","5":"product_cat-eshop","6":"product_cat-misky","8":"first","9":"instock","10":"shipping-taxable","11":"purchasable","12":"product-type-simple"},"yoast_head":"<!-- This site is optimized with the Yoast SEO plugin v27.0 - https:\/\/yoast.com\/product\/yoast-seo-wordpress\/ -->\n<title>Mal\u00e9 kv\u011bty | miska pro psy CHARLUU | Ru\u010dn\u011b malovan\u00fd design<\/title>\n<meta name=\"description\" content=\"Ru\u010dn\u011b malovan\u00e1 a vyroben\u00e1 kameninov\u00e1 miska pro psy a ko\u010dky CHARLUU &quot;Mal\u00e9 kv\u011bty&quot; s designem mal\u00fdch barevn\u00fdch kv\u011bt\u016f na b\u00e9\u017eov\u00e9m podkladu.\" \/>\n<meta name=\"robots\" content=\"index, follow, max-snippet:-1, max-image-preview:large, max-video-preview:-1\" \/>\n<link rel=\"canonical\" href=\"https:\/\/charluu.cz\/en\/product\/malekvety\/\" \/>\n<meta property=\"og:locale\" content=\"en_US\" \/>\n<meta property=\"og:type\" content=\"article\" \/>\n<meta property=\"og:title\" content=\"Mal\u00e9 kv\u011bty | miska pro psy CHARLUU | Ru\u010dn\u011b malovan\u00fd design\" \/>\n<meta property=\"og:description\" content=\"Ru\u010dn\u011b malovan\u00e1 a vyroben\u00e1 kameninov\u00e1 miska pro psy a ko\u010dky CHARLUU &quot;Mal\u00e9 kv\u011bty&quot; s designem mal\u00fdch barevn\u00fdch kv\u011bt\u016f na b\u00e9\u017eov\u00e9m podkladu.\" \/>\n<meta property=\"og:url\" content=\"https:\/\/charluu.cz\/en\/product\/malekvety\/\" \/>\n<meta property=\"og:site_name\" content=\"CHARLUU - handpainted stoneware dog bowl\" \/>\n<meta property=\"article:modified_time\" content=\"2024-08-25T11:30:45+00:00\" \/>\n<meta property=\"og:image\" content=\"https:\/\/charluu.cz\/wp-content\/uploads\/2024\/05\/malekvety2-1.jpg\" \/>\n\t<meta property=\"og:image:width\" content=\"1080\" \/>\n\t<meta property=\"og:image:height\" content=\"1350\" \/>\n\t<meta property=\"og:image:type\" content=\"image\/jpeg\" \/>\n<meta name=\"twitter:card\" content=\"summary_large_image\" \/>\n<meta name=\"twitter:label1\" content=\"Est. reading time\" \/>\n\t<meta name=\"twitter:data1\" content=\"2 minutes\" \/>\n<script type=\"application\/ld+json\" class=\"yoast-schema-graph\">{\"@context\":\"https:\/\/schema.org\",\"@graph\":[{\"@type\":\"WebPage\",\"@id\":\"https:\/\/charluu.cz\/produkt\/malekvety\/\",\"url\":\"https:\/\/charluu.cz\/produkt\/malekvety\/\",\"name\":\"Mal\u00e9 kv\u011bty | miska pro psy CHARLUU | Ru\u010dn\u011b malovan\u00fd design\",\"isPartOf\":{\"@id\":\"https:\/\/charluu.cz\/#website\"},\"datePublished\":\"2024-05-15T20:30:19+00:00\",\"dateModified\":\"2024-08-25T11:30:45+00:00\",\"description\":\"Ru\u010dn\u011b malovan\u00e1 a vyroben\u00e1 kameninov\u00e1 miska pro psy a ko\u010dky CHARLUU \\\"Mal\u00e9 kv\u011bty\\\" s designem mal\u00fdch barevn\u00fdch kv\u011bt\u016f na b\u00e9\u017eov\u00e9m podkladu.\",\"breadcrumb\":{\"@id\":\"https:\/\/charluu.cz\/produkt\/malekvety\/#breadcrumb\"},\"inLanguage\":\"en-US\",\"potentialAction\":[{\"@type\":\"ReadAction\",\"target\":[\"https:\/\/charluu.cz\/produkt\/malekvety\/\"]}]},{\"@type\":\"BreadcrumbList\",\"@id\":\"https:\/\/charluu.cz\/produkt\/malekvety\/#breadcrumb\",\"itemListElement\":[{\"@type\":\"ListItem\",\"position\":1,\"name\":\"Home\",\"item\":\"https:\/\/charluu.cz\/\"},{\"@type\":\"ListItem\",\"position\":2,\"name\":\"shop\",\"item\":\"https:\/\/charluu.cz\/produkty\/\"},{\"@type\":\"ListItem\",\"position\":3,\"name\":\"miska mal\u00e9 kv\u011bty \u2300 17 cm\"}]},{\"@type\":\"WebSite\",\"@id\":\"https:\/\/charluu.cz\/#website\",\"url\":\"https:\/\/charluu.cz\/\",\"name\":\"CHARLUU - handpainted stoneware dog bowl\",\"description\":\"Vstupte do sv\u011bta ru\u010dn\u011b malovan\u00fdch kameninov\u00fdch misek pro psy\",\"publisher\":{\"@id\":\"https:\/\/charluu.cz\/#organization\"},\"potentialAction\":[{\"@type\":\"SearchAction\",\"target\":{\"@type\":\"EntryPoint\",\"urlTemplate\":\"https:\/\/charluu.cz\/?s={search_term_string}\"},\"query-input\":{\"@type\":\"PropertyValueSpecification\",\"valueRequired\":true,\"valueName\":\"search_term_string\"}}],\"inLanguage\":\"en-US\"},{\"@type\":\"Organization\",\"@id\":\"https:\/\/charluu.cz\/#organization\",\"name\":\"CHARLUU - handpainted stoneware dog bowl\",\"url\":\"https:\/\/charluu.cz\/\",\"logo\":{\"@type\":\"ImageObject\",\"inLanguage\":\"en-US\",\"@id\":\"https:\/\/charluu.cz\/#\/schema\/logo\/image\/\",\"url\":\"https:\/\/charluu.cz\/wp-content\/uploads\/2022\/09\/logo-hlavicka.svg\",\"contentUrl\":\"https:\/\/charluu.cz\/wp-content\/uploads\/2022\/09\/logo-hlavicka.svg\",\"width\":149,\"height\":116,\"caption\":\"CHARLUU - handpainted stoneware dog bowl\"},\"image\":{\"@id\":\"https:\/\/charluu.cz\/#\/schema\/logo\/image\/\"}}]}<\/script>\n<!-- \/ Yoast SEO plugin. -->","yoast_head_json":{"title":"Mal\u00e9 kv\u011bty | miska pro psy CHARLUU | Ru\u010dn\u011b malovan\u00fd design","description":"Ru\u010dn\u011b malovan\u00e1 a vyroben\u00e1 kameninov\u00e1 miska pro psy a ko\u010dky CHARLUU \"Mal\u00e9 kv\u011bty\" s designem mal\u00fdch barevn\u00fdch kv\u011bt\u016f na b\u00e9\u017eov\u00e9m podkladu.","robots":{"index":"index","follow":"follow","max-snippet":"max-snippet:-1","max-image-preview":"max-image-preview:large","max-video-preview":"max-video-preview:-1"},"canonical":"https:\/\/charluu.cz\/en\/product\/malekvety\/","og_locale":"en_US","og_type":"article","og_title":"Mal\u00e9 kv\u011bty | miska pro psy CHARLUU | Ru\u010dn\u011b malovan\u00fd design","og_description":"Ru\u010dn\u011b malovan\u00e1 a vyroben\u00e1 kameninov\u00e1 miska pro psy a ko\u010dky CHARLUU \"Mal\u00e9 kv\u011bty\" s designem mal\u00fdch barevn\u00fdch kv\u011bt\u016f na b\u00e9\u017eov\u00e9m podkladu.","og_url":"https:\/\/charluu.cz\/en\/product\/malekvety\/","og_site_name":"CHARLUU - handpainted stoneware dog bowl","article_modified_time":"2024-08-25T11:30:45+00:00","og_image":[{"width":1080,"height":1350,"url":"https:\/\/charluu.cz\/wp-content\/uploads\/2024\/05\/malekvety2-1.jpg","type":"image\/jpeg"}],"twitter_card":"summary_large_image","twitter_misc":{"Est. reading time":"2 minutes"},"schema":{"@context":"https:\/\/schema.org","@graph":[{"@type":"WebPage","@id":"https:\/\/charluu.cz\/produkt\/malekvety\/","url":"https:\/\/charluu.cz\/produkt\/malekvety\/","name":"Mal\u00e9 kv\u011bty | miska pro psy CHARLUU | Ru\u010dn\u011b malovan\u00fd design","isPartOf":{"@id":"https:\/\/charluu.cz\/#website"},"datePublished":"2024-05-15T20:30:19+00:00","dateModified":"2024-08-25T11:30:45+00:00","description":"Ru\u010dn\u011b malovan\u00e1 a vyroben\u00e1 kameninov\u00e1 miska pro psy a ko\u010dky CHARLUU \"Mal\u00e9 kv\u011bty\" s designem mal\u00fdch barevn\u00fdch kv\u011bt\u016f na b\u00e9\u017eov\u00e9m podkladu.","breadcrumb":{"@id":"https:\/\/charluu.cz\/produkt\/malekvety\/#breadcrumb"},"inLanguage":"en-US","potentialAction":[{"@type":"ReadAction","target":["https:\/\/charluu.cz\/produkt\/malekvety\/"]}]},{"@type":"BreadcrumbList","@id":"https:\/\/charluu.cz\/produkt\/malekvety\/#breadcrumb","itemListElement":[{"@type":"ListItem","position":1,"name":"Home","item":"https:\/\/charluu.cz\/"},{"@type":"ListItem","position":2,"name":"shop","item":"https:\/\/charluu.cz\/produkty\/"},{"@type":"ListItem","position":3,"name":"miska mal\u00e9 kv\u011bty \u2300 17 cm"}]},{"@type":"WebSite","@id":"https:\/\/charluu.cz\/#website","url":"https:\/\/charluu.cz\/","name":"CHARLUU - handpainted stoneware dog bowl","description":"Vstupte do sv\u011bta ru\u010dn\u011b malovan\u00fdch kameninov\u00fdch misek pro psy","publisher":{"@id":"https:\/\/charluu.cz\/#organization"},"potentialAction":[{"@type":"SearchAction","target":{"@type":"EntryPoint","urlTemplate":"https:\/\/charluu.cz\/?s={search_term_string}"},"query-input":{"@type":"PropertyValueSpecification","valueRequired":true,"valueName":"search_term_string"}}],"inLanguage":"en-US"},{"@type":"Organization","@id":"https:\/\/charluu.cz\/#organization","name":"CHARLUU - handpainted stoneware dog bowl","url":"https:\/\/charluu.cz\/","logo":{"@type":"ImageObject","inLanguage":"en-US","@id":"https:\/\/charluu.cz\/#\/schema\/logo\/image\/","url":"https:\/\/charluu.cz\/wp-content\/uploads\/2022\/09\/logo-hlavicka.svg","contentUrl":"https:\/\/charluu.cz\/wp-content\/uploads\/2022\/09\/logo-hlavicka.svg","width":149,"height":116,"caption":"CHARLUU - handpainted stoneware dog bowl"},"image":{"@id":"https:\/\/charluu.cz\/#\/schema\/logo\/image\/"}}]}},"_links":{"self":[{"href":"https:\/\/charluu.cz\/en\/wp-json\/wp\/v2\/product\/2662","targetHints":{"allow":["GET"]}}],"collection":[{"href":"https:\/\/charluu.cz\/en\/wp-json\/wp\/v2\/product"}],"about":[{"href":"https:\/\/charluu.cz\/en\/wp-json\/wp\/v2\/types\/product"}],"version-history":[{"count":11,"href":"https:\/\/charluu.cz\/en\/wp-json\/wp\/v2\/product\/2662\/revisions"}],"predecessor-version":[{"id":3827,"href":"https:\/\/charluu.cz\/en\/wp-json\/wp\/v2\/product\/2662\/revisions\/3827"}],"wp:attachment":[{"href":"https:\/\/charluu.cz\/en\/wp-json\/wp\/v2\/media?parent=2662"}],"wp:term":[{"taxonomy":"product_brand","embeddable":true,"href":"https:\/\/charluu.cz\/en\/wp-json\/wp\/v2\/product_brand?post=2662"},{"taxonomy":"product_cat","embeddable":true,"href":"https:\/\/charluu.cz\/en\/wp-json\/wp\/v2\/product_cat?post=2662"},{"taxonomy":"product_tag","embeddable":true,"href":"https:\/\/charluu.cz\/en\/wp-json\/wp\/v2\/product_tag?post=2662"}],"curies":[{"name":"wp","href":"https:\/\/api.w.org\/{rel}","templated":true}]}}