{"id":6287,"date":"2025-11-04T23:16:13","date_gmt":"2025-11-04T21:16:13","guid":{"rendered":"https:\/\/charluu.cz\/?page_id=6287"},"modified":"2026-01-25T13:27:27","modified_gmt":"2026-01-25T12:27:27","slug":"custom-design","status":"publish","type":"page","link":"https:\/\/charluu.cz\/en\/custom-design\/","title":{"rendered":"Custom design"},"content":{"rendered":"<div data-elementor-type=\"wp-page\" data-elementor-id=\"6287\" class=\"elementor elementor-6287\" data-elementor-post-type=\"page\">\n\t\t\t\t<div class=\"elementor-element elementor-element-e0a1bef e-flex e-con-boxed e-con e-parent\" data-id=\"e0a1bef\" data-element_type=\"container\" data-e-type=\"container\">\n\t\t\t\t\t<div class=\"e-con-inner\">\n\t\t\t\t<div class=\"elementor-element elementor-element-3117271 elementor-widget elementor-widget-woocommerce-breadcrumb\" data-id=\"3117271\" data-element_type=\"widget\" data-e-type=\"widget\" data-widget_type=\"woocommerce-breadcrumb.default\">\n\t\t\t\t<div class=\"elementor-widget-container\">\n\t\t\t\t\t<nav class=\"woocommerce-breadcrumb\" aria-label=\"Breadcrumb\" data-no-translation=\"\" data-trp-gettext=\"\">Home<\/nav>\t\t\t\t<\/div>\n\t\t\t\t<\/div>\n\t\t\t\t\t<\/div>\n\t\t\t\t<\/div>\n\t\t<div class=\"elementor-element elementor-element-73af4ac e-flex e-con-boxed e-con e-parent\" data-id=\"73af4ac\" data-element_type=\"container\" data-e-type=\"container\">\n\t\t\t\t\t<div class=\"e-con-inner\">\n\t\t\t\t<div class=\"elementor-element elementor-element-bd9e95a elementor-widget elementor-widget-heading\" data-id=\"bd9e95a\" data-element_type=\"widget\" data-e-type=\"widget\" data-widget_type=\"heading.default\">\n\t\t\t\t<div class=\"elementor-widget-container\">\n\t\t\t\t\t<h2 class=\"elementor-heading-title elementor-size-default\">custom design<\/h2>\t\t\t\t<\/div>\n\t\t\t\t<\/div>\n\t\t\t\t<div class=\"elementor-element elementor-element-fafe9ce elementor-view-default elementor-widget elementor-widget-icon\" data-id=\"fafe9ce\" data-element_type=\"widget\" data-e-type=\"widget\" data-widget_type=\"icon.default\">\n\t\t\t\t<div class=\"elementor-widget-container\">\n\t\t\t\t\t\t\t<div class=\"elementor-icon-wrapper\">\n\t\t\t<div class=\"elementor-icon\">\n\t\t\t<svg xmlns=\"http:\/\/www.w3.org\/2000\/svg\" xmlns:xlink=\"http:\/\/www.w3.org\/1999\/xlink\" width=\"281.793\" height=\"52.801\" viewbox=\"0 0 281.793 52.801\"><defs><clippath id=\"clip-path\"><rect id=\"Rectangle_212\" data-name=\"Rectangle 212\" width=\"43.04\" height=\"280.462\" fill=\"#ff97d6\"><\/rect><\/clippath><\/defs><g id=\"Group_319\" data-name=\"Group 319\" transform=\"matrix(0.035, 0.999, -0.999, 0.035, 280.291, 0)\"><g id=\"Group_268\" data-name=\"Group 268\" clip-path=\"url(#clip-path)\"><path id=\"Path_375\" data-name=\"Path 375\" d=\"M23.124,279.439C15,277.97,7.268,273.462,2.842,266.376c-1.828-3.325-1.794-7.334-1.316-11,1.13-7.171,5.024-14.927,12.195-17.566a91.965,91.965,0,0,1,9.469-2.119c-8.892-4.2-17.447-12.705-15.978-23.3,1.436-6.453,8.663-10.909,14.716-12.4-6.436-7.142-13.59-13.884-17.741-22.722C.65,170.432-1.1,162.17.748,154.6c2.005-7.034,9.811-9.148,16.288-9.759C12.6,141.746,8.577,137.383,7.6,131.9c-1.847-8.742,2.129-15.581,10.933-17.651C10.849,108.546,7.4,99.174,6.445,89.934,5.072,79.508,9.392,72.811,20,71.175a50.539,50.539,0,0,1-8.54-10.367C5.435,49.86,6.181,35.342,21.864,35.946c-4.215-7.632-7.179-16.466-6.374-25.273C17.093.966,28.745-1.113,36.932.486a25.7,25.7,0,0,1,4.355,1.155c1.762.862,2.677,3.34.4,4.212-1.916.811-3.923-.358-5.845-.62C29.535,4.054,19.33,5.462,20.2,13.9c.172,6.549,2.371,12.887,5.342,18.67,1.567,2.409,4.484,6.889.285,8.3-3.422.354-7.3-.792-10.4,1.272-5.7,3.945-.971,15.739,2.783,19.87a58.657,58.657,0,0,0,5.824,6.24C25.662,69.88,28,70.807,29.316,72.7a2.459,2.459,0,0,1-2.106,3.669A16.674,16.674,0,0,0,15.5,77.662c-4.762,2.154-4.667,8.018-4.137,12.468,1.07,9,4.407,16.527,12.026,21.784,2.253,1.391,3.8,4.785.731,6.212-3.632.678-7.712,1.194-10.345,4.112-2.351,2.887-1.943,7.248-.871,10.6,1.191,3.279,3.915,5.774,6.641,7.828,2.005,1.467,4.6,2.319,6.2,4.244,1.75,3.387-1.881,4.379-4.545,4.385-6.412.61-16.454,1.146-16.269,9.744-.7,12.256,6.825,23.041,14.913,31.543,2.429,2.987,9.147,7.793,7.74,11.939-1.312,2.534-6.078,1.984-8.55,3.614-2.656,1.667-5.606,3.5-6.892,6.489-.8,4.178.935,8.555,3.665,11.7,3.016,3.528,7.146,5.795,11.223,7.881,2.085,1.2,4.441,1.838,6.583,2.853a2.456,2.456,0,0,1-1.159,4.345,93.68,93.68,0,0,0-17.283,3.062c-4.076,1.6-6.411,5.7-7.859,9.627-1.181,3.994-2.107,8.807.184,12.558,6.2,8.46,17.8,12.028,27.919,10.466,2.817-2.69,6.093,2.19,2.84,4.081-4.709,2.039-10.243,1.236-15.13.245\" transform=\"translate(0 0)\" fill=\"#ff97d6\"><\/path><\/g><\/g><\/svg>\t\t\t<\/div>\n\t\t<\/div>\n\t\t\t\t\t\t<\/div>\n\t\t\t\t<\/div>\n\t\t\t\t<div class=\"elementor-element elementor-element-ff4da02 elementor-widget elementor-widget-text-editor\" data-id=\"ff4da02\" data-element_type=\"widget\" data-e-type=\"widget\" data-widget_type=\"text-editor.default\">\n\t\t\t\t<div class=\"elementor-widget-container\">\n\t\t\t\t\t\t\t\t\t<p>\nCustom means a hand-drawn illustration made to order.\nChoose a product and place your order. I will prepare the base and then we will get in touch to discuss the design details. Communication takes place via email or Instagram.\n<\/p>\n\n<p>\nCustom design opens three times a year.\nProduction takes approximately two months from the closing date of orders.\n<\/p>\n\n<p style=\"background-color:#D3CBFE; padding:6px 10px; display:inline-block; font-family:'charluu', sans-serif;\">\n<strong>Custom design order dates for 2026:<\/strong>\n<\/p>\n\n<p>\n<strong>14. 2. \u2013 22. 2.<\/strong> | Shipping in April\n<\/p>\n\n<p>\n<strong>13. 6. \u2013 21. 6.<\/strong> | Shipping in August \/ early September\n<\/p>\n\n<p>\n<strong>17. 10. \u2013 25. 10.<\/strong> | Shipping by December 15\n<\/p>\n\t\t\t\t\t\t\t\t<\/div>\n\t\t\t\t<\/div>\n\t\t\t\t\t<\/div>\n\t\t\t\t<\/div>\n\t\t<div class=\"elementor-element elementor-element-08ca1e5 e-flex e-con-boxed e-con e-parent\" data-id=\"08ca1e5\" data-element_type=\"container\" data-e-type=\"container\">\n\t\t\t\t\t<div class=\"e-con-inner\">\n\t\t\t\t<div class=\"elementor-element elementor-element-50d4153 elementor-grid-3 elementor-product-loop-item--align-center elementor-grid-tablet-3 elementor-grid-mobile-2 elementor-products-grid elementor-wc-products elementor-show-pagination-border-yes elementor-widget elementor-widget-woocommerce-products\" data-id=\"50d4153\" data-element_type=\"widget\" data-e-type=\"widget\" data-widget_type=\"woocommerce-products.default\">\n\t\t\t\t<div class=\"elementor-widget-container\">\n\t\t\t\t\t<div class=\"woocommerce columns-3\"><div class=\"woocommerce-notices-wrapper\"><\/div><ul class=\"products elementor-grid columns-3\">\n<li class=\"product type-product post-5426 status-publish first instock product_cat-bobik product_cat-custom product_cat-eshop product_cat-misky product_cat-ostatni has-post-thumbnail shipping-taxable purchasable product-type-variable\">\n\t<a href=\"https:\/\/charluu.cz\/en\/product\/voucher\/\" class=\"woocommerce-LoopProduct-link woocommerce-loop-product__link\"><img fetchpriority=\"high\" decoding=\"async\" width=\"800\" height=\"1067\" src=\"https:\/\/charluu.cz\/wp-content\/uploads\/2025\/04\/voucher2-800x1067.jpg\" class=\"attachment-woocommerce_thumbnail size-woocommerce_thumbnail\" alt=\"D\u00c1RKOV\u00dd VOUCHER\" srcset=\"https:\/\/charluu.cz\/wp-content\/uploads\/2025\/04\/voucher2-800x1067.jpg 800w, https:\/\/charluu.cz\/wp-content\/uploads\/2025\/04\/voucher2-10x12.jpg 10w\" sizes=\"(max-width: 800px) 100vw, 800px\" \/><h2 class=\"woocommerce-loop-product__title\">GIFT VOUCHER<\/h2>\n\t<span class=\"price\"><span class=\"woocommerce-Price-amount amount\" aria-hidden=\"true\"><bdi>500&nbsp;<span class=\"woocommerce-Price-currencySymbol\">&#75;&#269;<\/span><\/bdi><\/span> <span aria-hidden=\"true\">&ndash;<\/span> <span class=\"woocommerce-Price-amount amount\" aria-hidden=\"true\"><bdi>3,000&nbsp;<span class=\"woocommerce-Price-currencySymbol\">&#75;&#269;<\/span><\/bdi><\/span><span class=\"screen-reader-text\" data-no-translation=\"\" data-trp-gettext=\"\">Price range: 500&nbsp;&#75;&#269; through 3,000&nbsp;&#75;&#269;<\/span><\/span>\n<\/a><a href=\"https:\/\/charluu.cz\/en\/product\/voucher\/\" aria-describedby=\"woocommerce_loop_add_to_cart_link_describedby_5426\" data-quantity=\"1\" class=\"button product_type_variable add_to_cart_button\" data-product_id=\"5426\" data-product_sku=\"\" aria-label=\"Select options for \u201cD\u00c1RKOV\u00dd VOUCHER\u201d\" rel=\"nofollow\" data-no-translation=\"\" data-trp-gettext=\"\" data-no-translation-aria-label=\"\">Select options<\/a>\t<span id=\"woocommerce_loop_add_to_cart_link_describedby_5426\" class=\"screen-reader-text\">\n\t\tThis product has multiple variants. The options may be chosen on the product page\t<\/span>\n<\/li>\n<\/ul>\n<\/div>\t\t\t\t<\/div>\n\t\t\t\t<\/div>\n\t\t\t\t\t<\/div>\n\t\t\t\t<\/div>\n\t\t\t\t<\/div>","protected":false},"excerpt":{"rendered":"<p>custom design Custom znamen\u00e1 design ilustrace na m\u00edru. Vyberte si produkt a vytvo\u0159te objedn\u00e1vku. J\u00e1 p\u0159iprav\u00edm z\u00e1klad a pot\u00e9 se spolu spoj\u00edme a domluv\u00edme se na detailech designu. Komunikace prob\u00edh\u00e1 p\u0159es e-mail nebo Instagram. Custom design otev\u00edr\u00e1m 3\u00d7 ro\u010dn\u011b. V\u00fdroba trv\u00e1 p\u0159ibli\u017en\u011b 2 m\u011bs\u00edce od uzav\u0159en\u00ed objedn\u00e1vek. Term\u00edny custom design objedn\u00e1vek pro rok 2026: 14. [&hellip;]<\/p>\n","protected":false},"author":4,"featured_media":0,"parent":0,"menu_order":0,"comment_status":"closed","ping_status":"closed","template":"","meta":{"footnotes":""},"class_list":["post-6287","page","type-page","status-publish","hentry"],"yoast_head":"<!-- This site is optimized with the Yoast SEO plugin v27.0 - https:\/\/yoast.com\/product\/yoast-seo-wordpress\/ -->\n<title>Custom design - CHARLUU - handpainted stoneware dog bowl<\/title>\n<meta name=\"robots\" content=\"index, follow, max-snippet:-1, max-image-preview:large, max-video-preview:-1\" \/>\n<link rel=\"canonical\" href=\"https:\/\/charluu.cz\/en\/custom-design\/\" \/>\n<meta property=\"og:locale\" content=\"en_US\" \/>\n<meta property=\"og:type\" content=\"article\" \/>\n<meta property=\"og:title\" content=\"Custom design - CHARLUU - handpainted stoneware dog bowl\" \/>\n<meta property=\"og:description\" content=\"custom design Custom znamen\u00e1 design ilustrace na m\u00edru. Vyberte si produkt a vytvo\u0159te objedn\u00e1vku. J\u00e1 p\u0159iprav\u00edm z\u00e1klad a pot\u00e9 se spolu spoj\u00edme a domluv\u00edme se na detailech designu. Komunikace prob\u00edh\u00e1 p\u0159es e-mail nebo Instagram. Custom design otev\u00edr\u00e1m 3\u00d7 ro\u010dn\u011b. V\u00fdroba trv\u00e1 p\u0159ibli\u017en\u011b 2 m\u011bs\u00edce od uzav\u0159en\u00ed objedn\u00e1vek. Term\u00edny custom design objedn\u00e1vek pro rok 2026: 14. [&hellip;]\" \/>\n<meta property=\"og:url\" content=\"https:\/\/charluu.cz\/en\/custom-design\/\" \/>\n<meta property=\"og:site_name\" content=\"CHARLUU - handpainted stoneware dog bowl\" \/>\n<meta property=\"article:modified_time\" content=\"2026-01-25T12:27:27+00:00\" \/>\n<meta name=\"twitter:card\" content=\"summary_large_image\" \/>\n<meta name=\"twitter:label1\" content=\"Est. reading time\" \/>\n\t<meta name=\"twitter:data1\" content=\"1 minute\" \/>\n<script type=\"application\/ld+json\" class=\"yoast-schema-graph\">{\"@context\":\"https:\/\/schema.org\",\"@graph\":[{\"@type\":\"WebPage\",\"@id\":\"https:\/\/charluu.cz\/custom-design\/\",\"url\":\"https:\/\/charluu.cz\/custom-design\/\",\"name\":\"Custom design - CHARLUU - handpainted stoneware dog bowl\",\"isPartOf\":{\"@id\":\"https:\/\/charluu.cz\/#website\"},\"datePublished\":\"2025-11-04T21:16:13+00:00\",\"dateModified\":\"2026-01-25T12:27:27+00:00\",\"breadcrumb\":{\"@id\":\"https:\/\/charluu.cz\/custom-design\/#breadcrumb\"},\"inLanguage\":\"en-US\",\"potentialAction\":[{\"@type\":\"ReadAction\",\"target\":[\"https:\/\/charluu.cz\/custom-design\/\"]}]},{\"@type\":\"BreadcrumbList\",\"@id\":\"https:\/\/charluu.cz\/custom-design\/#breadcrumb\",\"itemListElement\":[{\"@type\":\"ListItem\",\"position\":1,\"name\":\"Home\",\"item\":\"https:\/\/charluu.cz\/\"},{\"@type\":\"ListItem\",\"position\":2,\"name\":\"Custom design\"}]},{\"@type\":\"WebSite\",\"@id\":\"https:\/\/charluu.cz\/#website\",\"url\":\"https:\/\/charluu.cz\/\",\"name\":\"CHARLUU - handpainted stoneware dog bowl\",\"description\":\"Vstupte do sv\u011bta ru\u010dn\u011b malovan\u00fdch kameninov\u00fdch misek pro psy\",\"publisher\":{\"@id\":\"https:\/\/charluu.cz\/#organization\"},\"potentialAction\":[{\"@type\":\"SearchAction\",\"target\":{\"@type\":\"EntryPoint\",\"urlTemplate\":\"https:\/\/charluu.cz\/?s={search_term_string}\"},\"query-input\":{\"@type\":\"PropertyValueSpecification\",\"valueRequired\":true,\"valueName\":\"search_term_string\"}}],\"inLanguage\":\"en-US\"},{\"@type\":\"Organization\",\"@id\":\"https:\/\/charluu.cz\/#organization\",\"name\":\"CHARLUU - handpainted stoneware dog bowl\",\"url\":\"https:\/\/charluu.cz\/\",\"logo\":{\"@type\":\"ImageObject\",\"inLanguage\":\"en-US\",\"@id\":\"https:\/\/charluu.cz\/#\/schema\/logo\/image\/\",\"url\":\"https:\/\/charluu.cz\/wp-content\/uploads\/2022\/09\/logo-hlavicka.svg\",\"contentUrl\":\"https:\/\/charluu.cz\/wp-content\/uploads\/2022\/09\/logo-hlavicka.svg\",\"width\":149,\"height\":116,\"caption\":\"CHARLUU - handpainted stoneware dog bowl\"},\"image\":{\"@id\":\"https:\/\/charluu.cz\/#\/schema\/logo\/image\/\"}}]}<\/script>\n<!-- \/ Yoast SEO plugin. -->","yoast_head_json":{"title":"Custom design - CHARLUU - handpainted stoneware dog bowl","robots":{"index":"index","follow":"follow","max-snippet":"max-snippet:-1","max-image-preview":"max-image-preview:large","max-video-preview":"max-video-preview:-1"},"canonical":"https:\/\/charluu.cz\/en\/custom-design\/","og_locale":"en_US","og_type":"article","og_title":"Custom design - CHARLUU - handpainted stoneware dog bowl","og_description":"custom design Custom znamen\u00e1 design ilustrace na m\u00edru. Vyberte si produkt a vytvo\u0159te objedn\u00e1vku. J\u00e1 p\u0159iprav\u00edm z\u00e1klad a pot\u00e9 se spolu spoj\u00edme a domluv\u00edme se na detailech designu. Komunikace prob\u00edh\u00e1 p\u0159es e-mail nebo Instagram. Custom design otev\u00edr\u00e1m 3\u00d7 ro\u010dn\u011b. V\u00fdroba trv\u00e1 p\u0159ibli\u017en\u011b 2 m\u011bs\u00edce od uzav\u0159en\u00ed objedn\u00e1vek. Term\u00edny custom design objedn\u00e1vek pro rok 2026: 14. [&hellip;]","og_url":"https:\/\/charluu.cz\/en\/custom-design\/","og_site_name":"CHARLUU - handpainted stoneware dog bowl","article_modified_time":"2026-01-25T12:27:27+00:00","twitter_card":"summary_large_image","twitter_misc":{"Est. reading time":"1 minute"},"schema":{"@context":"https:\/\/schema.org","@graph":[{"@type":"WebPage","@id":"https:\/\/charluu.cz\/custom-design\/","url":"https:\/\/charluu.cz\/custom-design\/","name":"Custom design - CHARLUU - handpainted stoneware dog bowl","isPartOf":{"@id":"https:\/\/charluu.cz\/#website"},"datePublished":"2025-11-04T21:16:13+00:00","dateModified":"2026-01-25T12:27:27+00:00","breadcrumb":{"@id":"https:\/\/charluu.cz\/custom-design\/#breadcrumb"},"inLanguage":"en-US","potentialAction":[{"@type":"ReadAction","target":["https:\/\/charluu.cz\/custom-design\/"]}]},{"@type":"BreadcrumbList","@id":"https:\/\/charluu.cz\/custom-design\/#breadcrumb","itemListElement":[{"@type":"ListItem","position":1,"name":"Home","item":"https:\/\/charluu.cz\/"},{"@type":"ListItem","position":2,"name":"Custom design"}]},{"@type":"WebSite","@id":"https:\/\/charluu.cz\/#website","url":"https:\/\/charluu.cz\/","name":"CHARLUU - handpainted stoneware dog bowl","description":"Vstupte do sv\u011bta ru\u010dn\u011b malovan\u00fdch kameninov\u00fdch misek pro psy","publisher":{"@id":"https:\/\/charluu.cz\/#organization"},"potentialAction":[{"@type":"SearchAction","target":{"@type":"EntryPoint","urlTemplate":"https:\/\/charluu.cz\/?s={search_term_string}"},"query-input":{"@type":"PropertyValueSpecification","valueRequired":true,"valueName":"search_term_string"}}],"inLanguage":"en-US"},{"@type":"Organization","@id":"https:\/\/charluu.cz\/#organization","name":"CHARLUU - handpainted stoneware dog bowl","url":"https:\/\/charluu.cz\/","logo":{"@type":"ImageObject","inLanguage":"en-US","@id":"https:\/\/charluu.cz\/#\/schema\/logo\/image\/","url":"https:\/\/charluu.cz\/wp-content\/uploads\/2022\/09\/logo-hlavicka.svg","contentUrl":"https:\/\/charluu.cz\/wp-content\/uploads\/2022\/09\/logo-hlavicka.svg","width":149,"height":116,"caption":"CHARLUU - handpainted stoneware dog bowl"},"image":{"@id":"https:\/\/charluu.cz\/#\/schema\/logo\/image\/"}}]}},"_links":{"self":[{"href":"https:\/\/charluu.cz\/en\/wp-json\/wp\/v2\/pages\/6287","targetHints":{"allow":["GET"]}}],"collection":[{"href":"https:\/\/charluu.cz\/en\/wp-json\/wp\/v2\/pages"}],"about":[{"href":"https:\/\/charluu.cz\/en\/wp-json\/wp\/v2\/types\/page"}],"author":[{"embeddable":true,"href":"https:\/\/charluu.cz\/en\/wp-json\/wp\/v2\/users\/4"}],"replies":[{"embeddable":true,"href":"https:\/\/charluu.cz\/en\/wp-json\/wp\/v2\/comments?post=6287"}],"version-history":[{"count":22,"href":"https:\/\/charluu.cz\/en\/wp-json\/wp\/v2\/pages\/6287\/revisions"}],"predecessor-version":[{"id":6927,"href":"https:\/\/charluu.cz\/en\/wp-json\/wp\/v2\/pages\/6287\/revisions\/6927"}],"wp:attachment":[{"href":"https:\/\/charluu.cz\/en\/wp-json\/wp\/v2\/media?parent=6287"}],"curies":[{"name":"wp","href":"https:\/\/api.w.org\/{rel}","templated":true}]}}