{"id":3148,"date":"2024-05-25T14:30:12","date_gmt":"2024-05-25T14:30:12","guid":{"rendered":"https:\/\/charluu.cz\/?page_id=3148"},"modified":"2024-05-25T14:38:05","modified_gmt":"2024-05-25T14:38:05","slug":"gdpr","status":"publish","type":"page","link":"https:\/\/charluu.cz\/en\/gdpr\/","title":{"rendered":"GDPR"},"content":{"rendered":"<div data-elementor-type=\"wp-page\" data-elementor-id=\"3148\" class=\"elementor elementor-3148\" data-elementor-post-type=\"page\">\n\t\t\t\t<div class=\"elementor-element elementor-element-f4a793c e-flex e-con-boxed e-con e-parent\" data-id=\"f4a793c\" data-element_type=\"container\" data-e-type=\"container\">\n\t\t\t\t\t<div class=\"e-con-inner\">\n\t\t\t\t<div class=\"elementor-element elementor-element-f8aaa3c elementor-widget elementor-widget-heading\" data-id=\"f8aaa3c\" data-element_type=\"widget\" data-e-type=\"widget\" data-widget_type=\"heading.default\">\n\t\t\t\t<div class=\"elementor-widget-container\">\n\t\t\t\t\t<h1 class=\"elementor-heading-title elementor-size-default\">Podm\u00ednky ochrany osobn\u00edch \u00fadaj\u016f<\/h1>\t\t\t\t<\/div>\n\t\t\t\t<\/div>\n\t\t\t\t\t<\/div>\n\t\t\t\t<\/div>\n\t\t<div class=\"elementor-element elementor-element-8b69297 e-flex e-con-boxed e-con e-parent\" data-id=\"8b69297\" data-element_type=\"container\" data-e-type=\"container\">\n\t\t\t\t\t<div class=\"e-con-inner\">\n\t\t\t\t<div class=\"elementor-element elementor-element-5475967 elementor-widget elementor-widget-text-editor\" data-id=\"5475967\" data-element_type=\"widget\" data-e-type=\"widget\" data-widget_type=\"text-editor.default\">\n\t\t\t\t<div class=\"elementor-widget-container\">\n\t\t\t\t\t\t\t\t\t<p><b>I. \u00davodn\u00ed ustanoven\u00ed<\/b><\/p><ol><li>Tyto obchodn\u00ed podm\u00ednky (d\u00e1le jen &#8222;obchodn\u00ed podm\u00ednky&#8220;) upravuj\u00ed pr\u00e1va a povinnosti mezi prod\u00e1vaj\u00edc\u00edm Lucie Jel\u00ednkov\u00e1, I\u010c: 02397889, fyzick\u00e1 osoba podnikaj\u00edc\u00ed dle \u017eivnostensk\u00e9ho z\u00e1kona, se s\u00eddlem Koulova 1598\/14, Praha 6 (d\u00e1le jen &#8222;prod\u00e1vaj\u00edc\u00ed&#8220;) a kupuj\u00edc\u00edm (d\u00e1le jen &#8222;kupuj\u00edc\u00ed&#8220;), p\u0159i uzav\u00edr\u00e1n\u00ed kupn\u00edch smluv prost\u0159ednictv\u00edm e-shopu na webov\u00e9 str\u00e1nce <a href=\"https:\/\/charluu.cz\/en\/\">www.charluu.cz<\/a> (d\u00e1le jen &#8222;e-shop&#8220;).<\/li><li>Kontaktn\u00ed \u00fadaje prod\u00e1vaj\u00edc\u00edho:<ul><li>Email: luu@charluu.cz<\/li><\/ul><\/li><\/ol><p><b>II. Informace o produktech a cen\u00e1ch<\/b><\/p><ol><li>Prod\u00e1vaj\u00edc\u00ed nab\u00edz\u00ed v\u00fdrobky z kameniny a jin\u00e9 dopl\u0148ky. Informace o produktech, v\u010detn\u011b cen jednotliv\u00fdch produkt\u016f a jejich hlavn\u00edch vlastnost\u00ed, jsou uvedeny u jednotliv\u00fdch produkt\u016f v e-shopu. Ceny jsou uvedeny v\u010detn\u011b dan\u011b z p\u0159idan\u00e9 hodnoty (DPH) a v\u0161ech souvisej\u00edc\u00edch poplatk\u016f.<\/li><li>Prod\u00e1vaj\u00edc\u00ed si vyhrazuje pr\u00e1vo zm\u011bnit ceny produkt\u016f uveden\u00e9 v e-shopu. Zm\u011bna ceny se v\u0161ak nevztahuje na ji\u017e uzav\u0159en\u00e9 kupn\u00ed smlouvy.<\/li><\/ol><p><b>III. Objedn\u00e1vka a uzav\u0159en\u00ed kupn\u00ed smlouvy<\/b><\/p><ol><li>Kupuj\u00edc\u00ed objedn\u00e1v\u00e1 produkty prost\u0159ednictv\u00edm e-shopu vypln\u011bn\u00edm objedn\u00e1vkov\u00e9ho formul\u00e1\u0159e.<\/li><li>Kupn\u00ed smlouva je uzav\u0159ena okam\u017eikem, kdy prod\u00e1vaj\u00edc\u00ed potvrd\u00ed p\u0159ijet\u00ed objedn\u00e1vky kupuj\u00edc\u00edmu na jeho e-mailovou adresu.<\/li><\/ol><p><b>IV. Platebn\u00ed podm\u00ednky<\/b><\/p><ol><li>Kupuj\u00edc\u00ed m\u016f\u017ee za objednan\u00e9 produkty zaplatit n\u00e1sleduj\u00edc\u00edmi zp\u016fsoby:<ul><li>Bankovn\u00edm p\u0159evodem<\/li><li>Kreditn\u00ed kartou<\/li><li>Apple Pay<\/li><\/ul><\/li><\/ol><p><b>V. Dodac\u00ed podm\u00ednky<\/b><\/p><ol><li>Prod\u00e1vaj\u00edc\u00ed doru\u010duje produkty kupuj\u00edc\u00edmu prost\u0159ednictv\u00edm Z\u00e1silkovny. Cena dopravy se odv\u00edj\u00ed od zem\u011b, kam bude z\u00e1silka zasl\u00e1na.<\/li><li>Osobn\u00ed odb\u011br je mo\u017en\u00fd v Praze v Dejvic\u00edch na adrese Koulova 1598\/14.<\/li><\/ol><p><b>VI. Odstoupen\u00ed od smlouvy<\/b><\/p><ol><li>Kupuj\u00edc\u00ed m\u00e1 pr\u00e1vo odstoupit od smlouvy do 14 dn\u016f od p\u0159evzet\u00ed zbo\u017e\u00ed bez ud\u00e1n\u00ed d\u016fvodu.<\/li><li>Pr\u00e1vo odstoupit od smlouvy se nevztahuje na zbo\u017e\u00ed vyroben\u00e9 na zak\u00e1zku podle specifikac\u00ed kupuj\u00edc\u00edho nebo na zbo\u017e\u00ed, kter\u00e9 bylo upraveno podle p\u0159\u00e1n\u00ed kupuj\u00edc\u00edho.<\/li><li>Zbo\u017e\u00ed mus\u00ed b\u00fdt vr\u00e1ceno nepo\u0161kozen\u00e9, neopot\u0159eben\u00e9 a v p\u016fvodn\u00edm obalu, pe\u010dliv\u011b zabalen\u00e9, aby nedo\u0161lo k po\u0161kozen\u00ed b\u011bhem p\u0159epravy, na adresu Koulova 1598\/14, Praha 6, pop\u0159. p\u0159i osobn\u00ed domluv\u011b lze zaslat na pobo\u010dku Z\u00e1silkovny (Packety).<\/li><li>N\u00e1klady spojen\u00e9 s vr\u00e1cen\u00edm zbo\u017e\u00ed hrad\u00ed kupuj\u00edc\u00ed. V p\u0159\u00edpad\u011b reklamace hrad\u00ed n\u00e1klady na vr\u00e1cen\u00ed zbo\u017e\u00ed prod\u00e1vaj\u00edc\u00ed.<\/li><\/ol><p><b>VII. Reklama\u010dn\u00ed podm\u00ednky<\/b><\/p><ol><li>Kupuj\u00edc\u00ed je povinen zbo\u017e\u00ed prohl\u00e9dnout bezprost\u0159edn\u011b po jeho p\u0159evzet\u00ed a p\u0159\u00edpadn\u00e9 vady nahl\u00e1sit prod\u00e1vaj\u00edc\u00edmu do 3 dn\u016f. P\u0159i p\u0159evzet\u00ed zbo\u017e\u00ed od dopravce je kupuj\u00edc\u00ed povinen zkontrolovat neporu\u0161enost obalu a v p\u0159\u00edpad\u011b jak\u00fdchkoli z\u00e1vad toto neprodlen\u011b ozn\u00e1mit dopravci a zaznamenat do p\u0159ed\u00e1vac\u00edho protokolu.<\/li><li>Reklamaci lze uplatnit pouze na vady zp\u016fsoben\u00e9 v\u00fdrobou nebo p\u0159epravou. Reklamace se nevztahuj\u00ed na po\u0161kozen\u00ed zp\u016fsoben\u00e9 nespr\u00e1vn\u00fdm zach\u00e1zen\u00edm kupuj\u00edc\u00edm, jako je p\u00e1d na tvrd\u00fd povrch (nap\u0159. kachli\u010dky), \u00fader, kopnut\u00ed, nebo n\u00e1raz do jin\u00e9ho p\u0159edm\u011btu.<\/li><li>V p\u0159\u00edpad\u011b reklamace kontaktujte prod\u00e1vaj\u00edc\u00edho na e-mailovou adresu luu@charluu.cz s popisem z\u00e1vady a \u010d\u00edslem objedn\u00e1vky, kde se domluv\u00edte na postupu a zasl\u00e1n\u00ed zbo\u017e\u00ed zp\u011bt.<\/li><li>Reklama\u010dn\u00ed lh\u016fta je 24 m\u011bs\u00edc\u016f, ale z\u00e1ruka se vztahuje pouze na vady zp\u016fsoben\u00e9 v\u00fdrobou, ne na po\u0161kozen\u00ed od z\u00e1kazn\u00edka, proto\u017ee se jedn\u00e1 o k\u0159ehk\u00e9 zbo\u017e\u00ed.<\/li><\/ol><p><b>VIII. Ochrana osobn\u00edch \u00fadaj\u016f<\/b><\/p><ol><li>Prod\u00e1vaj\u00edc\u00ed zpracov\u00e1v\u00e1 osobn\u00ed \u00fadaje kupuj\u00edc\u00edho v souladu s platn\u00fdmi pr\u00e1vn\u00edmi p\u0159edpisy a z\u00e1sadami ochrany osobn\u00edch \u00fadaj\u016f uveden\u00fdmi na webov\u00fdch str\u00e1nk\u00e1ch e-shopu.<\/li><li>Osobn\u00ed \u00fadaje jsou zpracov\u00e1v\u00e1ny za \u00fa\u010delem vy\u0159\u00edzen\u00ed objedn\u00e1vek a pln\u011bn\u00ed pr\u00e1v a povinnost\u00ed z kupn\u00ed smlouvy.<\/li><\/ol><p><b>IX. Z\u00e1v\u011bre\u010dn\u00e1 ustanoven\u00ed<\/b><\/p><ol><li>Tyto obchodn\u00ed podm\u00ednky jsou platn\u00e9 a \u00fa\u010dinn\u00e9 od 24.5.2023 a nahrazuj\u00ed v\u0161echny p\u0159edchoz\u00ed obchodn\u00ed podm\u00ednky.<\/li><li>Prod\u00e1vaj\u00edc\u00ed si vyhrazuje pr\u00e1vo tyto obchodn\u00ed podm\u00ednky m\u011bnit. Nov\u00e9 obchodn\u00ed podm\u00ednky budou zve\u0159ejn\u011bny na webov\u00fdch str\u00e1nk\u00e1ch e-shopu a vstupuj\u00ed v platnost dnem jejich zve\u0159ejn\u011bn\u00ed.<\/li><\/ol>\t\t\t\t\t\t\t\t<\/div>\n\t\t\t\t<\/div>\n\t\t\t\t\t<\/div>\n\t\t\t\t<\/div>\n\t\t\t\t<\/div>","protected":false},"excerpt":{"rendered":"<p>Podm\u00ednky ochrany osobn\u00edch \u00fadaj\u016f I. \u00davodn\u00ed ustanoven\u00ed Tyto obchodn\u00ed podm\u00ednky (d\u00e1le jen &#8222;obchodn\u00ed podm\u00ednky&#8220;) upravuj\u00ed pr\u00e1va a povinnosti mezi prod\u00e1vaj\u00edc\u00edm Lucie Jel\u00ednkov\u00e1, I\u010c: 02397889, fyzick\u00e1 osoba podnikaj\u00edc\u00ed dle \u017eivnostensk\u00e9ho z\u00e1kona, se s\u00eddlem Koulova 1598\/14, Praha 6 (d\u00e1le jen &#8222;prod\u00e1vaj\u00edc\u00ed&#8220;) a kupuj\u00edc\u00edm (d\u00e1le jen &#8222;kupuj\u00edc\u00ed&#8220;), p\u0159i uzav\u00edr\u00e1n\u00ed kupn\u00edch smluv prost\u0159ednictv\u00edm e-shopu na webov\u00e9 str\u00e1nce www.charluu.cz (d\u00e1le [&hellip;]<\/p>\n","protected":false},"author":4,"featured_media":0,"parent":0,"menu_order":0,"comment_status":"closed","ping_status":"closed","template":"","meta":{"footnotes":""},"class_list":["post-3148","page","type-page","status-publish","hentry"],"yoast_head":"<!-- This site is optimized with the Yoast SEO plugin v27.0 - https:\/\/yoast.com\/product\/yoast-seo-wordpress\/ -->\n<title>GDPR - CHARLUU - handpainted stoneware dog bowl<\/title>\n<meta name=\"description\" content=\"Zjist\u011bte, jak chr\u00e1n\u00edme va\u0161e osobn\u00ed \u00fadaje v souladu s GDPR. P\u0159e\u010dt\u011bte si na\u0161e z\u00e1sady ochrany osobn\u00edch \u00fadaj\u016f.\" \/>\n<meta name=\"robots\" content=\"index, follow, max-snippet:-1, max-image-preview:large, max-video-preview:-1\" \/>\n<link rel=\"canonical\" href=\"https:\/\/charluu.cz\/en\/gdpr\/\" \/>\n<meta property=\"og:locale\" content=\"en_US\" \/>\n<meta property=\"og:type\" content=\"article\" \/>\n<meta property=\"og:title\" content=\"GDPR - CHARLUU - handpainted stoneware dog bowl\" \/>\n<meta property=\"og:description\" content=\"Zjist\u011bte, jak chr\u00e1n\u00edme va\u0161e osobn\u00ed \u00fadaje v souladu s GDPR. P\u0159e\u010dt\u011bte si na\u0161e z\u00e1sady ochrany osobn\u00edch \u00fadaj\u016f.\" \/>\n<meta property=\"og:url\" content=\"https:\/\/charluu.cz\/en\/gdpr\/\" \/>\n<meta property=\"og:site_name\" content=\"CHARLUU - handpainted stoneware dog bowl\" \/>\n<meta property=\"article:modified_time\" content=\"2024-05-25T14:38:05+00:00\" \/>\n<meta name=\"twitter:card\" content=\"summary_large_image\" \/>\n<meta name=\"twitter:label1\" content=\"Est. reading time\" \/>\n\t<meta name=\"twitter:data1\" content=\"3 minutes\" \/>\n<script type=\"application\/ld+json\" class=\"yoast-schema-graph\">{\"@context\":\"https:\/\/schema.org\",\"@graph\":[{\"@type\":\"WebPage\",\"@id\":\"https:\/\/charluu.cz\/gdpr\/\",\"url\":\"https:\/\/charluu.cz\/gdpr\/\",\"name\":\"GDPR - CHARLUU - handpainted stoneware dog bowl\",\"isPartOf\":{\"@id\":\"https:\/\/charluu.cz\/#website\"},\"datePublished\":\"2024-05-25T14:30:12+00:00\",\"dateModified\":\"2024-05-25T14:38:05+00:00\",\"description\":\"Zjist\u011bte, jak chr\u00e1n\u00edme va\u0161e osobn\u00ed \u00fadaje v souladu s GDPR. P\u0159e\u010dt\u011bte si na\u0161e z\u00e1sady ochrany osobn\u00edch \u00fadaj\u016f.\",\"breadcrumb\":{\"@id\":\"https:\/\/charluu.cz\/gdpr\/#breadcrumb\"},\"inLanguage\":\"en-US\",\"potentialAction\":[{\"@type\":\"ReadAction\",\"target\":[\"https:\/\/charluu.cz\/gdpr\/\"]}]},{\"@type\":\"BreadcrumbList\",\"@id\":\"https:\/\/charluu.cz\/gdpr\/#breadcrumb\",\"itemListElement\":[{\"@type\":\"ListItem\",\"position\":1,\"name\":\"Home\",\"item\":\"https:\/\/charluu.cz\/\"},{\"@type\":\"ListItem\",\"position\":2,\"name\":\"GDPR\"}]},{\"@type\":\"WebSite\",\"@id\":\"https:\/\/charluu.cz\/#website\",\"url\":\"https:\/\/charluu.cz\/\",\"name\":\"CHARLUU - handpainted stoneware dog bowl\",\"description\":\"Vstupte do sv\u011bta ru\u010dn\u011b malovan\u00fdch kameninov\u00fdch misek pro psy\",\"publisher\":{\"@id\":\"https:\/\/charluu.cz\/#organization\"},\"potentialAction\":[{\"@type\":\"SearchAction\",\"target\":{\"@type\":\"EntryPoint\",\"urlTemplate\":\"https:\/\/charluu.cz\/?s={search_term_string}\"},\"query-input\":{\"@type\":\"PropertyValueSpecification\",\"valueRequired\":true,\"valueName\":\"search_term_string\"}}],\"inLanguage\":\"en-US\"},{\"@type\":\"Organization\",\"@id\":\"https:\/\/charluu.cz\/#organization\",\"name\":\"CHARLUU - handpainted stoneware dog bowl\",\"url\":\"https:\/\/charluu.cz\/\",\"logo\":{\"@type\":\"ImageObject\",\"inLanguage\":\"en-US\",\"@id\":\"https:\/\/charluu.cz\/#\/schema\/logo\/image\/\",\"url\":\"https:\/\/charluu.cz\/wp-content\/uploads\/2022\/09\/logo-hlavicka.svg\",\"contentUrl\":\"https:\/\/charluu.cz\/wp-content\/uploads\/2022\/09\/logo-hlavicka.svg\",\"width\":149,\"height\":116,\"caption\":\"CHARLUU - handpainted stoneware dog bowl\"},\"image\":{\"@id\":\"https:\/\/charluu.cz\/#\/schema\/logo\/image\/\"}}]}<\/script>\n<!-- \/ Yoast SEO plugin. -->","yoast_head_json":{"title":"GDPR - CHARLUU - handpainted stoneware dog bowl","description":"Zjist\u011bte, jak chr\u00e1n\u00edme va\u0161e osobn\u00ed \u00fadaje v souladu s GDPR. P\u0159e\u010dt\u011bte si na\u0161e z\u00e1sady ochrany osobn\u00edch \u00fadaj\u016f.","robots":{"index":"index","follow":"follow","max-snippet":"max-snippet:-1","max-image-preview":"max-image-preview:large","max-video-preview":"max-video-preview:-1"},"canonical":"https:\/\/charluu.cz\/en\/gdpr\/","og_locale":"en_US","og_type":"article","og_title":"GDPR - CHARLUU - handpainted stoneware dog bowl","og_description":"Zjist\u011bte, jak chr\u00e1n\u00edme va\u0161e osobn\u00ed \u00fadaje v souladu s GDPR. P\u0159e\u010dt\u011bte si na\u0161e z\u00e1sady ochrany osobn\u00edch \u00fadaj\u016f.","og_url":"https:\/\/charluu.cz\/en\/gdpr\/","og_site_name":"CHARLUU - handpainted stoneware dog bowl","article_modified_time":"2024-05-25T14:38:05+00:00","twitter_card":"summary_large_image","twitter_misc":{"Est. reading time":"3 minutes"},"schema":{"@context":"https:\/\/schema.org","@graph":[{"@type":"WebPage","@id":"https:\/\/charluu.cz\/gdpr\/","url":"https:\/\/charluu.cz\/gdpr\/","name":"GDPR - CHARLUU - handpainted stoneware dog bowl","isPartOf":{"@id":"https:\/\/charluu.cz\/#website"},"datePublished":"2024-05-25T14:30:12+00:00","dateModified":"2024-05-25T14:38:05+00:00","description":"Zjist\u011bte, jak chr\u00e1n\u00edme va\u0161e osobn\u00ed \u00fadaje v souladu s GDPR. P\u0159e\u010dt\u011bte si na\u0161e z\u00e1sady ochrany osobn\u00edch \u00fadaj\u016f.","breadcrumb":{"@id":"https:\/\/charluu.cz\/gdpr\/#breadcrumb"},"inLanguage":"en-US","potentialAction":[{"@type":"ReadAction","target":["https:\/\/charluu.cz\/gdpr\/"]}]},{"@type":"BreadcrumbList","@id":"https:\/\/charluu.cz\/gdpr\/#breadcrumb","itemListElement":[{"@type":"ListItem","position":1,"name":"Home","item":"https:\/\/charluu.cz\/"},{"@type":"ListItem","position":2,"name":"GDPR"}]},{"@type":"WebSite","@id":"https:\/\/charluu.cz\/#website","url":"https:\/\/charluu.cz\/","name":"CHARLUU - handpainted stoneware dog bowl","description":"Vstupte do sv\u011bta ru\u010dn\u011b malovan\u00fdch kameninov\u00fdch misek pro psy","publisher":{"@id":"https:\/\/charluu.cz\/#organization"},"potentialAction":[{"@type":"SearchAction","target":{"@type":"EntryPoint","urlTemplate":"https:\/\/charluu.cz\/?s={search_term_string}"},"query-input":{"@type":"PropertyValueSpecification","valueRequired":true,"valueName":"search_term_string"}}],"inLanguage":"en-US"},{"@type":"Organization","@id":"https:\/\/charluu.cz\/#organization","name":"CHARLUU - handpainted stoneware dog bowl","url":"https:\/\/charluu.cz\/","logo":{"@type":"ImageObject","inLanguage":"en-US","@id":"https:\/\/charluu.cz\/#\/schema\/logo\/image\/","url":"https:\/\/charluu.cz\/wp-content\/uploads\/2022\/09\/logo-hlavicka.svg","contentUrl":"https:\/\/charluu.cz\/wp-content\/uploads\/2022\/09\/logo-hlavicka.svg","width":149,"height":116,"caption":"CHARLUU - handpainted stoneware dog bowl"},"image":{"@id":"https:\/\/charluu.cz\/#\/schema\/logo\/image\/"}}]}},"_links":{"self":[{"href":"https:\/\/charluu.cz\/en\/wp-json\/wp\/v2\/pages\/3148","targetHints":{"allow":["GET"]}}],"collection":[{"href":"https:\/\/charluu.cz\/en\/wp-json\/wp\/v2\/pages"}],"about":[{"href":"https:\/\/charluu.cz\/en\/wp-json\/wp\/v2\/types\/page"}],"author":[{"embeddable":true,"href":"https:\/\/charluu.cz\/en\/wp-json\/wp\/v2\/users\/4"}],"replies":[{"embeddable":true,"href":"https:\/\/charluu.cz\/en\/wp-json\/wp\/v2\/comments?post=3148"}],"version-history":[{"count":7,"href":"https:\/\/charluu.cz\/en\/wp-json\/wp\/v2\/pages\/3148\/revisions"}],"predecessor-version":[{"id":3168,"href":"https:\/\/charluu.cz\/en\/wp-json\/wp\/v2\/pages\/3148\/revisions\/3168"}],"wp:attachment":[{"href":"https:\/\/charluu.cz\/en\/wp-json\/wp\/v2\/media?parent=3148"}],"curies":[{"name":"wp","href":"https:\/\/api.w.org\/{rel}","templated":true}]}}