{"id":3142,"date":"2024-05-25T14:18:18","date_gmt":"2024-05-25T14:18:18","guid":{"rendered":"https:\/\/charluu.cz\/?page_id=3142"},"modified":"2024-05-25T14:35:38","modified_gmt":"2024-05-25T14:35:38","slug":"obchodni-podminky","status":"publish","type":"page","link":"https:\/\/charluu.cz\/en\/obchodni-podminky\/","title":{"rendered":"Terms and Conditions"},"content":{"rendered":"<div data-elementor-type=\"wp-page\" data-elementor-id=\"3142\" class=\"elementor elementor-3142\" data-elementor-post-type=\"page\">\n\t\t\t\t<div class=\"elementor-element elementor-element-aa8ee8d e-flex e-con-boxed e-con e-parent\" data-id=\"aa8ee8d\" data-element_type=\"container\" data-e-type=\"container\">\n\t\t\t\t\t<div class=\"e-con-inner\">\n\t\t\t\t<div class=\"elementor-element elementor-element-5bf07d7 elementor-widget elementor-widget-heading\" data-id=\"5bf07d7\" data-element_type=\"widget\" data-e-type=\"widget\" data-widget_type=\"heading.default\">\n\t\t\t\t<div class=\"elementor-widget-container\">\n\t\t\t\t\t<h1 class=\"elementor-heading-title elementor-size-default\">Terms and Conditions<\/h1>\t\t\t\t<\/div>\n\t\t\t\t<\/div>\n\t\t\t\t\t<\/div>\n\t\t\t\t<\/div>\n\t\t<div class=\"elementor-element elementor-element-ddd5a1e e-flex e-con-boxed e-con e-parent\" data-id=\"ddd5a1e\" data-element_type=\"container\" data-e-type=\"container\">\n\t\t\t\t\t<div class=\"e-con-inner\">\n\t\t\t\t<div class=\"elementor-element elementor-element-efba8aa elementor-widget elementor-widget-text-editor\" data-id=\"efba8aa\" data-element_type=\"widget\" data-e-type=\"widget\" data-widget_type=\"text-editor.default\">\n\t\t\t\t<div class=\"elementor-widget-container\">\n\t\t\t\t\t\t\t\t\t<p><b>I. \u00davodn\u00ed ustanoven\u00ed<\/b><\/p><ol><li>Tyto podm\u00ednky ochrany osobn\u00edch \u00fadaj\u016f (d\u00e1le jen &#8222;podm\u00ednky&#8220;) upravuj\u00ed zp\u016fsob zpracov\u00e1n\u00ed osobn\u00edch \u00fadaj\u016f ze strany prod\u00e1vaj\u00edc\u00edho Lucie Jel\u00ednkov\u00e1, I\u010c: 02397889, fyzick\u00e1 osoba podnikaj\u00edc\u00ed dle \u017eivnostensk\u00e9ho z\u00e1kona, se s\u00eddlem Koulova 1598\/14, Praha 6 (d\u00e1le jen &#8222;prod\u00e1vaj\u00edc\u00ed&#8220;), v souvislosti s provozem e-shopu na webov\u00e9 str\u00e1nce <a href=\"https:\/\/charluu.cz\/en\/\">www.charluu.cz<\/a> (d\u00e1le jen &#8222;e-shop&#8220;).<\/li><li>Prod\u00e1vaj\u00edc\u00ed je spr\u00e1vcem osobn\u00edch \u00fadaj\u016f ve smyslu Na\u0159\u00edzen\u00ed Evropsk\u00e9ho parlamentu a Rady (EU) 2016\/679 (d\u00e1le jen &#8222;GDPR&#8220;).<\/li><\/ol><p>\u00a0<\/p><p><b>II. Zpracov\u00e1van\u00e9 osobn\u00ed \u00fadaje<\/b><\/p><ol><li>Prod\u00e1vaj\u00edc\u00ed zpracov\u00e1v\u00e1 n\u00e1sleduj\u00edc\u00ed osobn\u00ed \u00fadaje kupuj\u00edc\u00edch:<ul><li>Jm\u00e9no a p\u0159\u00edjmen\u00ed<\/li><li>Adresa (dodac\u00ed a faktura\u010dn\u00ed)<\/li><li>Emailov\u00e1 adresa<\/li><li>Telefonn\u00ed \u010d\u00edslo<\/li><li>Platebn\u00ed \u00fadaje<\/li><\/ul><\/li><li>Osobn\u00ed \u00fadaje jsou zpracov\u00e1v\u00e1ny za \u00fa\u010delem:<ul><li>Vy\u0159\u00edzen\u00ed objedn\u00e1vek a pln\u011bn\u00ed pr\u00e1v a povinnost\u00ed z kupn\u00ed smlouvy<\/li><li>Komunikace s kupuj\u00edc\u00edm<\/li><li>Zas\u00edl\u00e1n\u00ed obchodn\u00edch sd\u011blen\u00ed a nab\u00eddek, pokud kupuj\u00edc\u00ed ud\u011blil souhlas<\/li><\/ul><\/li><\/ol><p>\u00a0<\/p><p><b>III. Pr\u00e1vn\u00ed z\u00e1klad zpracov\u00e1n\u00ed<\/b><\/p><ol><li>Osobn\u00ed \u00fadaje jsou zpracov\u00e1v\u00e1ny na z\u00e1klad\u011b n\u00e1sleduj\u00edc\u00edch pr\u00e1vn\u00edch titul\u016f:<ul><li>Pln\u011bn\u00ed smlouvy (\u010dl. 6 odst. 1 p\u00edsm. b) GDPR)<\/li><li>Pln\u011bn\u00ed pr\u00e1vn\u00edch povinnost\u00ed (\u010dl. 6 odst. 1 p\u00edsm. c) GDPR)<\/li><li>Souhlas se zpracov\u00e1n\u00edm osobn\u00edch \u00fadaj\u016f pro marketingov\u00e9 \u00fa\u010dely (\u010dl. 6 odst. 1 p\u00edsm. a) GDPR)<\/li><\/ul><\/li><\/ol><p>\u00a0<\/p><p><b>IV. Doba uchov\u00e1v\u00e1n\u00ed osobn\u00edch \u00fadaj\u016f<\/b><\/p><ol><li>Osobn\u00ed \u00fadaje budou uchov\u00e1v\u00e1ny po dobu nezbytnou pro spln\u011bn\u00ed \u00fa\u010delu zpracov\u00e1n\u00ed:<ul><li>Po dobu trv\u00e1n\u00ed smluvn\u00edho vztahu a d\u00e1le po dobu 3 let pro p\u0159\u00edpadn\u00e9 uplatn\u011bn\u00ed n\u00e1rok\u016f z tohoto vztahu<\/li><li>Po dobu stanovenou p\u0159\u00edslu\u0161n\u00fdmi pr\u00e1vn\u00edmi p\u0159edpisy pro uchov\u00e1v\u00e1n\u00ed \u00fa\u010detn\u00edch a da\u0148ov\u00fdch doklad\u016f<\/li><li>Pro zas\u00edl\u00e1n\u00ed obchodn\u00edch sd\u011blen\u00ed po dobu trv\u00e1n\u00ed souhlasu kupuj\u00edc\u00edho<\/li><\/ul><\/li><\/ol><p>\u00a0<\/p><p><b>V. P\u0159\u00edjemci osobn\u00edch \u00fadaj\u016f<\/b><\/p><ol><li>Osobn\u00ed \u00fadaje mohou b\u00fdt p\u0159ed\u00e1ny n\u00e1sleduj\u00edc\u00edm p\u0159\u00edjemc\u016fm:<ul><li>Dopravn\u00edm spole\u010dnostem za \u00fa\u010delem doru\u010den\u00ed zbo\u017e\u00ed<\/li><li>Poskytovatel\u016fm platebn\u00edch slu\u017eeb za \u00fa\u010delem zpracov\u00e1n\u00ed plateb<\/li><li>Poskytovatel\u016fm IT slu\u017eeb a hostingu za \u00fa\u010delem provozu e-shopu<\/li><li>\u00da\u010detn\u00edm a da\u0148ov\u00fdm poradc\u016fm za \u00fa\u010delem pln\u011bn\u00ed pr\u00e1vn\u00edch povinnost\u00ed<\/li><\/ul><\/li><\/ol><p>\u00a0<\/p><p><b>VI. Pr\u00e1va kupuj\u00edc\u00edch<\/b><\/p><ol><li>Kupuj\u00edc\u00ed m\u00e1 v souvislosti se zpracov\u00e1n\u00edm osobn\u00edch \u00fadaj\u016f n\u00e1sleduj\u00edc\u00ed pr\u00e1va:<ul><li>Pr\u00e1vo na p\u0159\u00edstup k osobn\u00edm \u00fadaj\u016fm<\/li><li>Pr\u00e1vo na opravu nep\u0159esn\u00fdch nebo ne\u00fapln\u00fdch osobn\u00edch \u00fadaj\u016f<\/li><li>Pr\u00e1vo na v\u00fdmaz osobn\u00edch \u00fadaj\u016f, pokud nejsou ji\u017e pot\u0159ebn\u00e9 pro \u00fa\u010dely, pro kter\u00e9 byly shrom\u00e1\u017ed\u011bny nebo zpracov\u00e1ny<\/li><li>Pr\u00e1vo na omezen\u00ed zpracov\u00e1n\u00ed osobn\u00edch \u00fadaj\u016f<\/li><li>Pr\u00e1vo na p\u0159enositelnost osobn\u00edch \u00fadaj\u016f<\/li><li>Pr\u00e1vo vzn\u00e9st n\u00e1mitku proti zpracov\u00e1n\u00ed osobn\u00edch \u00fadaj\u016f<\/li><li>Pr\u00e1vo odvolat souhlas se zpracov\u00e1n\u00edm osobn\u00edch \u00fadaj\u016f pro marketingov\u00e9 \u00fa\u010dely<\/li><li>Pr\u00e1vo podat st\u00ed\u017enost u dozorov\u00e9ho \u00fa\u0159adu (\u00da\u0159ad pro ochranu osobn\u00edch \u00fadaj\u016f)<\/li><\/ul><\/li><\/ol><p>\u00a0<\/p><p><b>VII. Zabezpe\u010den\u00ed osobn\u00edch \u00fadaj\u016f<\/b><\/p><ol><li>Prod\u00e1vaj\u00edc\u00ed p\u0159ij\u00edm\u00e1 vhodn\u00e1 technick\u00e1 a organiza\u010dn\u00ed opat\u0159en\u00ed k zaji\u0161t\u011bn\u00ed bezpe\u010dnosti osobn\u00edch \u00fadaj\u016f a jejich ochrany p\u0159ed neopr\u00e1vn\u011bn\u00fdm nebo nez\u00e1konn\u00fdm zpracov\u00e1n\u00edm, ztr\u00e1tou, zni\u010den\u00edm nebo po\u0161kozen\u00edm.<\/li><\/ol><p>\u00a0<\/p><p><b>VIII. Z\u00e1v\u011bre\u010dn\u00e1 ustanoven\u00ed<\/b><\/p><ol><li>Tyto podm\u00ednky ochrany osobn\u00edch \u00fadaj\u016f jsou platn\u00e9 a \u00fa\u010dinn\u00e9 od 24.05.2023.<\/li><li>Prod\u00e1vaj\u00edc\u00ed si vyhrazuje pr\u00e1vo tyto podm\u00ednky m\u011bnit. Nov\u00e9 podm\u00ednky budou zve\u0159ejn\u011bny na webov\u00fdch str\u00e1nk\u00e1ch e-shopu a vstupuj\u00ed v platnost dnem jejich zve\u0159ejn\u011bn\u00ed.<\/li><\/ol>\t\t\t\t\t\t\t\t<\/div>\n\t\t\t\t<\/div>\n\t\t\t\t\t<\/div>\n\t\t\t\t<\/div>\n\t\t\t\t<\/div>","protected":false},"excerpt":{"rendered":"<p>Obchodn\u00ed podm\u00ednky I. \u00davodn\u00ed ustanoven\u00ed Tyto podm\u00ednky ochrany osobn\u00edch \u00fadaj\u016f (d\u00e1le jen &#8222;podm\u00ednky&#8220;) upravuj\u00ed zp\u016fsob zpracov\u00e1n\u00ed osobn\u00edch \u00fadaj\u016f ze strany prod\u00e1vaj\u00edc\u00edho Lucie Jel\u00ednkov\u00e1, I\u010c: 02397889, fyzick\u00e1 osoba podnikaj\u00edc\u00ed dle \u017eivnostensk\u00e9ho z\u00e1kona, se s\u00eddlem Koulova 1598\/14, Praha 6 (d\u00e1le jen &#8222;prod\u00e1vaj\u00edc\u00ed&#8220;), v souvislosti s provozem e-shopu na webov\u00e9 str\u00e1nce www.charluu.cz (d\u00e1le jen &#8222;e-shop&#8220;). Prod\u00e1vaj\u00edc\u00ed je spr\u00e1vcem [&hellip;]<\/p>\n","protected":false},"author":4,"featured_media":0,"parent":0,"menu_order":0,"comment_status":"closed","ping_status":"closed","template":"","meta":{"footnotes":""},"class_list":["post-3142","page","type-page","status-publish","hentry"],"yoast_head":"<!-- This site is optimized with the Yoast SEO plugin v27.0 - https:\/\/yoast.com\/product\/yoast-seo-wordpress\/ -->\n<title>Obchodn\u00ed podm\u00ednky - CHARLUU - handpainted stoneware dog bowl<\/title>\n<meta name=\"description\" content=\"Obchodn\u00ed podm\u00ednky Charluu.cz . Zjist\u011bte v\u00edce o podm\u00ednk\u00e1ch n\u00e1kupu, platb\u00e1ch, dod\u00e1n\u00ed a mo\u017enostech odstoupen\u00ed od smlouvy.\" \/>\n<meta name=\"robots\" content=\"index, follow, max-snippet:-1, max-image-preview:large, max-video-preview:-1\" \/>\n<link rel=\"canonical\" href=\"https:\/\/charluu.cz\/en\/obchodni-podminky\/\" \/>\n<meta property=\"og:locale\" content=\"en_US\" \/>\n<meta property=\"og:type\" content=\"article\" \/>\n<meta property=\"og:title\" content=\"Obchodn\u00ed podm\u00ednky - CHARLUU - handpainted stoneware dog bowl\" \/>\n<meta property=\"og:description\" content=\"Obchodn\u00ed podm\u00ednky Charluu.cz . Zjist\u011bte v\u00edce o podm\u00ednk\u00e1ch n\u00e1kupu, platb\u00e1ch, dod\u00e1n\u00ed a mo\u017enostech odstoupen\u00ed od smlouvy.\" \/>\n<meta property=\"og:url\" content=\"https:\/\/charluu.cz\/en\/obchodni-podminky\/\" \/>\n<meta property=\"og:site_name\" content=\"CHARLUU - handpainted stoneware dog bowl\" \/>\n<meta property=\"article:modified_time\" content=\"2024-05-25T14:35:38+00:00\" \/>\n<meta name=\"twitter:card\" content=\"summary_large_image\" \/>\n<meta name=\"twitter:label1\" content=\"Est. reading time\" \/>\n\t<meta name=\"twitter:data1\" content=\"3 minutes\" \/>\n<script type=\"application\/ld+json\" class=\"yoast-schema-graph\">{\"@context\":\"https:\/\/schema.org\",\"@graph\":[{\"@type\":\"WebPage\",\"@id\":\"https:\/\/charluu.cz\/obchodni-podminky\/\",\"url\":\"https:\/\/charluu.cz\/obchodni-podminky\/\",\"name\":\"Obchodn\u00ed podm\u00ednky - CHARLUU - handpainted stoneware dog bowl\",\"isPartOf\":{\"@id\":\"https:\/\/charluu.cz\/#website\"},\"datePublished\":\"2024-05-25T14:18:18+00:00\",\"dateModified\":\"2024-05-25T14:35:38+00:00\",\"description\":\"Obchodn\u00ed podm\u00ednky Charluu.cz . Zjist\u011bte v\u00edce o podm\u00ednk\u00e1ch n\u00e1kupu, platb\u00e1ch, dod\u00e1n\u00ed a mo\u017enostech odstoupen\u00ed od smlouvy.\",\"breadcrumb\":{\"@id\":\"https:\/\/charluu.cz\/obchodni-podminky\/#breadcrumb\"},\"inLanguage\":\"en-US\",\"potentialAction\":[{\"@type\":\"ReadAction\",\"target\":[\"https:\/\/charluu.cz\/obchodni-podminky\/\"]}]},{\"@type\":\"BreadcrumbList\",\"@id\":\"https:\/\/charluu.cz\/obchodni-podminky\/#breadcrumb\",\"itemListElement\":[{\"@type\":\"ListItem\",\"position\":1,\"name\":\"Home\",\"item\":\"https:\/\/charluu.cz\/\"},{\"@type\":\"ListItem\",\"position\":2,\"name\":\"Obchodn\u00ed podm\u00ednky\"}]},{\"@type\":\"WebSite\",\"@id\":\"https:\/\/charluu.cz\/#website\",\"url\":\"https:\/\/charluu.cz\/\",\"name\":\"CHARLUU - handpainted stoneware dog bowl\",\"description\":\"Vstupte do sv\u011bta ru\u010dn\u011b malovan\u00fdch kameninov\u00fdch misek pro psy\",\"publisher\":{\"@id\":\"https:\/\/charluu.cz\/#organization\"},\"potentialAction\":[{\"@type\":\"SearchAction\",\"target\":{\"@type\":\"EntryPoint\",\"urlTemplate\":\"https:\/\/charluu.cz\/?s={search_term_string}\"},\"query-input\":{\"@type\":\"PropertyValueSpecification\",\"valueRequired\":true,\"valueName\":\"search_term_string\"}}],\"inLanguage\":\"en-US\"},{\"@type\":\"Organization\",\"@id\":\"https:\/\/charluu.cz\/#organization\",\"name\":\"CHARLUU - handpainted stoneware dog bowl\",\"url\":\"https:\/\/charluu.cz\/\",\"logo\":{\"@type\":\"ImageObject\",\"inLanguage\":\"en-US\",\"@id\":\"https:\/\/charluu.cz\/#\/schema\/logo\/image\/\",\"url\":\"https:\/\/charluu.cz\/wp-content\/uploads\/2022\/09\/logo-hlavicka.svg\",\"contentUrl\":\"https:\/\/charluu.cz\/wp-content\/uploads\/2022\/09\/logo-hlavicka.svg\",\"width\":149,\"height\":116,\"caption\":\"CHARLUU - handpainted stoneware dog bowl\"},\"image\":{\"@id\":\"https:\/\/charluu.cz\/#\/schema\/logo\/image\/\"}}]}<\/script>\n<!-- \/ Yoast SEO plugin. -->","yoast_head_json":{"title":"Obchodn\u00ed podm\u00ednky - CHARLUU - handpainted stoneware dog bowl","description":"Obchodn\u00ed podm\u00ednky Charluu.cz . Zjist\u011bte v\u00edce o podm\u00ednk\u00e1ch n\u00e1kupu, platb\u00e1ch, dod\u00e1n\u00ed a mo\u017enostech odstoupen\u00ed od smlouvy.","robots":{"index":"index","follow":"follow","max-snippet":"max-snippet:-1","max-image-preview":"max-image-preview:large","max-video-preview":"max-video-preview:-1"},"canonical":"https:\/\/charluu.cz\/en\/obchodni-podminky\/","og_locale":"en_US","og_type":"article","og_title":"Obchodn\u00ed podm\u00ednky - CHARLUU - handpainted stoneware dog bowl","og_description":"Obchodn\u00ed podm\u00ednky Charluu.cz . Zjist\u011bte v\u00edce o podm\u00ednk\u00e1ch n\u00e1kupu, platb\u00e1ch, dod\u00e1n\u00ed a mo\u017enostech odstoupen\u00ed od smlouvy.","og_url":"https:\/\/charluu.cz\/en\/obchodni-podminky\/","og_site_name":"CHARLUU - handpainted stoneware dog bowl","article_modified_time":"2024-05-25T14:35:38+00:00","twitter_card":"summary_large_image","twitter_misc":{"Est. reading time":"3 minutes"},"schema":{"@context":"https:\/\/schema.org","@graph":[{"@type":"WebPage","@id":"https:\/\/charluu.cz\/obchodni-podminky\/","url":"https:\/\/charluu.cz\/obchodni-podminky\/","name":"Obchodn\u00ed podm\u00ednky - CHARLUU - handpainted stoneware dog bowl","isPartOf":{"@id":"https:\/\/charluu.cz\/#website"},"datePublished":"2024-05-25T14:18:18+00:00","dateModified":"2024-05-25T14:35:38+00:00","description":"Obchodn\u00ed podm\u00ednky Charluu.cz . Zjist\u011bte v\u00edce o podm\u00ednk\u00e1ch n\u00e1kupu, platb\u00e1ch, dod\u00e1n\u00ed a mo\u017enostech odstoupen\u00ed od smlouvy.","breadcrumb":{"@id":"https:\/\/charluu.cz\/obchodni-podminky\/#breadcrumb"},"inLanguage":"en-US","potentialAction":[{"@type":"ReadAction","target":["https:\/\/charluu.cz\/obchodni-podminky\/"]}]},{"@type":"BreadcrumbList","@id":"https:\/\/charluu.cz\/obchodni-podminky\/#breadcrumb","itemListElement":[{"@type":"ListItem","position":1,"name":"Home","item":"https:\/\/charluu.cz\/"},{"@type":"ListItem","position":2,"name":"Obchodn\u00ed podm\u00ednky"}]},{"@type":"WebSite","@id":"https:\/\/charluu.cz\/#website","url":"https:\/\/charluu.cz\/","name":"CHARLUU - handpainted stoneware dog bowl","description":"Vstupte do sv\u011bta ru\u010dn\u011b malovan\u00fdch kameninov\u00fdch misek pro psy","publisher":{"@id":"https:\/\/charluu.cz\/#organization"},"potentialAction":[{"@type":"SearchAction","target":{"@type":"EntryPoint","urlTemplate":"https:\/\/charluu.cz\/?s={search_term_string}"},"query-input":{"@type":"PropertyValueSpecification","valueRequired":true,"valueName":"search_term_string"}}],"inLanguage":"en-US"},{"@type":"Organization","@id":"https:\/\/charluu.cz\/#organization","name":"CHARLUU - handpainted stoneware dog bowl","url":"https:\/\/charluu.cz\/","logo":{"@type":"ImageObject","inLanguage":"en-US","@id":"https:\/\/charluu.cz\/#\/schema\/logo\/image\/","url":"https:\/\/charluu.cz\/wp-content\/uploads\/2022\/09\/logo-hlavicka.svg","contentUrl":"https:\/\/charluu.cz\/wp-content\/uploads\/2022\/09\/logo-hlavicka.svg","width":149,"height":116,"caption":"CHARLUU - handpainted stoneware dog bowl"},"image":{"@id":"https:\/\/charluu.cz\/#\/schema\/logo\/image\/"}}]}},"_links":{"self":[{"href":"https:\/\/charluu.cz\/en\/wp-json\/wp\/v2\/pages\/3142","targetHints":{"allow":["GET"]}}],"collection":[{"href":"https:\/\/charluu.cz\/en\/wp-json\/wp\/v2\/pages"}],"about":[{"href":"https:\/\/charluu.cz\/en\/wp-json\/wp\/v2\/types\/page"}],"author":[{"embeddable":true,"href":"https:\/\/charluu.cz\/en\/wp-json\/wp\/v2\/users\/4"}],"replies":[{"embeddable":true,"href":"https:\/\/charluu.cz\/en\/wp-json\/wp\/v2\/comments?post=3142"}],"version-history":[{"count":16,"href":"https:\/\/charluu.cz\/en\/wp-json\/wp\/v2\/pages\/3142\/revisions"}],"predecessor-version":[{"id":3162,"href":"https:\/\/charluu.cz\/en\/wp-json\/wp\/v2\/pages\/3142\/revisions\/3162"}],"wp:attachment":[{"href":"https:\/\/charluu.cz\/en\/wp-json\/wp\/v2\/media?parent=3142"}],"curies":[{"name":"wp","href":"https:\/\/api.w.org\/{rel}","templated":true}]}}